{"id":11922,"date":"2024-02-08T08:41:48","date_gmt":"2024-02-08T08:41:48","guid":{"rendered":"http:\/\/192.168.0.134:10115\/?page_id=11922"},"modified":"2024-11-28T17:07:50","modified_gmt":"2024-11-28T16:07:50","slug":"nos-realisation","status":"publish","type":"page","link":"http:\/\/207.244.241.76\/index.php\/nos-realisation\/","title":{"rendered":"Nos r\u00e9alisation"},"content":{"rendered":"\t\t<div data-elementor-type=\"wp-page\" data-elementor-id=\"11922\" class=\"elementor elementor-11922\">\n\t\t\t\t\r\n\t\t<div class=\"default no-position show_shadow rs-sticky-default elementor-element elementor-element-1d314db e-flex e-con-boxed e-con e-parent\" data-id=\"1d314db\" data-element_type=\"container\">\n\t\t\t\t\t<div class=\"e-con-inner\">\n\t\t\r\n\t\t\t\t<div class=\"elementor-element elementor-element-5acb768 elementor-widget elementor-widget-heading\" data-id=\"5acb768\" data-element_type=\"widget\" data-widget_type=\"heading.default\">\n\t\t\t\t<div class=\"elementor-widget-container\">\n\t\t\t<h3 class=\"elementor-heading-title elementor-size-default\">Les r\u00e9alisations de la SNH<\/h3>\t\t<\/div>\n\t\t\t\t<\/div>\n\t\t\t\t\t<\/div>\n\t\t\t\t<\/div>\n\t\t\r\n\t\t<div class=\"default no-position show_shadow rs-sticky-default elementor-element elementor-element-9a94def e-flex e-con-boxed e-con e-parent\" data-id=\"9a94def\" data-element_type=\"container\">\n\t\t\t\t\t<div class=\"e-con-inner\">\n\t\t\r\n\t\t\t\t<div class=\"elementor-element elementor-element-a31d7da elementor-widget elementor-widget-rsportfolio\" data-id=\"a31d7da\" data-element_type=\"widget\" data-widget_type=\"rsportfolio.default\">\n\t\t\t\t<div class=\"elementor-widget-container\">\n\t\t\t\t\t<div class=\"rs-portfolio-style4 rsaddon_pro_box\">\n\t\t\t<div class=\"row\">\n\t\t\t\t\t<div class=\"col-lg-3 col-md-4 col-xs-1 grid-item col-sm-12\">\r\n\t\t<div class=\"portfolio-item content-overlay rsportfolio-grid-style4\">\r\n\t\t\t\t\t\t\t<a href=\"http:\/\/207.244.241.76\/index.php\/portfolios\/le-pipeline-tchad-cameroun\/\">\r\n\t\t\t\t\t<div class=\"portfolio-img\">\r\n\t\t\t\t\t\t\t\t\t\t\t\t\t<img fetchpriority=\"high\" decoding=\"async\" width=\"666\" height=\"450\" src=\"https:\/\/i0.wp.com\/207.244.241.76\/wp-content\/uploads\/2024\/11\/Construction-du-PipeLine-2002-.jpg?resize=666%2C450\" class=\"attachment-industrie_portfolio-slider size-industrie_portfolio-slider wp-post-image\" alt=\"\" srcset=\"https:\/\/i0.wp.com\/207.244.241.76\/wp-content\/uploads\/2024\/11\/Construction-du-PipeLine-2002-.jpg?resize=666%2C450 666w, https:\/\/i0.wp.com\/207.244.241.76\/wp-content\/uploads\/2024\/11\/Construction-du-PipeLine-2002-.jpg?zoom=2&amp;resize=666%2C450 1332w\" sizes=\"(max-width: 640px) 100vw, 640px\" \/>\t\t\t\t\t\t\t\t\t\t\t<\/div>\r\n\t\t\t\t<\/a>\r\n\t\t\t\r\n\t\t\t<div class=\"portfolio-details\">\r\n\t\t\t\t\t\t\t\t<div class=\"portfolio-title-cat\">\r\n\t\t\t\t\t\t\t\t\t\t\t\r\n\t\t\t\t\t\t<h4 class=\"p-title\">\r\n\t\t\t\t\t\t\t<a href=\"http:\/\/207.244.241.76\/index.php\/portfolios\/le-pipeline-tchad-cameroun\/\">\r\n\t\t\t\t\t\t\t\tLe pipeline Tchad\/Cameroun\t\t\t\t\t\t\t<\/a>\r\n\t\t\t\t\t\t<\/h4>\r\n\t\t\t\t\t\t\r\n\t\t\t\t\t\t\t\t\t\t<p class=\"p-category\"> <a href=\"http:\/\/207.244.241.76\/index.php\/portfolio-category\/realisations\/\" rel=\"tag\">R\u00e9alisations<\/a><\/p>\r\n\t\t\t\t<\/div>\r\n\t\t\t\t\t\t\t\t\t<div class=\"p-icon\">\r\n\t\t\t\t\t\t<a href=\"http:\/\/207.244.241.76\/index.php\/portfolios\/le-pipeline-tchad-cameroun\/\" class=\"prs_btn\">\r\n\t\t\t\t\t\t\tLire la suite\t\t\t\t\t\t\t<em>\r\n\t\t\t\t\t\t\t\t\t\t\t\t\t\t\t\t\t<svg xmlns=\"http:\/\/www.w3.org\/2000\/svg\" width=\"12\" height=\"10\" viewBox=\"0 0 12 10\" fill=\"none\"><path fill-rule=\"evenodd\" clip-rule=\"evenodd\" d=\"M0 5C0 4.60551 0.319797 4.28571 0.714286 4.28571L8.98985 4.28571L5.92349 1.21936C5.64455 0.940417 5.64455 0.488155 5.92349 0.209209C6.20244 -0.0697365 6.6547 -0.0697365 6.93365 0.209209L11.2194 4.49492C11.4983 4.77387 11.4983 5.22613 11.2194 5.50508L6.93365 9.79079C6.6547 10.0697 6.20244 10.0697 5.92349 9.79079C5.64455 9.51184 5.64455 9.05958 5.92349 8.78064L8.98985 5.71429L0.714286 5.71429C0.319797 5.71429 0 5.39449 0 5Z\" fill=\"#1F1F1F\"><\/path><\/svg>\t\t\t\t\t\t\t\t\t\t\t\t\t\t\t\t\t\t\t\t\t\t\t\t\t<svg xmlns=\"http:\/\/www.w3.org\/2000\/svg\" width=\"12\" height=\"10\" viewBox=\"0 0 12 10\" fill=\"none\"><path fill-rule=\"evenodd\" clip-rule=\"evenodd\" d=\"M0 5C0 4.60551 0.319797 4.28571 0.714286 4.28571L8.98985 4.28571L5.92349 1.21936C5.64455 0.940417 5.64455 0.488155 5.92349 0.209209C6.20244 -0.0697365 6.6547 -0.0697365 6.93365 0.209209L11.2194 4.49492C11.4983 4.77387 11.4983 5.22613 11.2194 5.50508L6.93365 9.79079C6.6547 10.0697 6.20244 10.0697 5.92349 9.79079C5.64455 9.51184 5.64455 9.05958 5.92349 8.78064L8.98985 5.71429L0.714286 5.71429C0.319797 5.71429 0 5.39449 0 5Z\" fill=\"#1F1F1F\"><\/path><\/svg>\t\t\t\t\t\t\t\t\t\t\t\t\t\t\t<\/em>\r\n\t\t\t\t\t\t<\/a>\r\n\t\t\t\t\t<\/div>\r\n\t\t\t\t\t\t\t<\/div>\r\n\t\t<\/div>\r\n\t<\/div>\r\n\t<div class=\"col-lg-3 col-md-4 col-xs-1 grid-item col-sm-12\">\r\n\t\t<div class=\"portfolio-item content-overlay rsportfolio-grid-style4\">\r\n\t\t\t\t\t\t\t<a href=\"http:\/\/207.244.241.76\/index.php\/portfolios\/du-gaz-pour-la-production-de-carreaux-en-ceramique\/\">\r\n\t\t\t\t\t<div class=\"portfolio-img\">\r\n\t\t\t\t\t\t\t\t\t\t\t\t\t<img decoding=\"async\" width=\"666\" height=\"450\" src=\"https:\/\/i0.wp.com\/207.244.241.76\/wp-content\/uploads\/2024\/11\/Keda-1.jpg?resize=666%2C450\" class=\"attachment-industrie_portfolio-slider size-industrie_portfolio-slider wp-post-image\" alt=\"\" \/>\t\t\t\t\t\t\t\t\t\t\t<\/div>\r\n\t\t\t\t<\/a>\r\n\t\t\t\r\n\t\t\t<div class=\"portfolio-details\">\r\n\t\t\t\t\t\t\t\t<div class=\"portfolio-title-cat\">\r\n\t\t\t\t\t\t\t\t\t\t\t\r\n\t\t\t\t\t\t<h4 class=\"p-title\">\r\n\t\t\t\t\t\t\t<a href=\"http:\/\/207.244.241.76\/index.php\/portfolios\/du-gaz-pour-la-production-de-carreaux-en-ceramique\/\">\r\n\t\t\t\t\t\t\t\tDu gaz pour la production de carreaux en c\u00e9ramique\t\t\t\t\t\t\t<\/a>\r\n\t\t\t\t\t\t<\/h4>\r\n\t\t\t\t\t\t\r\n\t\t\t\t\t\t\t\t\t\t<p class=\"p-category\"> <a href=\"http:\/\/207.244.241.76\/index.php\/portfolio-category\/realisations\/\" rel=\"tag\">R\u00e9alisations<\/a><\/p>\r\n\t\t\t\t<\/div>\r\n\t\t\t\t\t\t\t\t\t<div class=\"p-icon\">\r\n\t\t\t\t\t\t<a href=\"http:\/\/207.244.241.76\/index.php\/portfolios\/du-gaz-pour-la-production-de-carreaux-en-ceramique\/\" class=\"prs_btn\">\r\n\t\t\t\t\t\t\tLire la suite\t\t\t\t\t\t\t<em>\r\n\t\t\t\t\t\t\t\t\t\t\t\t\t\t\t\t\t<svg xmlns=\"http:\/\/www.w3.org\/2000\/svg\" width=\"12\" height=\"10\" viewBox=\"0 0 12 10\" fill=\"none\"><path fill-rule=\"evenodd\" clip-rule=\"evenodd\" d=\"M0 5C0 4.60551 0.319797 4.28571 0.714286 4.28571L8.98985 4.28571L5.92349 1.21936C5.64455 0.940417 5.64455 0.488155 5.92349 0.209209C6.20244 -0.0697365 6.6547 -0.0697365 6.93365 0.209209L11.2194 4.49492C11.4983 4.77387 11.4983 5.22613 11.2194 5.50508L6.93365 9.79079C6.6547 10.0697 6.20244 10.0697 5.92349 9.79079C5.64455 9.51184 5.64455 9.05958 5.92349 8.78064L8.98985 5.71429L0.714286 5.71429C0.319797 5.71429 0 5.39449 0 5Z\" fill=\"#1F1F1F\"><\/path><\/svg>\t\t\t\t\t\t\t\t\t\t\t\t\t\t\t\t\t\t\t\t\t\t\t\t\t<svg xmlns=\"http:\/\/www.w3.org\/2000\/svg\" width=\"12\" height=\"10\" viewBox=\"0 0 12 10\" fill=\"none\"><path fill-rule=\"evenodd\" clip-rule=\"evenodd\" d=\"M0 5C0 4.60551 0.319797 4.28571 0.714286 4.28571L8.98985 4.28571L5.92349 1.21936C5.64455 0.940417 5.64455 0.488155 5.92349 0.209209C6.20244 -0.0697365 6.6547 -0.0697365 6.93365 0.209209L11.2194 4.49492C11.4983 4.77387 11.4983 5.22613 11.2194 5.50508L6.93365 9.79079C6.6547 10.0697 6.20244 10.0697 5.92349 9.79079C5.64455 9.51184 5.64455 9.05958 5.92349 8.78064L8.98985 5.71429L0.714286 5.71429C0.319797 5.71429 0 5.39449 0 5Z\" fill=\"#1F1F1F\"><\/path><\/svg>\t\t\t\t\t\t\t\t\t\t\t\t\t\t\t<\/em>\r\n\t\t\t\t\t\t<\/a>\r\n\t\t\t\t\t<\/div>\r\n\t\t\t\t\t\t\t<\/div>\r\n\t\t<\/div>\r\n\t<\/div>\r\n\t<div class=\"col-lg-3 col-md-4 col-xs-1 grid-item col-sm-12\">\r\n\t\t<div class=\"portfolio-item content-overlay rsportfolio-grid-style4\">\r\n\t\t\t\t\t\t\t<a href=\"http:\/\/207.244.241.76\/index.php\/portfolios\/approvisionnement-en-gaz-de-la-centrale-thermique-de-kribi\/\">\r\n\t\t\t\t\t<div class=\"portfolio-img\">\r\n\t\t\t\t\t\t\t\t\t\t\t\t\t<img decoding=\"async\" width=\"666\" height=\"450\" src=\"https:\/\/i0.wp.com\/207.244.241.76\/wp-content\/uploads\/2024\/11\/gaz.jpg?resize=666%2C450\" class=\"attachment-industrie_portfolio-slider size-industrie_portfolio-slider wp-post-image\" alt=\"\" \/>\t\t\t\t\t\t\t\t\t\t\t<\/div>\r\n\t\t\t\t<\/a>\r\n\t\t\t\r\n\t\t\t<div class=\"portfolio-details\">\r\n\t\t\t\t\t\t\t\t<div class=\"portfolio-title-cat\">\r\n\t\t\t\t\t\t\t\t\t\t\t\r\n\t\t\t\t\t\t<h4 class=\"p-title\">\r\n\t\t\t\t\t\t\t<a href=\"http:\/\/207.244.241.76\/index.php\/portfolios\/approvisionnement-en-gaz-de-la-centrale-thermique-de-kribi\/\">\r\n\t\t\t\t\t\t\t\tApprovisionnement en gaz de la centrale thermique de Kribi\t\t\t\t\t\t\t<\/a>\r\n\t\t\t\t\t\t<\/h4>\r\n\t\t\t\t\t\t\r\n\t\t\t\t\t\t\t\t\t\t<p class=\"p-category\"> <a href=\"http:\/\/207.244.241.76\/index.php\/portfolio-category\/realisations\/\" rel=\"tag\">R\u00e9alisations<\/a><\/p>\r\n\t\t\t\t<\/div>\r\n\t\t\t\t\t\t\t\t\t<div class=\"p-icon\">\r\n\t\t\t\t\t\t<a href=\"http:\/\/207.244.241.76\/index.php\/portfolios\/approvisionnement-en-gaz-de-la-centrale-thermique-de-kribi\/\" class=\"prs_btn\">\r\n\t\t\t\t\t\t\tLire la suite\t\t\t\t\t\t\t<em>\r\n\t\t\t\t\t\t\t\t\t\t\t\t\t\t\t\t\t<svg xmlns=\"http:\/\/www.w3.org\/2000\/svg\" width=\"12\" height=\"10\" viewBox=\"0 0 12 10\" fill=\"none\"><path fill-rule=\"evenodd\" clip-rule=\"evenodd\" d=\"M0 5C0 4.60551 0.319797 4.28571 0.714286 4.28571L8.98985 4.28571L5.92349 1.21936C5.64455 0.940417 5.64455 0.488155 5.92349 0.209209C6.20244 -0.0697365 6.6547 -0.0697365 6.93365 0.209209L11.2194 4.49492C11.4983 4.77387 11.4983 5.22613 11.2194 5.50508L6.93365 9.79079C6.6547 10.0697 6.20244 10.0697 5.92349 9.79079C5.64455 9.51184 5.64455 9.05958 5.92349 8.78064L8.98985 5.71429L0.714286 5.71429C0.319797 5.71429 0 5.39449 0 5Z\" fill=\"#1F1F1F\"><\/path><\/svg>\t\t\t\t\t\t\t\t\t\t\t\t\t\t\t\t\t\t\t\t\t\t\t\t\t<svg xmlns=\"http:\/\/www.w3.org\/2000\/svg\" width=\"12\" height=\"10\" viewBox=\"0 0 12 10\" fill=\"none\"><path fill-rule=\"evenodd\" clip-rule=\"evenodd\" d=\"M0 5C0 4.60551 0.319797 4.28571 0.714286 4.28571L8.98985 4.28571L5.92349 1.21936C5.64455 0.940417 5.64455 0.488155 5.92349 0.209209C6.20244 -0.0697365 6.6547 -0.0697365 6.93365 0.209209L11.2194 4.49492C11.4983 4.77387 11.4983 5.22613 11.2194 5.50508L6.93365 9.79079C6.6547 10.0697 6.20244 10.0697 5.92349 9.79079C5.64455 9.51184 5.64455 9.05958 5.92349 8.78064L8.98985 5.71429L0.714286 5.71429C0.319797 5.71429 0 5.39449 0 5Z\" fill=\"#1F1F1F\"><\/path><\/svg>\t\t\t\t\t\t\t\t\t\t\t\t\t\t\t<\/em>\r\n\t\t\t\t\t\t<\/a>\r\n\t\t\t\t\t<\/div>\r\n\t\t\t\t\t\t\t<\/div>\r\n\t\t<\/div>\r\n\t<\/div>\r\n\t<div class=\"col-lg-3 col-md-4 col-xs-1 grid-item col-sm-12\">\r\n\t\t<div class=\"portfolio-item content-overlay rsportfolio-grid-style4\">\r\n\t\t\t\t\t\t\t<a href=\"http:\/\/207.244.241.76\/index.php\/portfolios\/fourniture-de-gaz-aux-societes-industrielles-de-douala\/\">\r\n\t\t\t\t\t<div class=\"portfolio-img\">\r\n\t\t\t\t\t\t\t\t\t\t\t\t\t<img loading=\"lazy\" decoding=\"async\" width=\"666\" height=\"450\" src=\"https:\/\/i0.wp.com\/207.244.241.76\/wp-content\/uploads\/2024\/11\/pipe.jpg?resize=666%2C450\" class=\"attachment-industrie_portfolio-slider size-industrie_portfolio-slider wp-post-image\" alt=\"\" \/>\t\t\t\t\t\t\t\t\t\t\t<\/div>\r\n\t\t\t\t<\/a>\r\n\t\t\t\r\n\t\t\t<div class=\"portfolio-details\">\r\n\t\t\t\t\t\t\t\t<div class=\"portfolio-title-cat\">\r\n\t\t\t\t\t\t\t\t\t\t\t\r\n\t\t\t\t\t\t<h4 class=\"p-title\">\r\n\t\t\t\t\t\t\t<a href=\"http:\/\/207.244.241.76\/index.php\/portfolios\/fourniture-de-gaz-aux-societes-industrielles-de-douala\/\">\r\n\t\t\t\t\t\t\t\tFourniture de gaz aux soci\u00e9t\u00e9s industrielles de Douala\t\t\t\t\t\t\t<\/a>\r\n\t\t\t\t\t\t<\/h4>\r\n\t\t\t\t\t\t\r\n\t\t\t\t\t\t\t\t\t\t<p class=\"p-category\"> <a href=\"http:\/\/207.244.241.76\/index.php\/portfolio-category\/realisations\/\" rel=\"tag\">R\u00e9alisations<\/a><\/p>\r\n\t\t\t\t<\/div>\r\n\t\t\t\t\t\t\t\t\t<div class=\"p-icon\">\r\n\t\t\t\t\t\t<a href=\"http:\/\/207.244.241.76\/index.php\/portfolios\/fourniture-de-gaz-aux-societes-industrielles-de-douala\/\" class=\"prs_btn\">\r\n\t\t\t\t\t\t\tLire la suite\t\t\t\t\t\t\t<em>\r\n\t\t\t\t\t\t\t\t\t\t\t\t\t\t\t\t\t<svg xmlns=\"http:\/\/www.w3.org\/2000\/svg\" width=\"12\" height=\"10\" viewBox=\"0 0 12 10\" fill=\"none\"><path fill-rule=\"evenodd\" clip-rule=\"evenodd\" d=\"M0 5C0 4.60551 0.319797 4.28571 0.714286 4.28571L8.98985 4.28571L5.92349 1.21936C5.64455 0.940417 5.64455 0.488155 5.92349 0.209209C6.20244 -0.0697365 6.6547 -0.0697365 6.93365 0.209209L11.2194 4.49492C11.4983 4.77387 11.4983 5.22613 11.2194 5.50508L6.93365 9.79079C6.6547 10.0697 6.20244 10.0697 5.92349 9.79079C5.64455 9.51184 5.64455 9.05958 5.92349 8.78064L8.98985 5.71429L0.714286 5.71429C0.319797 5.71429 0 5.39449 0 5Z\" fill=\"#1F1F1F\"><\/path><\/svg>\t\t\t\t\t\t\t\t\t\t\t\t\t\t\t\t\t\t\t\t\t\t\t\t\t<svg xmlns=\"http:\/\/www.w3.org\/2000\/svg\" width=\"12\" height=\"10\" viewBox=\"0 0 12 10\" fill=\"none\"><path fill-rule=\"evenodd\" clip-rule=\"evenodd\" d=\"M0 5C0 4.60551 0.319797 4.28571 0.714286 4.28571L8.98985 4.28571L5.92349 1.21936C5.64455 0.940417 5.64455 0.488155 5.92349 0.209209C6.20244 -0.0697365 6.6547 -0.0697365 6.93365 0.209209L11.2194 4.49492C11.4983 4.77387 11.4983 5.22613 11.2194 5.50508L6.93365 9.79079C6.6547 10.0697 6.20244 10.0697 5.92349 9.79079C5.64455 9.51184 5.64455 9.05958 5.92349 8.78064L8.98985 5.71429L0.714286 5.71429C0.319797 5.71429 0 5.39449 0 5Z\" fill=\"#1F1F1F\"><\/path><\/svg>\t\t\t\t\t\t\t\t\t\t\t\t\t\t\t<\/em>\r\n\t\t\t\t\t\t<\/a>\r\n\t\t\t\t\t<\/div>\r\n\t\t\t\t\t\t\t<\/div>\r\n\t\t<\/div>\r\n\t<\/div>\r\n\t<div class=\"col-lg-3 col-md-4 col-xs-1 grid-item col-sm-12\">\r\n\t\t<div class=\"portfolio-item content-overlay rsportfolio-grid-style4\">\r\n\t\t\t\t\t\t\t<a href=\"http:\/\/207.244.241.76\/index.php\/portfolios\/du-gaz-domestique-camerounais-pour-les-menages\/\">\r\n\t\t\t\t\t<div class=\"portfolio-img\">\r\n\t\t\t\t\t\t\t\t\t\t\t\t\t<img loading=\"lazy\" decoding=\"async\" width=\"666\" height=\"450\" src=\"https:\/\/i0.wp.com\/207.244.241.76\/wp-content\/uploads\/2024\/11\/GZ.jpg?resize=666%2C450\" class=\"attachment-industrie_portfolio-slider size-industrie_portfolio-slider wp-post-image\" alt=\"\" \/>\t\t\t\t\t\t\t\t\t\t\t<\/div>\r\n\t\t\t\t<\/a>\r\n\t\t\t\r\n\t\t\t<div class=\"portfolio-details\">\r\n\t\t\t\t\t\t\t\t<div class=\"portfolio-title-cat\">\r\n\t\t\t\t\t\t\t\t\t\t\t\r\n\t\t\t\t\t\t<h4 class=\"p-title\">\r\n\t\t\t\t\t\t\t<a href=\"http:\/\/207.244.241.76\/index.php\/portfolios\/du-gaz-domestique-camerounais-pour-les-menages\/\">\r\n\t\t\t\t\t\t\t\tDu gaz domestique camerounais pour les m\u00e9nages\t\t\t\t\t\t\t<\/a>\r\n\t\t\t\t\t\t<\/h4>\r\n\t\t\t\t\t\t\r\n\t\t\t\t\t\t\t\t\t\t<p class=\"p-category\"> <a href=\"http:\/\/207.244.241.76\/index.php\/portfolio-category\/realisations\/\" rel=\"tag\">R\u00e9alisations<\/a><\/p>\r\n\t\t\t\t<\/div>\r\n\t\t\t\t\t\t\t\t\t<div class=\"p-icon\">\r\n\t\t\t\t\t\t<a href=\"http:\/\/207.244.241.76\/index.php\/portfolios\/du-gaz-domestique-camerounais-pour-les-menages\/\" class=\"prs_btn\">\r\n\t\t\t\t\t\t\tLire la suite\t\t\t\t\t\t\t<em>\r\n\t\t\t\t\t\t\t\t\t\t\t\t\t\t\t\t\t<svg xmlns=\"http:\/\/www.w3.org\/2000\/svg\" width=\"12\" height=\"10\" viewBox=\"0 0 12 10\" fill=\"none\"><path fill-rule=\"evenodd\" clip-rule=\"evenodd\" d=\"M0 5C0 4.60551 0.319797 4.28571 0.714286 4.28571L8.98985 4.28571L5.92349 1.21936C5.64455 0.940417 5.64455 0.488155 5.92349 0.209209C6.20244 -0.0697365 6.6547 -0.0697365 6.93365 0.209209L11.2194 4.49492C11.4983 4.77387 11.4983 5.22613 11.2194 5.50508L6.93365 9.79079C6.6547 10.0697 6.20244 10.0697 5.92349 9.79079C5.64455 9.51184 5.64455 9.05958 5.92349 8.78064L8.98985 5.71429L0.714286 5.71429C0.319797 5.71429 0 5.39449 0 5Z\" fill=\"#1F1F1F\"><\/path><\/svg>\t\t\t\t\t\t\t\t\t\t\t\t\t\t\t\t\t\t\t\t\t\t\t\t\t<svg xmlns=\"http:\/\/www.w3.org\/2000\/svg\" width=\"12\" height=\"10\" viewBox=\"0 0 12 10\" fill=\"none\"><path fill-rule=\"evenodd\" clip-rule=\"evenodd\" d=\"M0 5C0 4.60551 0.319797 4.28571 0.714286 4.28571L8.98985 4.28571L5.92349 1.21936C5.64455 0.940417 5.64455 0.488155 5.92349 0.209209C6.20244 -0.0697365 6.6547 -0.0697365 6.93365 0.209209L11.2194 4.49492C11.4983 4.77387 11.4983 5.22613 11.2194 5.50508L6.93365 9.79079C6.6547 10.0697 6.20244 10.0697 5.92349 9.79079C5.64455 9.51184 5.64455 9.05958 5.92349 8.78064L8.98985 5.71429L0.714286 5.71429C0.319797 5.71429 0 5.39449 0 5Z\" fill=\"#1F1F1F\"><\/path><\/svg>\t\t\t\t\t\t\t\t\t\t\t\t\t\t\t<\/em>\r\n\t\t\t\t\t\t<\/a>\r\n\t\t\t\t\t<\/div>\r\n\t\t\t\t\t\t\t<\/div>\r\n\t\t<\/div>\r\n\t<\/div>\r\n\t<div class=\"col-lg-3 col-md-4 col-xs-1 grid-item col-sm-12\">\r\n\t\t<div class=\"portfolio-item content-overlay rsportfolio-grid-style4\">\r\n\t\t\t\t\t\t\t<a href=\"http:\/\/207.244.241.76\/index.php\/portfolios\/du-gaz-naturel-liquefie-pour-lexport\/\">\r\n\t\t\t\t\t<div class=\"portfolio-img\">\r\n\t\t\t\t\t\t\t\t\t\t\t\t\t<img loading=\"lazy\" decoding=\"async\" width=\"666\" height=\"450\" src=\"https:\/\/i0.wp.com\/207.244.241.76\/wp-content\/uploads\/2024\/11\/sd.jpg?resize=666%2C450\" class=\"attachment-industrie_portfolio-slider size-industrie_portfolio-slider wp-post-image\" alt=\"\" \/>\t\t\t\t\t\t\t\t\t\t\t<\/div>\r\n\t\t\t\t<\/a>\r\n\t\t\t\r\n\t\t\t<div class=\"portfolio-details\">\r\n\t\t\t\t\t\t\t\t<div class=\"portfolio-title-cat\">\r\n\t\t\t\t\t\t\t\t\t\t\t\r\n\t\t\t\t\t\t<h4 class=\"p-title\">\r\n\t\t\t\t\t\t\t<a href=\"http:\/\/207.244.241.76\/index.php\/portfolios\/du-gaz-naturel-liquefie-pour-lexport\/\">\r\n\t\t\t\t\t\t\t\tDu gaz naturel liqu\u00e9fi\u00e9 pour l&rsquo;export\t\t\t\t\t\t\t<\/a>\r\n\t\t\t\t\t\t<\/h4>\r\n\t\t\t\t\t\t\r\n\t\t\t\t\t\t\t\t\t\t<p class=\"p-category\"> <a href=\"http:\/\/207.244.241.76\/index.php\/portfolio-category\/realisations\/\" rel=\"tag\">R\u00e9alisations<\/a><\/p>\r\n\t\t\t\t<\/div>\r\n\t\t\t\t\t\t\t\t\t<div class=\"p-icon\">\r\n\t\t\t\t\t\t<a href=\"http:\/\/207.244.241.76\/index.php\/portfolios\/du-gaz-naturel-liquefie-pour-lexport\/\" class=\"prs_btn\">\r\n\t\t\t\t\t\t\tLire la suite\t\t\t\t\t\t\t<em>\r\n\t\t\t\t\t\t\t\t\t\t\t\t\t\t\t\t\t<svg xmlns=\"http:\/\/www.w3.org\/2000\/svg\" width=\"12\" height=\"10\" viewBox=\"0 0 12 10\" fill=\"none\"><path fill-rule=\"evenodd\" clip-rule=\"evenodd\" d=\"M0 5C0 4.60551 0.319797 4.28571 0.714286 4.28571L8.98985 4.28571L5.92349 1.21936C5.64455 0.940417 5.64455 0.488155 5.92349 0.209209C6.20244 -0.0697365 6.6547 -0.0697365 6.93365 0.209209L11.2194 4.49492C11.4983 4.77387 11.4983 5.22613 11.2194 5.50508L6.93365 9.79079C6.6547 10.0697 6.20244 10.0697 5.92349 9.79079C5.64455 9.51184 5.64455 9.05958 5.92349 8.78064L8.98985 5.71429L0.714286 5.71429C0.319797 5.71429 0 5.39449 0 5Z\" fill=\"#1F1F1F\"><\/path><\/svg>\t\t\t\t\t\t\t\t\t\t\t\t\t\t\t\t\t\t\t\t\t\t\t\t\t<svg xmlns=\"http:\/\/www.w3.org\/2000\/svg\" width=\"12\" height=\"10\" viewBox=\"0 0 12 10\" fill=\"none\"><path fill-rule=\"evenodd\" clip-rule=\"evenodd\" d=\"M0 5C0 4.60551 0.319797 4.28571 0.714286 4.28571L8.98985 4.28571L5.92349 1.21936C5.64455 0.940417 5.64455 0.488155 5.92349 0.209209C6.20244 -0.0697365 6.6547 -0.0697365 6.93365 0.209209L11.2194 4.49492C11.4983 4.77387 11.4983 5.22613 11.2194 5.50508L6.93365 9.79079C6.6547 10.0697 6.20244 10.0697 5.92349 9.79079C5.64455 9.51184 5.64455 9.05958 5.92349 8.78064L8.98985 5.71429L0.714286 5.71429C0.319797 5.71429 0 5.39449 0 5Z\" fill=\"#1F1F1F\"><\/path><\/svg>\t\t\t\t\t\t\t\t\t\t\t\t\t\t\t<\/em>\r\n\t\t\t\t\t\t<\/a>\r\n\t\t\t\t\t<\/div>\r\n\t\t\t\t\t\t\t<\/div>\r\n\t\t<\/div>\r\n\t<\/div>\r\n\t\t\t<\/div>\n\t\t<\/div>\n\t\t\t<\/div>\n\t\t\t\t<\/div>\n\t\t\t\t\t<\/div>\n\t\t\t\t<\/div>\n\t\t\t\t<\/div>\n\t\t","protected":false},"excerpt":{"rendered":"<p>Les r\u00e9alisations de la SNH Le pipeline Tchad\/Cameroun R\u00e9alisations Lire la suite Du gaz pour la production de carreaux en c\u00e9ramique R\u00e9alisations Lire la suite Approvisionnement en gaz de la centrale thermique de Kribi R\u00e9alisations Lire la suite Fourniture de gaz aux soci\u00e9t\u00e9s industrielles de Douala R\u00e9alisations Lire la suite Du gaz domestique camerounais pour&#8230;<\/p>\n","protected":false},"author":1,"featured_media":0,"parent":0,"menu_order":0,"comment_status":"closed","ping_status":"closed","template":"elementor_header_footer","meta":{"om_disable_all_campaigns":false,"_monsterinsights_skip_tracking":false,"_monsterinsights_sitenote_active":false,"_monsterinsights_sitenote_note":"","_monsterinsights_sitenote_category":0,"footnotes":""},"class_list":["post-11922","page","type-page","status-publish","hentry"],"aioseo_notices":[],"jetpack_sharing_enabled":true,"_links":{"self":[{"href":"http:\/\/207.244.241.76\/index.php\/wp-json\/wp\/v2\/pages\/11922","targetHints":{"allow":["GET"]}}],"collection":[{"href":"http:\/\/207.244.241.76\/index.php\/wp-json\/wp\/v2\/pages"}],"about":[{"href":"http:\/\/207.244.241.76\/index.php\/wp-json\/wp\/v2\/types\/page"}],"author":[{"embeddable":true,"href":"http:\/\/207.244.241.76\/index.php\/wp-json\/wp\/v2\/users\/1"}],"replies":[{"embeddable":true,"href":"http:\/\/207.244.241.76\/index.php\/wp-json\/wp\/v2\/comments?post=11922"}],"version-history":[{"count":49,"href":"http:\/\/207.244.241.76\/index.php\/wp-json\/wp\/v2\/pages\/11922\/revisions"}],"predecessor-version":[{"id":35212,"href":"http:\/\/207.244.241.76\/index.php\/wp-json\/wp\/v2\/pages\/11922\/revisions\/35212"}],"wp:attachment":[{"href":"http:\/\/207.244.241.76\/index.php\/wp-json\/wp\/v2\/media?parent=11922"}],"curies":[{"name":"wp","href":"https:\/\/api.w.org\/{rel}","templated":true}]}}