{"id":21378,"date":"2024-02-29T07:43:20","date_gmt":"2024-02-29T07:43:20","guid":{"rendered":"https:\/\/demo.rstheme.com\/wordpress\/industrie\/?page_id=21378"},"modified":"2024-12-11T12:55:14","modified_gmt":"2024-12-11T11:55:14","slug":"commercialisation","status":"publish","type":"page","link":"http:\/\/207.244.241.76\/index.php\/activites\/commercialisation\/","title":{"rendered":"Commercialisation"},"content":{"rendered":"\t\t<div data-elementor-type=\"wp-page\" data-elementor-id=\"21378\" class=\"elementor elementor-21378\">\n\t\t\t\t\r\n\t\t<div class=\"default no-position show_shadow rs-sticky-default elementor-element elementor-element-da1e6b3 e-flex e-con-boxed e-con e-parent\" data-id=\"da1e6b3\" data-element_type=\"container\">\n\t\t\t\t\t<div class=\"e-con-inner\">\n\t\t\r\n\t\t<div class=\"default no-position show_shadow rs-sticky-default elementor-element elementor-element-c0ea703 e-con-full e-flex e-con e-child\" data-id=\"c0ea703\" data-element_type=\"container\">\n\t\t\r\n\t\t<div class=\"default no-position show_shadow rs-sticky-default elementor-element elementor-element-cf5b4f3 e-con-full e-flex e-con e-child\" data-id=\"cf5b4f3\" data-element_type=\"container\">\n\t\t\r\n\t\t\t\t<div class=\"elementor-element elementor-element-16261e1 elementor-widget elementor-widget-image\" data-id=\"16261e1\" data-element_type=\"widget\" data-widget_type=\"image.default\">\n\t\t\t\t<div class=\"elementor-widget-container\">\n\t\t\t\t\t\t\t\t\t\t\t\t\t<img fetchpriority=\"high\" decoding=\"async\" width=\"907\" height=\"573\" src=\"https:\/\/i0.wp.com\/207.244.241.76\/wp-content\/uploads\/2024\/10\/Depot_GPL_Kribi.jpg?fit=907%2C573\" class=\"attachment-full size-full wp-image-31089\" alt=\"\" \/>\t\t\t\t\t\t\t\t\t\t\t\t\t<\/div>\n\t\t\t\t<\/div>\n\t\t\r\n\t\t\t\t<div class=\"elementor-element elementor-element-28dcd47 elementor-widget elementor-widget-heading\" data-id=\"28dcd47\" data-element_type=\"widget\" data-widget_type=\"heading.default\">\n\t\t\t\t<div class=\"elementor-widget-container\">\n\t\t\t<h3 class=\"elementor-heading-title elementor-size-default\">Commercialisation<\/h3>\t\t<\/div>\n\t\t\t\t<\/div>\n\t\t\r\n\t\t\t\t<div class=\"elementor-element elementor-element-d1efef5 elementor-widget elementor-widget-text-editor\" data-id=\"d1efef5\" data-element_type=\"widget\" data-widget_type=\"text-editor.default\">\n\t\t\t\t<div class=\"elementor-widget-container\">\n\t\t\t\t\t\t\t<p align=\"justify\"><span style=\"font-family: Rockwell, serif;\">La SNH commercialise la part de la production nationale de p\u00e9trole brut revenant \u00e0 l\u2019Etat, ainsi que sa propre production. La SNH assure \u00e9galement la commercialisation des bruts camerounais pour le compte de l\u2019un de ses partenaires qui lui en a fait la demande, t\u00e9moignage de la reconnaissance de son expertise commerciale.<\/span><\/p><p align=\"justify\"><span style=\"font-family: Rockwell, serif;\">Le Brent de la Mer du Nord, c\u00f4t\u00e9 sur le march\u00e9 londonien de l\u2019Intercontinental Exchange sert de r\u00e9f\u00e9rence pour la vente des bruts camerounais. Suivant les types de bruts et en fonction des conditions du march\u00e9, les bruts camerounais pr\u00e9sentent par rapport au Brent, une d\u00e9cote ou une prime.<\/span><\/p><p align=\"justify\"><span style=\"font-family: Rockwell, serif;\">La politique commerciale de la SNH repose sur deux piliers : les ventes directes aux raffineurs se trouvant dans sa zone naturelle d\u2019exportation (Europe, M\u00e9diterran\u00e9e) et les ventes aux traders pour atteindre, des march\u00e9s plus \u00e9loign\u00e9s (l\u2019Extr\u00eame-Orient et les Am\u00e9riques).<\/span><\/p><p>\u00a0<\/p>\t\t\t\t\t\t<\/div>\n\t\t\t\t<\/div>\n\t\t\r\n\t\t\t\t<div class=\"elementor-element elementor-element-974d1e0 elementor-widget elementor-widget-text-editor\" data-id=\"974d1e0\" data-element_type=\"widget\" data-widget_type=\"text-editor.default\">\n\t\t\t\t<div class=\"elementor-widget-container\">\n\t\t\t\t\t\t\t<p align=\"justify\"><strong><span style=\"font-family: Rockwell; font-size: 20px; color: #009451;\">Types de brut commercialis\u00e9s<\/span><\/strong><\/p>\t\t\t\t\t\t<\/div>\n\t\t\t\t<\/div>\n\t\t\r\n\t\t\t\t<div class=\"elementor-element elementor-element-587afc4 elementor-widget elementor-widget-text-editor\" data-id=\"587afc4\" data-element_type=\"widget\" data-widget_type=\"text-editor.default\">\n\t\t\t\t<div class=\"elementor-widget-container\">\n\t\t\t\t\t\t\t<p align=\"justify\"><span style=\"font-size: 16px;\"><span style=\"color: #000000;\"><span style=\"font-family: Rockwell, serif;\"><b>Kol\u00e9<\/b><\/span><\/span><span style=\"color: #000000;\"><span style=\"font-family: Rockwell, serif;\"> (27,57\u00b0 API)*, vendu par cargaisons de 950 000 barils ;<\/span><\/span><\/span><\/p><p align=\"justify\"><span style=\"font-size: 16px;\"><span style=\"color: #000000;\"><span style=\"font-family: Rockwell, serif;\"><b>Lok\u00e9l\u00e9 <\/b><\/span><\/span><span style=\"color: #000000;\"><span style=\"font-family: Rockwell, serif;\">(23,12\u00b0 API), vendu par cargaisons de 650 000 barils ;<\/span><\/span><\/span><\/p><p><span style=\"font-size: 16px;\"><span style=\"color: #000000;\"><span style=\"font-family: Rockwell, serif;\"><b>Ebom\u00e9 <\/b><\/span><\/span><span style=\"color: #000000;\"><span style=\"font-family: Rockwell, serif;\">(49,91\u00b0 API), vendu par cargaisons de 400 000 barils.<\/span><\/span><\/span><\/p>\t\t\t\t\t\t<\/div>\n\t\t\t\t<\/div>\n\t\t\r\n\t\t\t\t<div class=\"elementor-element elementor-element-8259098 elementor-widget elementor-widget-text-editor\" data-id=\"8259098\" data-element_type=\"widget\" data-widget_type=\"text-editor.default\">\n\t\t\t\t<div class=\"elementor-widget-container\">\n\t\t\t\t\t\t\t<p align=\"justify\"><strong><span style=\"font-family: Rockwell; font-size: 20px; color: #009451;\">Conditions d\u2019agr\u00e9ment pour l\u2019achat du brut<\/span><\/strong><\/p>\t\t\t\t\t\t<\/div>\n\t\t\t\t<\/div>\n\t\t\r\n\t\t\t\t<div class=\"elementor-element elementor-element-40b24d0 elementor-widget elementor-widget-text-editor\" data-id=\"40b24d0\" data-element_type=\"widget\" data-widget_type=\"text-editor.default\">\n\t\t\t\t<div class=\"elementor-widget-container\">\n\t\t\t\t\t\t\t<ul><li><p align=\"justify\"><span style=\"font-family: Rockwell, serif;\">Adresse compl\u00e8te de la soci\u00e9t\u00e9 ;<\/span><\/p><\/li><li><p align=\"justify\"><span style=\"font-family: Rockwell, serif;\">Noms et nationalit\u00e9s des principaux actionnaires, ainsi que des principaux dirigeants ;<\/span><\/p><\/li><li><p align=\"justify\"><span style=\"font-family: Rockwell, serif;\">Bilan certifi\u00e9s des trois derniers exercices ;<\/span><\/p><\/li><li><p align=\"justify\"><span style=\"font-family: Rockwell, serif;\">Rapport annuel du dernier exercice ;<\/span><\/p><\/li><li><p align=\"justify\"><span style=\"font-family: Rockwell, serif;\">R\u00e9f\u00e9rences bancaires (incluant adresse, t\u00e9lex, fax, t\u00e9l\u00e9phone) et noms des personnes \u00e0 contacter dans les banques concern\u00e9es.<\/span><\/p><\/li><\/ul>\t\t\t\t\t\t<\/div>\n\t\t\t\t<\/div>\n\t\t\r\n\t\t<div class=\"default no-position show_shadow rs-sticky-default elementor-element elementor-element-f9de800 e-flex e-con-boxed e-con e-child\" data-id=\"f9de800\" data-element_type=\"container\" data-settings=\"{&quot;background_background&quot;:&quot;classic&quot;}\">\n\t\t\t\t\t<div class=\"e-con-inner\">\n\t\t\t\t\t<\/div>\n\t\t\t\t<\/div>\n\t\t\t\t<\/div>\n\t\t\r\n\t\t<div class=\"default no-position show_shadow rs-sticky-default elementor-element elementor-element-8c27328 e-con-full elementor-hidden-tablet elementor-hidden-mobile e-flex e-con e-child\" data-id=\"8c27328\" data-element_type=\"container\">\n\t\t\r\n\t\t<div class=\"default no-position show_shadow rs-sticky-default elementor-element elementor-element-602d698 e-con-full e-flex e-con e-child\" data-id=\"602d698\" data-element_type=\"container\" data-settings=\"{&quot;background_background&quot;:&quot;classic&quot;}\">\n\t\t\r\n\t\t\t\t<div class=\"elementor-element elementor-element-8a53165 elementor-widget elementor-widget-heading\" data-id=\"8a53165\" data-element_type=\"widget\" data-widget_type=\"heading.default\">\n\t\t\t\t<div class=\"elementor-widget-container\">\n\t\t\t<h3 class=\"elementor-heading-title elementor-size-default\">Secteurs d'activit\u00e9<\/h3>\t\t<\/div>\n\t\t\t\t<\/div>\n\t\t\r\n\t\t\t\t<div class=\"elementor-element elementor-element-74b96b3 hfe-submenu-icon-hide_default hfe-nav-menu__breakpoint-none hfe-link-redirect-child elementor-widget elementor-widget-navigation-menu\" data-id=\"74b96b3\" data-element_type=\"widget\" data-settings=\"{&quot;padding_horizontal_menu_item&quot;:{&quot;unit&quot;:&quot;px&quot;,&quot;top&quot;:&quot;16&quot;,&quot;right&quot;:&quot;20&quot;,&quot;bottom&quot;:&quot;16&quot;,&quot;left&quot;:&quot;20&quot;,&quot;isLinked&quot;:false},&quot;main_menu_border_radius&quot;:{&quot;unit&quot;:&quot;px&quot;,&quot;top&quot;:&quot;2&quot;,&quot;right&quot;:&quot;2&quot;,&quot;bottom&quot;:&quot;2&quot;,&quot;left&quot;:&quot;2&quot;,&quot;isLinked&quot;:true},&quot;location_area_padding&quot;:{&quot;unit&quot;:&quot;px&quot;,&quot;top&quot;:&quot;&quot;,&quot;right&quot;:&quot;&quot;,&quot;bottom&quot;:&quot;&quot;,&quot;left&quot;:&quot;&quot;,&quot;isLinked&quot;:true},&quot;location_area_padding_tablet&quot;:{&quot;unit&quot;:&quot;px&quot;,&quot;top&quot;:&quot;&quot;,&quot;right&quot;:&quot;&quot;,&quot;bottom&quot;:&quot;&quot;,&quot;left&quot;:&quot;&quot;,&quot;isLinked&quot;:true},&quot;location_area_padding_mobile&quot;:{&quot;unit&quot;:&quot;px&quot;,&quot;top&quot;:&quot;&quot;,&quot;right&quot;:&quot;&quot;,&quot;bottom&quot;:&quot;&quot;,&quot;left&quot;:&quot;&quot;,&quot;isLinked&quot;:true},&quot;padding_horizontal_menu_item_tablet&quot;:{&quot;unit&quot;:&quot;px&quot;,&quot;top&quot;:&quot;&quot;,&quot;right&quot;:&quot;&quot;,&quot;bottom&quot;:&quot;&quot;,&quot;left&quot;:&quot;&quot;,&quot;isLinked&quot;:true},&quot;padding_horizontal_menu_item_mobile&quot;:{&quot;unit&quot;:&quot;px&quot;,&quot;top&quot;:&quot;&quot;,&quot;right&quot;:&quot;&quot;,&quot;bottom&quot;:&quot;&quot;,&quot;left&quot;:&quot;&quot;,&quot;isLinked&quot;:true},&quot;menu_bottom_space_last_zero&quot;:{&quot;unit&quot;:&quot;px&quot;,&quot;size&quot;:&quot;&quot;,&quot;sizes&quot;:[]},&quot;menu_bottom_space_last_zero_tablet&quot;:{&quot;unit&quot;:&quot;px&quot;,&quot;size&quot;:&quot;&quot;,&quot;sizes&quot;:[]},&quot;menu_bottom_space_last_zero_mobile&quot;:{&quot;unit&quot;:&quot;px&quot;,&quot;size&quot;:&quot;&quot;,&quot;sizes&quot;:[]},&quot;main_menu_border_radius_tablet&quot;:{&quot;unit&quot;:&quot;px&quot;,&quot;top&quot;:&quot;&quot;,&quot;right&quot;:&quot;&quot;,&quot;bottom&quot;:&quot;&quot;,&quot;left&quot;:&quot;&quot;,&quot;isLinked&quot;:true},&quot;main_menu_border_radius_mobile&quot;:{&quot;unit&quot;:&quot;px&quot;,&quot;top&quot;:&quot;&quot;,&quot;right&quot;:&quot;&quot;,&quot;bottom&quot;:&quot;&quot;,&quot;left&quot;:&quot;&quot;,&quot;isLinked&quot;:true},&quot;main_menu_hover_border_radius&quot;:{&quot;unit&quot;:&quot;px&quot;,&quot;top&quot;:&quot;&quot;,&quot;right&quot;:&quot;&quot;,&quot;bottom&quot;:&quot;&quot;,&quot;left&quot;:&quot;&quot;,&quot;isLinked&quot;:true},&quot;main_menu_hover_border_radius_tablet&quot;:{&quot;unit&quot;:&quot;px&quot;,&quot;top&quot;:&quot;&quot;,&quot;right&quot;:&quot;&quot;,&quot;bottom&quot;:&quot;&quot;,&quot;left&quot;:&quot;&quot;,&quot;isLinked&quot;:true},&quot;main_menu_hover_border_radius_mobile&quot;:{&quot;unit&quot;:&quot;px&quot;,&quot;top&quot;:&quot;&quot;,&quot;right&quot;:&quot;&quot;,&quot;bottom&quot;:&quot;&quot;,&quot;left&quot;:&quot;&quot;,&quot;isLinked&quot;:true},&quot;dropdown_border_radius&quot;:{&quot;unit&quot;:&quot;px&quot;,&quot;top&quot;:&quot;&quot;,&quot;right&quot;:&quot;&quot;,&quot;bottom&quot;:&quot;&quot;,&quot;left&quot;:&quot;&quot;,&quot;isLinked&quot;:true},&quot;dropdown_border_radius_tablet&quot;:{&quot;unit&quot;:&quot;px&quot;,&quot;top&quot;:&quot;&quot;,&quot;right&quot;:&quot;&quot;,&quot;bottom&quot;:&quot;&quot;,&quot;left&quot;:&quot;&quot;,&quot;isLinked&quot;:true},&quot;dropdown_border_radius_mobile&quot;:{&quot;unit&quot;:&quot;px&quot;,&quot;top&quot;:&quot;&quot;,&quot;right&quot;:&quot;&quot;,&quot;bottom&quot;:&quot;&quot;,&quot;left&quot;:&quot;&quot;,&quot;isLinked&quot;:true},&quot;padding_horizontal_dropdown_item&quot;:{&quot;unit&quot;:&quot;px&quot;,&quot;size&quot;:&quot;&quot;,&quot;sizes&quot;:[]},&quot;padding_horizontal_dropdown_item_tablet&quot;:{&quot;unit&quot;:&quot;px&quot;,&quot;size&quot;:&quot;&quot;,&quot;sizes&quot;:[]},&quot;padding_horizontal_dropdown_item_mobile&quot;:{&quot;unit&quot;:&quot;px&quot;,&quot;size&quot;:&quot;&quot;,&quot;sizes&quot;:[]},&quot;padding_vertical_dropdown_item&quot;:{&quot;unit&quot;:&quot;px&quot;,&quot;size&quot;:15,&quot;sizes&quot;:[]},&quot;padding_vertical_dropdown_item_tablet&quot;:{&quot;unit&quot;:&quot;px&quot;,&quot;size&quot;:&quot;&quot;,&quot;sizes&quot;:[]},&quot;padding_vertical_dropdown_item_mobile&quot;:{&quot;unit&quot;:&quot;px&quot;,&quot;size&quot;:&quot;&quot;,&quot;sizes&quot;:[]},&quot;distance_from_menu&quot;:{&quot;unit&quot;:&quot;px&quot;,&quot;size&quot;:&quot;&quot;,&quot;sizes&quot;:[]},&quot;distance_from_menu_tablet&quot;:{&quot;unit&quot;:&quot;px&quot;,&quot;size&quot;:&quot;&quot;,&quot;sizes&quot;:[]},&quot;distance_from_menu_mobile&quot;:{&quot;unit&quot;:&quot;px&quot;,&quot;size&quot;:&quot;&quot;,&quot;sizes&quot;:[]},&quot;toggle_size&quot;:{&quot;unit&quot;:&quot;px&quot;,&quot;size&quot;:&quot;&quot;,&quot;sizes&quot;:[]},&quot;toggle_size_tablet&quot;:{&quot;unit&quot;:&quot;px&quot;,&quot;size&quot;:&quot;&quot;,&quot;sizes&quot;:[]},&quot;toggle_size_mobile&quot;:{&quot;unit&quot;:&quot;px&quot;,&quot;size&quot;:&quot;&quot;,&quot;sizes&quot;:[]},&quot;toggle_border_width&quot;:{&quot;unit&quot;:&quot;px&quot;,&quot;size&quot;:&quot;&quot;,&quot;sizes&quot;:[]},&quot;toggle_border_width_tablet&quot;:{&quot;unit&quot;:&quot;px&quot;,&quot;size&quot;:&quot;&quot;,&quot;sizes&quot;:[]},&quot;toggle_border_width_mobile&quot;:{&quot;unit&quot;:&quot;px&quot;,&quot;size&quot;:&quot;&quot;,&quot;sizes&quot;:[]},&quot;toggle_border_radius&quot;:{&quot;unit&quot;:&quot;px&quot;,&quot;size&quot;:&quot;&quot;,&quot;sizes&quot;:[]},&quot;toggle_border_radius_tablet&quot;:{&quot;unit&quot;:&quot;px&quot;,&quot;size&quot;:&quot;&quot;,&quot;sizes&quot;:[]},&quot;toggle_border_radius_mobile&quot;:{&quot;unit&quot;:&quot;px&quot;,&quot;size&quot;:&quot;&quot;,&quot;sizes&quot;:[]}}\" data-widget_type=\"navigation-menu.default\">\n\t\t\t\t<div class=\"elementor-widget-container\">\n\t\t\t\n\t\t<style>\n\t\t\t.hfe-layout-vertical .left-arrow ul .menu-item:hover a:after {\n\t\t\t\tbackground: !important;\n\t\t\t}\n\t\t\t.hfe-layout-vertical .left-arrow ul .menu-item:hover a:before {\n\t\t\t\tborder-left: 6px solid \t\t\t}\n\t\t<\/style>\n\n\t\t\t\t\t<div class=\"hfe-nav-menu hfe-layout-vertical normal hfe-nav-menu-layout mega_columns1 vertical\" data-layout=\"vertical\">\n\t\t\t\t<div class=\"hfe-nav-menu__toggle elementor-clickable\">\n\t\t\t\t\t<div class=\"hfe-nav-menu-icon\">\n\t\t\t\t\t\t\t\t\t\t\t<\/div>\n\t\t\t\t<\/div>\n\t\t\t\t\n\t\t\t\t<nav class=\"hfe-nav-menu__layout-vertical hfe-nav-menu__submenu-hide_default rs_one_columns no-separator no-arrow no-circle hide_default icon-enable\" data-toggle-icon=\"\" data-close-icon=\"\" data-full-width=\"\">\n\t\t\t\t\t<ul id=\"menu-1-74b96b3\" class=\"hfe-nav-menu\"><li id=\"menu-item-21550\" class=\"menu-item menu-item-type-post_type menu-item-object-page parent hfe-creative-menu\"><a href=\"http:\/\/207.244.241.76\/index.php\/activites\/promotion\/\" class = \"hfe-menu-item\">Promotion<em class=\"rs__menu_sp_dyc\"><i class=\"ri-arrow-right-line\"><\/i><\/em><\/a><\/li>\n<li id=\"menu-item-21409\" class=\"menu-item menu-item-type-post_type menu-item-object-page parent hfe-creative-menu\"><a href=\"http:\/\/207.244.241.76\/index.php\/activites\/exploration-production\/\" class = \"hfe-menu-item\">Exploration &#038; Production<em class=\"rs__menu_sp_dyc\"><i class=\"ri-arrow-right-line\"><\/i><\/em><\/a><\/li>\n<li id=\"menu-item-21411\" class=\"menu-item menu-item-type-post_type menu-item-object-page parent hfe-creative-menu\"><a href=\"http:\/\/207.244.241.76\/index.php\/activites\/commercialisation\/\" class = \"hfe-menu-item\">Commercialisation<em class=\"rs__menu_sp_dyc\"><i class=\"ri-arrow-right-line\"><\/i><\/em><\/a><\/li>\n<li id=\"menu-item-33082\" class=\"menu-item menu-item-type-post_type menu-item-object-page parent hfe-creative-menu\"><a href=\"http:\/\/207.244.241.76\/index.php\/activites\/reglementation\/\" class = \"hfe-menu-item\">R\u00e9glementation<em class=\"rs__menu_sp_dyc\"><i class=\"ri-arrow-right-line\"><\/i><\/em><\/a><\/li>\n<\/ul>\t\t\t\t<\/nav>              \n\t\t\t<\/div>\n\n\t\t\t\t\t<\/div>\n\t\t\t\t<\/div>\n\t\t\t\t<\/div>\n\t\t\t\t<\/div>\n\t\t\t\t<\/div>\n\t\t\t\t\t<\/div>\n\t\t\t\t<\/div>\n\t\t\t\t<\/div>\n\t\t","protected":false},"excerpt":{"rendered":"<p>Commercialisation La SNH commercialise la part de la production nationale de p\u00e9trole brut revenant \u00e0 l\u2019Etat, ainsi que sa propre production. La SNH assure \u00e9galement la commercialisation des bruts camerounais pour le compte de l\u2019un de ses partenaires qui lui en a fait la demande, t\u00e9moignage de la reconnaissance de son expertise commerciale. Le Brent&#8230;<\/p>\n","protected":false},"author":1,"featured_media":0,"parent":26,"menu_order":0,"comment_status":"closed","ping_status":"closed","template":"elementor_header_footer","meta":{"om_disable_all_campaigns":false,"_monsterinsights_skip_tracking":false,"_monsterinsights_sitenote_active":false,"_monsterinsights_sitenote_note":"","_monsterinsights_sitenote_category":0,"footnotes":""},"class_list":["post-21378","page","type-page","status-publish","hentry"],"aioseo_notices":[],"jetpack_sharing_enabled":true,"_links":{"self":[{"href":"http:\/\/207.244.241.76\/index.php\/wp-json\/wp\/v2\/pages\/21378","targetHints":{"allow":["GET"]}}],"collection":[{"href":"http:\/\/207.244.241.76\/index.php\/wp-json\/wp\/v2\/pages"}],"about":[{"href":"http:\/\/207.244.241.76\/index.php\/wp-json\/wp\/v2\/types\/page"}],"author":[{"embeddable":true,"href":"http:\/\/207.244.241.76\/index.php\/wp-json\/wp\/v2\/users\/1"}],"replies":[{"embeddable":true,"href":"http:\/\/207.244.241.76\/index.php\/wp-json\/wp\/v2\/comments?post=21378"}],"version-history":[{"count":75,"href":"http:\/\/207.244.241.76\/index.php\/wp-json\/wp\/v2\/pages\/21378\/revisions"}],"predecessor-version":[{"id":35566,"href":"http:\/\/207.244.241.76\/index.php\/wp-json\/wp\/v2\/pages\/21378\/revisions\/35566"}],"up":[{"embeddable":true,"href":"http:\/\/207.244.241.76\/index.php\/wp-json\/wp\/v2\/pages\/26"}],"wp:attachment":[{"href":"http:\/\/207.244.241.76\/index.php\/wp-json\/wp\/v2\/media?parent=21378"}],"curies":[{"name":"wp","href":"https:\/\/api.w.org\/{rel}","templated":true}]}}