{"id":29892,"date":"2024-10-18T09:48:27","date_gmt":"2024-10-18T07:48:27","guid":{"rendered":"http:\/\/207.244.241.76\/?page_id=29892"},"modified":"2024-11-29T08:55:48","modified_gmt":"2024-11-29T07:55:48","slug":"evenements","status":"publish","type":"page","link":"http:\/\/207.244.241.76\/index.php\/evenements\/","title":{"rendered":"Ev\u00e8nements"},"content":{"rendered":"\t\t<div data-elementor-type=\"wp-page\" data-elementor-id=\"29892\" class=\"elementor elementor-29892\">\n\t\t\t\t\r\n\t\t<div class=\"default no-position show_shadow rs-sticky-default elementor-element elementor-element-7d45d1d e-flex e-con-boxed e-con e-parent\" data-id=\"7d45d1d\" data-element_type=\"container\">\n\t\t\t\t\t<div class=\"e-con-inner\">\n\t\t\r\n\t\t\t\t<div class=\"elementor-element elementor-element-4db4e1c elementor-widget elementor-widget-heading\" data-id=\"4db4e1c\" data-element_type=\"widget\" data-widget_type=\"heading.default\">\n\t\t\t\t<div class=\"elementor-widget-container\">\n\t\t\t<h3 class=\"elementor-heading-title elementor-size-default\">Ev\u00e8nements<\/h3>\t\t<\/div>\n\t\t\t\t<\/div>\n\t\t\r\n\t\t\t\t<div class=\"elementor-element elementor-element-d2b96ea elementor-widget elementor-widget-prelements-blog-slider\" data-id=\"d2b96ea\" data-element_type=\"widget\" data-widget_type=\"prelements-blog-slider.default\">\n\t\t\t\t<div class=\"elementor-widget-container\">\n\t\t\t\r\n            <div class=\"prelements-unique-slider prelements-blog-grid\">\r\n            <!-- Default Old Style -->           \r\n            <div id=\"prelements-slick-slider-26864\" class=\"prelements-addon-slider blog_style_defaultlayout\">\r\n                \r\n<div class=\"pre-blog-item\">\r\n    <div class=\"blog-inner-wrap\">\r\n        <div class=\"pre-image-wrap\">\r\n                            <a href=\"http:\/\/207.244.241.76\/index.php\/2024\/11\/05\/le-cameroun-accueille-la-46eme-session-du-conseil-des-ministres-de-lappo\/\" class=\"rs--thum\">\r\n                    <img fetchpriority=\"high\" decoding=\"async\" width=\"640\" height=\"306\" src=\"https:\/\/i0.wp.com\/207.244.241.76\/wp-content\/uploads\/2024\/11\/APPO_1NOV_copie.jpg?fit=640%2C306\" class=\"attachment-large size-large wp-post-image\" alt=\"\" \/>                <\/a>\r\n                    <\/div>  \r\n\r\n        <div class=\"pre-blog-content\">                 \r\n                            <h3 class=\"pre-post-title\"><a class=\"pre-pointer-events\" href=\"http:\/\/207.244.241.76\/index.php\/2024\/11\/05\/le-cameroun-accueille-la-46eme-session-du-conseil-des-ministres-de-lappo\/\">\r\n                    Le Cameroun accueille la 46\u00e8me session du Conseil des Ministres de l&rsquo;APPO<\/a>\r\n                <\/h3>\r\n                       \r\n\r\n            \r\n                            <p class=\"pre-content\">La session s\u2019est d\u00e9roul\u00e9e le 1er novembre \u00e0 l\u2019h\u00f4tel Hilton de Yaound\u00e9 \u00a0Cette session, la 4e organis\u00e9e au Cameroun depuis...<\/p>\r\n            \r\n            \r\n        <\/div>\r\n    <\/div>\r\n<\/div>\r\n\r\n\r\n<div class=\"pre-blog-item\">\r\n    <div class=\"blog-inner-wrap\">\r\n        <div class=\"pre-image-wrap\">\r\n                            <a href=\"http:\/\/207.244.241.76\/index.php\/2024\/11\/04\/open-de-golf-snh-2024-un-retour-triomphal\/\" class=\"rs--thum\">\r\n                    <img decoding=\"async\" width=\"640\" height=\"306\" src=\"https:\/\/i0.wp.com\/207.244.241.76\/wp-content\/uploads\/2024\/11\/Open_Golf-2.jpg?fit=640%2C306\" class=\"attachment-large size-large wp-post-image\" alt=\"\" \/>                <\/a>\r\n                    <\/div>  \r\n\r\n        <div class=\"pre-blog-content\">                 \r\n                            <h3 class=\"pre-post-title\"><a class=\"pre-pointer-events\" href=\"http:\/\/207.244.241.76\/index.php\/2024\/11\/04\/open-de-golf-snh-2024-un-retour-triomphal\/\">\r\n                    Open de Golf SNH 2024 : un retour triomphal<\/a>\r\n                <\/h3>\r\n                       \r\n\r\n            \r\n                            <p class=\"pre-content\">L'entreprise a fait des heureux au terme du tournoi tenu du 21 au 27 octobre L'Open de Golf SNH 2024...<\/p>\r\n            \r\n            \r\n        <\/div>\r\n    <\/div>\r\n<\/div>\r\n\r\n\r\n<div class=\"pre-blog-item\">\r\n    <div class=\"blog-inner-wrap\">\r\n        <div class=\"pre-image-wrap\">\r\n                            <a href=\"http:\/\/207.244.241.76\/index.php\/2024\/11\/03\/cap-sur-la-fourniture-de-gaz-naturel-a-keda\/\" class=\"rs--thum\">\r\n                    <img decoding=\"async\" width=\"640\" height=\"306\" src=\"https:\/\/i0.wp.com\/207.244.241.76\/wp-content\/uploads\/2024\/11\/Fond_Images_Keda-1.jpg?fit=640%2C306\" class=\"attachment-large size-large wp-post-image\" alt=\"\" \/>                <\/a>\r\n                    <\/div>  \r\n\r\n        <div class=\"pre-blog-content\">                 \r\n                            <h3 class=\"pre-post-title\"><a class=\"pre-pointer-events\" href=\"http:\/\/207.244.241.76\/index.php\/2024\/11\/03\/cap-sur-la-fourniture-de-gaz-naturel-a-keda\/\">\r\n                    Cap sur la fourniture de gaz naturel \u00e0 Keda<\/a>\r\n                <\/h3>\r\n                       \r\n\r\n            \r\n                            <p class=\"pre-content\">La mise en gaz de l\u2019usine de carreaux par la SNH a eu lieu le 07 juin Nathalie Moudiki, repr\u00e9sentante...<\/p>\r\n            \r\n            \r\n        <\/div>\r\n    <\/div>\r\n<\/div>\r\n\r\n\r\n<div class=\"pre-blog-item\">\r\n    <div class=\"blog-inner-wrap\">\r\n        <div class=\"pre-image-wrap\">\r\n                            <a href=\"http:\/\/207.244.241.76\/index.php\/2024\/10\/19\/journee-internationale-de-la-femme\/\" class=\"rs--thum\">\r\n                    <img loading=\"lazy\" decoding=\"async\" width=\"640\" height=\"306\" src=\"https:\/\/i0.wp.com\/207.244.241.76\/wp-content\/uploads\/2024\/10\/8Mars_Fr_copie.jpg?fit=640%2C306\" class=\"attachment-large size-large wp-post-image\" alt=\"\" srcset=\"https:\/\/i0.wp.com\/207.244.241.76\/wp-content\/uploads\/2024\/10\/8Mars_Fr_copie.jpg?w=1386 1386w, https:\/\/i0.wp.com\/207.244.241.76\/wp-content\/uploads\/2024\/10\/8Mars_Fr_copie.jpg?resize=300%2C144 300w, https:\/\/i0.wp.com\/207.244.241.76\/wp-content\/uploads\/2024\/10\/8Mars_Fr_copie.jpg?resize=1024%2C490 1024w, https:\/\/i0.wp.com\/207.244.241.76\/wp-content\/uploads\/2024\/10\/8Mars_Fr_copie.jpg?resize=768%2C367 768w, https:\/\/i0.wp.com\/207.244.241.76\/wp-content\/uploads\/2024\/10\/8Mars_Fr_copie.jpg?w=1280 1280w\" sizes=\"(max-width: 640px) 100vw, 640px\" \/>                <\/a>\r\n                    <\/div>  \r\n\r\n        <div class=\"pre-blog-content\">                 \r\n                            <h3 class=\"pre-post-title\"><a class=\"pre-pointer-events\" href=\"http:\/\/207.244.241.76\/index.php\/2024\/10\/19\/journee-internationale-de-la-femme\/\">\r\n                    Journ\u00e9e Internationale de la Femme<\/a>\r\n                <\/h3>\r\n                       \r\n\r\n            \r\n                            <p class=\"pre-content\">Le personnel f\u00e9minin dit sa fiert\u00e9 de travailler \u00e0 la SNH Plac\u00e9e sous le th\u00e8me : \"Investir en faveur des...<\/p>\r\n            \r\n            \r\n        <\/div>\r\n    <\/div>\r\n<\/div>\r\n\r\n                 \r\n            <\/div>           \r\n            <!-- End Default Old Style -->\r\n            <div class=\"prelements-slider-conf wpsisac-hide\" data-conf=\"{&quot;slidesToShow&quot;:&quot;4&quot;,&quot;autoplaySpeed&quot;:3000,&quot;interval&quot;:3000,&quot;slidesToScroll&quot;:&quot;1&quot;,&quot;slider_autoplay&quot;:&quot;false&quot;,&quot;pauseOnHover&quot;:&quot;false&quot;,&quot;sliderDots&quot;:&quot;false&quot;,&quot;sliderNav&quot;:&quot;true&quot;,&quot;centerMode&quot;:&quot;false&quot;,&quot;col_lg&quot;:&quot;4&quot;,&quot;col_md&quot;:3,&quot;col_sm&quot;:2,&quot;col_xs&quot;:1}\"><\/div>\r\n            <\/div> \r\n            <script type=\"text\/javascript\"> \r\n            jQuery(document).ready(function(){\r\n                jQuery( '.prelements-addon-slider' ).each(function( index ) {        \r\n                    var slider_id       = jQuery(this).attr('id'); \r\n                    var slider_conf     = jQuery.parseJSON( jQuery(this).closest('.prelements-unique-slider').find('.prelements-slider-conf').attr('data-conf'));               \r\n                    if( typeof(slider_id) != 'undefined' && slider_id != '' ) {\r\n                    jQuery('#'+slider_id).not('.slick-initialized').slick({\r\n                    slidesToShow    : parseInt(slider_conf.col_lg),\r\n                    centerMode      : (slider_conf.centerMode)  == \"true\" ? true : false,\r\n                    dots            : (slider_conf.sliderDots)  == \"true\" ? true : false,\r\n                    arrows          : (slider_conf.sliderNav) == \"true\" ? true : false,\r\n                    autoplay        : (slider_conf.slider_autoplay) == \"true\" ? true : false,\r\n                    slidesToScroll  : parseInt(slider_conf.slidesToScroll),\r\n                    centerPadding   : '15px',\r\n                    autoplaySpeed   : parseInt(slider_conf.autoplaySpeed),\r\n                    pauseOnHover    : (slider_conf.pauseOnHover) == \"true\" ? true : false,\r\n                    gap: 30,\r\n                    loop : false,\r\n                    rtl: false,\r\n                    responsive: [{\r\n                        breakpoint: 1025,\r\n                        settings: {\r\n                            slidesToShow: parseInt(slider_conf.col_md),\r\n                        }\r\n                    }, \r\n                    {\r\n                        breakpoint: 881,\r\n                        settings: {\r\n                            slidesToShow: parseInt(slider_conf.col_sm),\r\n                        }\r\n                    }, \r\n                    {\r\n                        breakpoint: 768,\r\n                        settings: {\r\n                            arrows: false,\r\n                            slidesToShow: parseInt(slider_conf.col_xs),\r\n                        }\r\n                    }, ]\r\n                    });\r\n                }        \r\n                });\r\n            });\r\n        <\/script>\r\n        \t\t<\/div>\n\t\t\t\t<\/div>\n\t\t\t\t\t<\/div>\n\t\t\t\t<\/div>\n\t\t\t\t<\/div>\n\t\t","protected":false},"excerpt":{"rendered":"<p>Ev\u00e8nements Le Cameroun accueille la 46\u00e8me session du Conseil des Ministres de l&rsquo;APPO La session s\u2019est d\u00e9roul\u00e9e le 1er novembre \u00e0 l\u2019h\u00f4tel Hilton de Yaound\u00e9 \u00a0Cette session, la 4e organis\u00e9e au Cameroun depuis&#8230; Open de Golf SNH 2024 : un retour triomphal L&rsquo;entreprise a fait des heureux au terme du tournoi tenu du 21 au&#8230;<\/p>\n","protected":false},"author":1,"featured_media":0,"parent":0,"menu_order":0,"comment_status":"closed","ping_status":"closed","template":"","meta":{"om_disable_all_campaigns":false,"_monsterinsights_skip_tracking":false,"_monsterinsights_sitenote_active":false,"_monsterinsights_sitenote_note":"","_monsterinsights_sitenote_category":0,"footnotes":""},"class_list":["post-29892","page","type-page","status-publish","hentry"],"aioseo_notices":[],"jetpack_sharing_enabled":true,"_links":{"self":[{"href":"http:\/\/207.244.241.76\/index.php\/wp-json\/wp\/v2\/pages\/29892","targetHints":{"allow":["GET"]}}],"collection":[{"href":"http:\/\/207.244.241.76\/index.php\/wp-json\/wp\/v2\/pages"}],"about":[{"href":"http:\/\/207.244.241.76\/index.php\/wp-json\/wp\/v2\/types\/page"}],"author":[{"embeddable":true,"href":"http:\/\/207.244.241.76\/index.php\/wp-json\/wp\/v2\/users\/1"}],"replies":[{"embeddable":true,"href":"http:\/\/207.244.241.76\/index.php\/wp-json\/wp\/v2\/comments?post=29892"}],"version-history":[{"count":19,"href":"http:\/\/207.244.241.76\/index.php\/wp-json\/wp\/v2\/pages\/29892\/revisions"}],"predecessor-version":[{"id":35295,"href":"http:\/\/207.244.241.76\/index.php\/wp-json\/wp\/v2\/pages\/29892\/revisions\/35295"}],"wp:attachment":[{"href":"http:\/\/207.244.241.76\/index.php\/wp-json\/wp\/v2\/media?parent=29892"}],"curies":[{"name":"wp","href":"https:\/\/api.w.org\/{rel}","templated":true}]}}