{"id":30630,"date":"2024-10-24T12:28:52","date_gmt":"2024-10-24T10:28:52","guid":{"rendered":"http:\/\/207.244.241.76\/?page_id=30630"},"modified":"2024-11-29T11:02:07","modified_gmt":"2024-11-29T10:02:07","slug":"appel-doffres","status":"publish","type":"page","link":"http:\/\/207.244.241.76\/index.php\/appel-doffres\/","title":{"rendered":"Appel d&rsquo;offres"},"content":{"rendered":"\t\t<div data-elementor-type=\"wp-page\" data-elementor-id=\"30630\" class=\"elementor elementor-30630\">\n\t\t\t\t\r\n\t\t<div class=\"default no-position show_shadow rs-sticky-default elementor-element elementor-element-1a39aa4 e-con-full e-flex e-con e-parent\" data-id=\"1a39aa4\" data-element_type=\"container\" data-settings=\"{&quot;background_background&quot;:&quot;classic&quot;}\">\n\t\t\r\n\t\t\t\t<div class=\"elementor-element elementor-element-ed7da52 elementor-widget elementor-widget-heading\" data-id=\"ed7da52\" data-element_type=\"widget\" data-widget_type=\"heading.default\">\n\t\t\t\t<div class=\"elementor-widget-container\">\n\t\t\t<h3 class=\"elementor-heading-title elementor-size-default\">Appels d'offres<\/h3>\t\t<\/div>\n\t\t\t\t<\/div>\n\t\t\r\n\t\t\t\t<div class=\"elementor-element elementor-element-f5c97ad elementor-widget elementor-widget-prelements-blog-slider\" data-id=\"f5c97ad\" data-element_type=\"widget\" data-widget_type=\"prelements-blog-slider.default\">\n\t\t\t\t<div class=\"elementor-widget-container\">\n\t\t\t\r\n            <div class=\"prelements-unique-slider prelements-blog-grid\">\r\n            <!-- Default Old Style -->           \r\n            <div id=\"prelements-slick-slider-14057\" class=\"prelements-addon-slider blog_style_defaultlayout\">\r\n                \r\n<div class=\"pre-blog-item\">\r\n    <div class=\"blog-inner-wrap\">\r\n        <div class=\"pre-image-wrap\">\r\n                            <a href=\"http:\/\/207.244.241.76\/index.php\/2024\/10\/21\/appel-doffres-national-ouvert-aono-n005-du-25-juin-2024\/\" class=\"rs--thum\">\r\n                                    <\/a>\r\n                    <\/div>  \r\n\r\n        <div class=\"pre-blog-content\">                 \r\n                            <h3 class=\"pre-post-title\"><a class=\"pre-pointer-events\" href=\"http:\/\/207.244.241.76\/index.php\/2024\/10\/21\/appel-doffres-national-ouvert-aono-n005-du-25-juin-2024\/\">\r\n                    Appel d\u2019Offres National Ouvert (AONO) N\u00b0005 du 25 juin 2024, relatif au renouvellement du parc d\u2019extincteurs et \u00e0 la r\u00e9novation du syst\u00e8me de d\u00e9tection incendie de la repr\u00e9sentation de la SNH \u00e0 Douala.<\/a>\r\n                <\/h3>\r\n                       \r\n\r\n            \r\n            \r\n            \r\n        <\/div>\r\n    <\/div>\r\n<\/div>\r\n\r\n\r\n<div class=\"pre-blog-item\">\r\n    <div class=\"blog-inner-wrap\">\r\n        <div class=\"pre-image-wrap\">\r\n                            <a href=\"http:\/\/207.244.241.76\/index.php\/2024\/10\/21\/appel-doffres-national-ouvert-aono-n004-du-29-mai-2024\/\" class=\"rs--thum\">\r\n                                    <\/a>\r\n                    <\/div>  \r\n\r\n        <div class=\"pre-blog-content\">                 \r\n                            <h3 class=\"pre-post-title\"><a class=\"pre-pointer-events\" href=\"http:\/\/207.244.241.76\/index.php\/2024\/10\/21\/appel-doffres-national-ouvert-aono-n004-du-29-mai-2024\/\">\r\n                    Appel d\u2019Offres National Ouvert (AONO) N\u00b0004 du 29 mai 2024, relatif \u00e0 la fourniture du mat\u00e9riel de lutte contre les incendies au d\u00e9p\u00f4t GPL de la SNH \u00e0 Bipaga.<\/a>\r\n                <\/h3>\r\n                       \r\n\r\n            \r\n            \r\n            \r\n        <\/div>\r\n    <\/div>\r\n<\/div>\r\n\r\n\r\n<div class=\"pre-blog-item\">\r\n    <div class=\"blog-inner-wrap\">\r\n        <div class=\"pre-image-wrap\">\r\n                            <a href=\"http:\/\/207.244.241.76\/index.php\/2024\/10\/21\/appel-doffres-international-ouvertaoio-n001-du-11-10-24\/\" class=\"rs--thum\">\r\n                                    <\/a>\r\n                    <\/div>  \r\n\r\n        <div class=\"pre-blog-content\">                 \r\n                            <h3 class=\"pre-post-title\"><a class=\"pre-pointer-events\" href=\"http:\/\/207.244.241.76\/index.php\/2024\/10\/21\/appel-doffres-international-ouvertaoio-n001-du-11-10-24\/\">\r\n                    Appel d\u2019Offres International Ouvert(AOIO) N\u00b0001 du 11\/10\/24, relatif \u00e0 la r\u00e9alisation des \u00e9tudes d\u2019ing\u00e9nierie du projet de valorisation locale du gaz en provenance de Yoyo-Yolanda puis la r\u00e9alisation optionnelle du projet.\u00a0<\/a>\r\n                <\/h3>\r\n                       \r\n\r\n            \r\n            \r\n            \r\n        <\/div>\r\n    <\/div>\r\n<\/div>\r\n\r\n                 \r\n            <\/div>           \r\n            <!-- End Default Old Style -->\r\n            <div class=\"prelements-slider-conf wpsisac-hide\" data-conf=\"{&quot;slidesToShow&quot;:&quot;2&quot;,&quot;autoplaySpeed&quot;:3000,&quot;interval&quot;:3000,&quot;slidesToScroll&quot;:2,&quot;slider_autoplay&quot;:&quot;false&quot;,&quot;pauseOnHover&quot;:&quot;false&quot;,&quot;sliderDots&quot;:&quot;true&quot;,&quot;sliderNav&quot;:&quot;false&quot;,&quot;centerMode&quot;:&quot;false&quot;,&quot;col_lg&quot;:&quot;2&quot;,&quot;col_md&quot;:&quot;2&quot;,&quot;col_sm&quot;:2,&quot;col_xs&quot;:1}\"><\/div>\r\n            <\/div> \r\n            <script type=\"text\/javascript\"> \r\n            jQuery(document).ready(function(){\r\n                jQuery( '.prelements-addon-slider' ).each(function( index ) {        \r\n                    var slider_id       = jQuery(this).attr('id'); \r\n                    var slider_conf     = jQuery.parseJSON( jQuery(this).closest('.prelements-unique-slider').find('.prelements-slider-conf').attr('data-conf'));               \r\n                    if( typeof(slider_id) != 'undefined' && slider_id != '' ) {\r\n                    jQuery('#'+slider_id).not('.slick-initialized').slick({\r\n                    slidesToShow    : parseInt(slider_conf.col_lg),\r\n                    centerMode      : (slider_conf.centerMode)  == \"true\" ? true : false,\r\n                    dots            : (slider_conf.sliderDots)  == \"true\" ? true : false,\r\n                    arrows          : (slider_conf.sliderNav) == \"true\" ? true : false,\r\n                    autoplay        : (slider_conf.slider_autoplay) == \"true\" ? true : false,\r\n                    slidesToScroll  : parseInt(slider_conf.slidesToScroll),\r\n                    centerPadding   : '15px',\r\n                    autoplaySpeed   : parseInt(slider_conf.autoplaySpeed),\r\n                    pauseOnHover    : (slider_conf.pauseOnHover) == \"true\" ? true : false,\r\n                    gap: 30,\r\n                    loop : false,\r\n                    rtl: false,\r\n                    responsive: [{\r\n                        breakpoint: 1025,\r\n                        settings: {\r\n                            slidesToShow: parseInt(slider_conf.col_md),\r\n                        }\r\n                    }, \r\n                    {\r\n                        breakpoint: 881,\r\n                        settings: {\r\n                            slidesToShow: parseInt(slider_conf.col_sm),\r\n                        }\r\n                    }, \r\n                    {\r\n                        breakpoint: 768,\r\n                        settings: {\r\n                            arrows: false,\r\n                            slidesToShow: parseInt(slider_conf.col_xs),\r\n                        }\r\n                    }, ]\r\n                    });\r\n                }        \r\n                });\r\n            });\r\n        <\/script>\r\n        \t\t<\/div>\n\t\t\t\t<\/div>\n\t\t\r\n\t\t\t\t<div class=\"elementor-element elementor-element-ae18db1 elementor-widget elementor-widget-heading\" data-id=\"ae18db1\" data-element_type=\"widget\" data-widget_type=\"heading.default\">\n\t\t\t\t<div class=\"elementor-widget-container\">\n\t\t\t<h3 class=\"elementor-heading-title elementor-size-default\">R\u00e9sultats d'appels d'offres<\/h3>\t\t<\/div>\n\t\t\t\t<\/div>\n\t\t\r\n\t\t\t\t<div class=\"elementor-element elementor-element-746bc47 elementor-widget elementor-widget-prelements-blog-slider\" data-id=\"746bc47\" data-element_type=\"widget\" data-widget_type=\"prelements-blog-slider.default\">\n\t\t\t\t<div class=\"elementor-widget-container\">\n\t\t\t\r\n            <div class=\"prelements-unique-slider prelements-blog-grid\">\r\n            <!-- Default Old Style -->           \r\n            <div id=\"prelements-slick-slider-14183\" class=\"prelements-addon-slider blog_style_defaultlayout\">\r\n                \r\n<div class=\"pre-blog-item\">\r\n    <div class=\"blog-inner-wrap\">\r\n        <div class=\"pre-image-wrap\">\r\n                            <a href=\"http:\/\/207.244.241.76\/index.php\/2024\/10\/21\/resultat-du-dossier-de-consultation-no001-dc-snh-cma-2024-du-25-mars-2024\/\" class=\"rs--thum\">\r\n                                    <\/a>\r\n                    <\/div>  \r\n\r\n        <div class=\"pre-blog-content\">                 \r\n                            <h3 class=\"pre-post-title\"><a class=\"pre-pointer-events\" href=\"http:\/\/207.244.241.76\/index.php\/2024\/10\/21\/resultat-du-dossier-de-consultation-no001-dc-snh-cma-2024-du-25-mars-2024\/\">\r\n                    R\u00e9sultat du dossier de consultation No001\/DC\/SNH\/CMA\/2024 du 25 mars 2024, relatif \u00e0 la mise en place d\u2019un syst\u00e8me de sauvegarde et de restauration des serveurs centraux de la SNH.<\/a>\r\n                <\/h3>\r\n                       \r\n\r\n            \r\n            \r\n            \r\n        <\/div>\r\n    <\/div>\r\n<\/div>\r\n\r\n\r\n<div class=\"pre-blog-item\">\r\n    <div class=\"blog-inner-wrap\">\r\n        <div class=\"pre-image-wrap\">\r\n                            <a href=\"http:\/\/207.244.241.76\/index.php\/2024\/10\/21\/resultat-de-lappel-doffres-national-ouvert-n003-aono-snh-cipm-2024-du-22-mai-2024\/\" class=\"rs--thum\">\r\n                                    <\/a>\r\n                    <\/div>  \r\n\r\n        <div class=\"pre-blog-content\">                 \r\n                            <h3 class=\"pre-post-title\"><a class=\"pre-pointer-events\" href=\"http:\/\/207.244.241.76\/index.php\/2024\/10\/21\/resultat-de-lappel-doffres-national-ouvert-n003-aono-snh-cipm-2024-du-22-mai-2024\/\">\r\n                    R\u00e9sultat de l\u2019Appel d\u2019Offres National Ouvert n\u00b0003\/AONO\/SNH\/CIPM\/2024 du 22 mai 2024, relatif au remplacement du groupe froid de marque TRANE de l\u2019immeuble si\u00e8ge de la SNH.<\/a>\r\n                <\/h3>\r\n                       \r\n\r\n            \r\n            \r\n            \r\n        <\/div>\r\n    <\/div>\r\n<\/div>\r\n\r\n                 \r\n            <\/div>           \r\n            <!-- End Default Old Style -->\r\n            <div class=\"prelements-slider-conf wpsisac-hide\" data-conf=\"{&quot;slidesToShow&quot;:&quot;2&quot;,&quot;autoplaySpeed&quot;:3000,&quot;interval&quot;:3000,&quot;slidesToScroll&quot;:2,&quot;slider_autoplay&quot;:&quot;false&quot;,&quot;pauseOnHover&quot;:&quot;false&quot;,&quot;sliderDots&quot;:&quot;true&quot;,&quot;sliderNav&quot;:&quot;false&quot;,&quot;centerMode&quot;:&quot;false&quot;,&quot;col_lg&quot;:&quot;2&quot;,&quot;col_md&quot;:&quot;2&quot;,&quot;col_sm&quot;:2,&quot;col_xs&quot;:1}\"><\/div>\r\n            <\/div> \r\n            <script type=\"text\/javascript\"> \r\n            jQuery(document).ready(function(){\r\n                jQuery( '.prelements-addon-slider' ).each(function( index ) {        \r\n                    var slider_id       = jQuery(this).attr('id'); \r\n                    var slider_conf     = jQuery.parseJSON( jQuery(this).closest('.prelements-unique-slider').find('.prelements-slider-conf').attr('data-conf'));               \r\n                    if( typeof(slider_id) != 'undefined' && slider_id != '' ) {\r\n                    jQuery('#'+slider_id).not('.slick-initialized').slick({\r\n                    slidesToShow    : parseInt(slider_conf.col_lg),\r\n                    centerMode      : (slider_conf.centerMode)  == \"true\" ? true : false,\r\n                    dots            : (slider_conf.sliderDots)  == \"true\" ? true : false,\r\n                    arrows          : (slider_conf.sliderNav) == \"true\" ? true : false,\r\n                    autoplay        : (slider_conf.slider_autoplay) == \"true\" ? true : false,\r\n                    slidesToScroll  : parseInt(slider_conf.slidesToScroll),\r\n                    centerPadding   : '15px',\r\n                    autoplaySpeed   : parseInt(slider_conf.autoplaySpeed),\r\n                    pauseOnHover    : (slider_conf.pauseOnHover) == \"true\" ? true : false,\r\n                    gap: 30,\r\n                    loop : false,\r\n                    rtl: false,\r\n                    responsive: [{\r\n                        breakpoint: 1025,\r\n                        settings: {\r\n                            slidesToShow: parseInt(slider_conf.col_md),\r\n                        }\r\n                    }, \r\n                    {\r\n                        breakpoint: 881,\r\n                        settings: {\r\n                            slidesToShow: parseInt(slider_conf.col_sm),\r\n                        }\r\n                    }, \r\n                    {\r\n                        breakpoint: 768,\r\n                        settings: {\r\n                            arrows: false,\r\n                            slidesToShow: parseInt(slider_conf.col_xs),\r\n                        }\r\n                    }, ]\r\n                    });\r\n                }        \r\n                });\r\n            });\r\n        <\/script>\r\n        \t\t<\/div>\n\t\t\t\t<\/div>\n\t\t\t\t<\/div>\n\t\t\t\t<\/div>\n\t\t","protected":false},"excerpt":{"rendered":"<p>Appels d&rsquo;offres Appel d\u2019Offres National Ouvert (AONO) N\u00b0005 du 25 juin 2024, relatif au renouvellement du parc d\u2019extincteurs et \u00e0 la r\u00e9novation du syst\u00e8me de d\u00e9tection incendie de la repr\u00e9sentation de la SNH \u00e0 Douala. Appel d\u2019Offres National Ouvert (AONO) N\u00b0004 du 29 mai 2024, relatif \u00e0 la fourniture du mat\u00e9riel de lutte contre les&#8230;<\/p>\n","protected":false},"author":1,"featured_media":0,"parent":0,"menu_order":0,"comment_status":"closed","ping_status":"closed","template":"","meta":{"om_disable_all_campaigns":false,"_monsterinsights_skip_tracking":false,"_monsterinsights_sitenote_active":false,"_monsterinsights_sitenote_note":"","_monsterinsights_sitenote_category":0,"footnotes":""},"class_list":["post-30630","page","type-page","status-publish","hentry"],"aioseo_notices":[],"jetpack_sharing_enabled":true,"_links":{"self":[{"href":"http:\/\/207.244.241.76\/index.php\/wp-json\/wp\/v2\/pages\/30630","targetHints":{"allow":["GET"]}}],"collection":[{"href":"http:\/\/207.244.241.76\/index.php\/wp-json\/wp\/v2\/pages"}],"about":[{"href":"http:\/\/207.244.241.76\/index.php\/wp-json\/wp\/v2\/types\/page"}],"author":[{"embeddable":true,"href":"http:\/\/207.244.241.76\/index.php\/wp-json\/wp\/v2\/users\/1"}],"replies":[{"embeddable":true,"href":"http:\/\/207.244.241.76\/index.php\/wp-json\/wp\/v2\/comments?post=30630"}],"version-history":[{"count":31,"href":"http:\/\/207.244.241.76\/index.php\/wp-json\/wp\/v2\/pages\/30630\/revisions"}],"predecessor-version":[{"id":35375,"href":"http:\/\/207.244.241.76\/index.php\/wp-json\/wp\/v2\/pages\/30630\/revisions\/35375"}],"wp:attachment":[{"href":"http:\/\/207.244.241.76\/index.php\/wp-json\/wp\/v2\/media?parent=30630"}],"curies":[{"name":"wp","href":"https:\/\/api.w.org\/{rel}","templated":true}]}}