{"id":31245,"date":"2024-10-25T17:28:38","date_gmt":"2024-10-25T15:28:38","guid":{"rendered":"http:\/\/207.244.241.76\/?page_id=31245"},"modified":"2024-12-11T14:10:53","modified_gmt":"2024-12-11T13:10:53","slug":"education-2","status":"publish","type":"page","link":"http:\/\/207.244.241.76\/index.php\/en\/corporate-social-responsability\/education-2\/","title":{"rendered":"Education"},"content":{"rendered":"\t\t<div data-elementor-type=\"wp-page\" data-elementor-id=\"31245\" class=\"elementor elementor-31245\">\n\t\t\t\t\r\n\t\t<div class=\"default no-position show_shadow rs-sticky-default elementor-element elementor-element-9d8e01b e-flex e-con-boxed e-con e-parent\" data-id=\"9d8e01b\" data-element_type=\"container\">\n\t\t\t\t\t<div class=\"e-con-inner\">\n\t\t\r\n\t\t<div class=\"default no-position show_shadow rs-sticky-default elementor-element elementor-element-65b612e e-con-full e-flex e-con e-child\" data-id=\"65b612e\" data-element_type=\"container\">\n\t\t\r\n\t\t<div class=\"default no-position show_shadow rs-sticky-default elementor-element elementor-element-76609d1 e-con-full e-flex e-con e-child\" data-id=\"76609d1\" data-element_type=\"container\">\n\t\t\r\n\t\t\t\t<div class=\"elementor-element elementor-element-409acea elementor-widget elementor-widget-image\" data-id=\"409acea\" data-element_type=\"widget\" data-widget_type=\"image.default\">\n\t\t\t\t<div class=\"elementor-widget-container\">\n\t\t\t\t\t\t\t\t\t\t\t\t\t<img fetchpriority=\"high\" decoding=\"async\" width=\"741\" height=\"324\" src=\"https:\/\/i0.wp.com\/207.244.241.76\/wp-content\/uploads\/2024\/10\/image-appui-a-form-jeunesse2-Copie.jpg?fit=741%2C324\" class=\"attachment-full size-full wp-image-29997\" alt=\"\" srcset=\"https:\/\/i0.wp.com\/207.244.241.76\/wp-content\/uploads\/2024\/10\/image-appui-a-form-jeunesse2-Copie.jpg?w=741 741w, https:\/\/i0.wp.com\/207.244.241.76\/wp-content\/uploads\/2024\/10\/image-appui-a-form-jeunesse2-Copie.jpg?resize=300%2C131 300w\" sizes=\"(max-width: 640px) 100vw, 640px\" \/>\t\t\t\t\t\t\t\t\t\t\t\t\t<\/div>\n\t\t\t\t<\/div>\n\t\t\r\n\t\t\t\t<div class=\"elementor-element elementor-element-241e5e2 elementor-widget elementor-widget-heading\" data-id=\"241e5e2\" data-element_type=\"widget\" data-widget_type=\"heading.default\">\n\t\t\t\t<div class=\"elementor-widget-container\">\n\t\t\t<h3 class=\"elementor-heading-title elementor-size-default\">Continuous support for youth training<\/h3>\t\t<\/div>\n\t\t\t\t<\/div>\n\t\t\r\n\t\t\r\n\t\t\t\t<div class=\"elementor-element elementor-element-93fc58f elementor-widget elementor-widget-text-editor\" data-id=\"93fc58f\" data-element_type=\"widget\" data-widget_type=\"text-editor.default\">\n\t\t\t\t<div class=\"elementor-widget-container\">\n\t\t\t\t\t\t\t<p align=\"justify\">The SNH provides support to the national educational community through several actions. Thus, thanks to the \u201cExcellence Bonus\u201d operation, the Company contributes to improving the supply of school textbooks and computer equipment in the libraries and multimedia centers of the best public secondary schools in the ten regions of Cameroon.<\/p><p align=\"justify\">It further encourages meritorious students from various parts of the country through award ceremonies. Students from schools located near operational sites or housing oil infrastructure in the South-West, the Littoral, the South and the Far North are the primary beneficiaries.<\/p><p align=\"justify\">In addition, the company contributes to the professionalization of teaching in the oil field. In this context, it notably set up a petroleum geosciences computer laboratory at the University of Douala, in partnership with the oil services company Schlumberger.<\/p><p align=\"justify\">The SNH is leading a project aimed at extending this experience to other university institutions. Concerned: the Departments dedicated to Earth Sciences of the Universities of Yaound\u00e9 I, Dschang, Buea and Bamenda, the Petromines center of the University of Douala, the Faculty of Mines and Petroleum Industries of the University of Maroua (based in Ka\u00e9l\u00e9) and the School of Geology and Mining of the University of Ngaound\u00e9r\u00e9 (established in Me\u00efganga).<\/p>\t\t\t\t\t\t<\/div>\n\t\t\t\t<\/div>\n\t\t\r\n\t\t<div class=\"default no-position show_shadow rs-sticky-default elementor-element elementor-element-b23929c e-flex e-con-boxed e-con e-child\" data-id=\"b23929c\" data-element_type=\"container\" data-settings=\"{&quot;background_background&quot;:&quot;classic&quot;}\">\n\t\t\t\t\t<div class=\"e-con-inner\">\n\t\t\r\n\t\t\t\t\t<\/div>\n\t\t\t\t<\/div>\n\t\t\t\t<\/div>\n\t\t\r\n\t\t<div class=\"default no-position show_shadow rs-sticky-default elementor-element elementor-element-ff6f8cd e-con-full e-flex e-con e-child\" data-id=\"ff6f8cd\" data-element_type=\"container\">\n\t\t\r\n\t\t<div class=\"default no-position show_shadow rs-sticky-default elementor-element elementor-element-ee4ff06 e-flex e-con-boxed e-con e-child\" data-id=\"ee4ff06\" data-element_type=\"container\" data-settings=\"{&quot;background_background&quot;:&quot;classic&quot;}\">\n\t\t\t\t\t<div class=\"e-con-inner\">\n\t\t\r\n\t\t\t\t<div class=\"elementor-element elementor-element-eabab1f elementor-widget elementor-widget-heading\" data-id=\"eabab1f\" data-element_type=\"widget\" data-widget_type=\"heading.default\">\n\t\t\t\t<div class=\"elementor-widget-container\">\n\t\t\t<h3 class=\"elementor-heading-title elementor-size-default\">CSR<\/h3>\t\t<\/div>\n\t\t\t\t<\/div>\n\t\t\r\n\t\t\t\t<div class=\"elementor-element elementor-element-de6b45b hfe-submenu-icon-hide_default hfe-nav-menu__breakpoint-none hfe-link-redirect-child elementor-widget elementor-widget-navigation-menu\" data-id=\"de6b45b\" data-element_type=\"widget\" data-settings=\"{&quot;padding_horizontal_menu_item&quot;:{&quot;unit&quot;:&quot;px&quot;,&quot;top&quot;:&quot;16&quot;,&quot;right&quot;:&quot;20&quot;,&quot;bottom&quot;:&quot;16&quot;,&quot;left&quot;:&quot;20&quot;,&quot;isLinked&quot;:false},&quot;main_menu_border_radius&quot;:{&quot;unit&quot;:&quot;px&quot;,&quot;top&quot;:&quot;2&quot;,&quot;right&quot;:&quot;2&quot;,&quot;bottom&quot;:&quot;2&quot;,&quot;left&quot;:&quot;2&quot;,&quot;isLinked&quot;:true},&quot;location_area_padding&quot;:{&quot;unit&quot;:&quot;px&quot;,&quot;top&quot;:&quot;&quot;,&quot;right&quot;:&quot;&quot;,&quot;bottom&quot;:&quot;&quot;,&quot;left&quot;:&quot;&quot;,&quot;isLinked&quot;:true},&quot;location_area_padding_tablet&quot;:{&quot;unit&quot;:&quot;px&quot;,&quot;top&quot;:&quot;&quot;,&quot;right&quot;:&quot;&quot;,&quot;bottom&quot;:&quot;&quot;,&quot;left&quot;:&quot;&quot;,&quot;isLinked&quot;:true},&quot;location_area_padding_mobile&quot;:{&quot;unit&quot;:&quot;px&quot;,&quot;top&quot;:&quot;&quot;,&quot;right&quot;:&quot;&quot;,&quot;bottom&quot;:&quot;&quot;,&quot;left&quot;:&quot;&quot;,&quot;isLinked&quot;:true},&quot;padding_horizontal_menu_item_tablet&quot;:{&quot;unit&quot;:&quot;px&quot;,&quot;top&quot;:&quot;&quot;,&quot;right&quot;:&quot;&quot;,&quot;bottom&quot;:&quot;&quot;,&quot;left&quot;:&quot;&quot;,&quot;isLinked&quot;:true},&quot;padding_horizontal_menu_item_mobile&quot;:{&quot;unit&quot;:&quot;px&quot;,&quot;top&quot;:&quot;&quot;,&quot;right&quot;:&quot;&quot;,&quot;bottom&quot;:&quot;&quot;,&quot;left&quot;:&quot;&quot;,&quot;isLinked&quot;:true},&quot;menu_bottom_space_last_zero&quot;:{&quot;unit&quot;:&quot;px&quot;,&quot;size&quot;:&quot;&quot;,&quot;sizes&quot;:[]},&quot;menu_bottom_space_last_zero_tablet&quot;:{&quot;unit&quot;:&quot;px&quot;,&quot;size&quot;:&quot;&quot;,&quot;sizes&quot;:[]},&quot;menu_bottom_space_last_zero_mobile&quot;:{&quot;unit&quot;:&quot;px&quot;,&quot;size&quot;:&quot;&quot;,&quot;sizes&quot;:[]},&quot;main_menu_border_radius_tablet&quot;:{&quot;unit&quot;:&quot;px&quot;,&quot;top&quot;:&quot;&quot;,&quot;right&quot;:&quot;&quot;,&quot;bottom&quot;:&quot;&quot;,&quot;left&quot;:&quot;&quot;,&quot;isLinked&quot;:true},&quot;main_menu_border_radius_mobile&quot;:{&quot;unit&quot;:&quot;px&quot;,&quot;top&quot;:&quot;&quot;,&quot;right&quot;:&quot;&quot;,&quot;bottom&quot;:&quot;&quot;,&quot;left&quot;:&quot;&quot;,&quot;isLinked&quot;:true},&quot;main_menu_hover_border_radius&quot;:{&quot;unit&quot;:&quot;px&quot;,&quot;top&quot;:&quot;&quot;,&quot;right&quot;:&quot;&quot;,&quot;bottom&quot;:&quot;&quot;,&quot;left&quot;:&quot;&quot;,&quot;isLinked&quot;:true},&quot;main_menu_hover_border_radius_tablet&quot;:{&quot;unit&quot;:&quot;px&quot;,&quot;top&quot;:&quot;&quot;,&quot;right&quot;:&quot;&quot;,&quot;bottom&quot;:&quot;&quot;,&quot;left&quot;:&quot;&quot;,&quot;isLinked&quot;:true},&quot;main_menu_hover_border_radius_mobile&quot;:{&quot;unit&quot;:&quot;px&quot;,&quot;top&quot;:&quot;&quot;,&quot;right&quot;:&quot;&quot;,&quot;bottom&quot;:&quot;&quot;,&quot;left&quot;:&quot;&quot;,&quot;isLinked&quot;:true},&quot;dropdown_border_radius&quot;:{&quot;unit&quot;:&quot;px&quot;,&quot;top&quot;:&quot;&quot;,&quot;right&quot;:&quot;&quot;,&quot;bottom&quot;:&quot;&quot;,&quot;left&quot;:&quot;&quot;,&quot;isLinked&quot;:true},&quot;dropdown_border_radius_tablet&quot;:{&quot;unit&quot;:&quot;px&quot;,&quot;top&quot;:&quot;&quot;,&quot;right&quot;:&quot;&quot;,&quot;bottom&quot;:&quot;&quot;,&quot;left&quot;:&quot;&quot;,&quot;isLinked&quot;:true},&quot;dropdown_border_radius_mobile&quot;:{&quot;unit&quot;:&quot;px&quot;,&quot;top&quot;:&quot;&quot;,&quot;right&quot;:&quot;&quot;,&quot;bottom&quot;:&quot;&quot;,&quot;left&quot;:&quot;&quot;,&quot;isLinked&quot;:true},&quot;padding_horizontal_dropdown_item&quot;:{&quot;unit&quot;:&quot;px&quot;,&quot;size&quot;:&quot;&quot;,&quot;sizes&quot;:[]},&quot;padding_horizontal_dropdown_item_tablet&quot;:{&quot;unit&quot;:&quot;px&quot;,&quot;size&quot;:&quot;&quot;,&quot;sizes&quot;:[]},&quot;padding_horizontal_dropdown_item_mobile&quot;:{&quot;unit&quot;:&quot;px&quot;,&quot;size&quot;:&quot;&quot;,&quot;sizes&quot;:[]},&quot;padding_vertical_dropdown_item&quot;:{&quot;unit&quot;:&quot;px&quot;,&quot;size&quot;:15,&quot;sizes&quot;:[]},&quot;padding_vertical_dropdown_item_tablet&quot;:{&quot;unit&quot;:&quot;px&quot;,&quot;size&quot;:&quot;&quot;,&quot;sizes&quot;:[]},&quot;padding_vertical_dropdown_item_mobile&quot;:{&quot;unit&quot;:&quot;px&quot;,&quot;size&quot;:&quot;&quot;,&quot;sizes&quot;:[]},&quot;distance_from_menu&quot;:{&quot;unit&quot;:&quot;px&quot;,&quot;size&quot;:&quot;&quot;,&quot;sizes&quot;:[]},&quot;distance_from_menu_tablet&quot;:{&quot;unit&quot;:&quot;px&quot;,&quot;size&quot;:&quot;&quot;,&quot;sizes&quot;:[]},&quot;distance_from_menu_mobile&quot;:{&quot;unit&quot;:&quot;px&quot;,&quot;size&quot;:&quot;&quot;,&quot;sizes&quot;:[]},&quot;toggle_size&quot;:{&quot;unit&quot;:&quot;px&quot;,&quot;size&quot;:&quot;&quot;,&quot;sizes&quot;:[]},&quot;toggle_size_tablet&quot;:{&quot;unit&quot;:&quot;px&quot;,&quot;size&quot;:&quot;&quot;,&quot;sizes&quot;:[]},&quot;toggle_size_mobile&quot;:{&quot;unit&quot;:&quot;px&quot;,&quot;size&quot;:&quot;&quot;,&quot;sizes&quot;:[]},&quot;toggle_border_width&quot;:{&quot;unit&quot;:&quot;px&quot;,&quot;size&quot;:&quot;&quot;,&quot;sizes&quot;:[]},&quot;toggle_border_width_tablet&quot;:{&quot;unit&quot;:&quot;px&quot;,&quot;size&quot;:&quot;&quot;,&quot;sizes&quot;:[]},&quot;toggle_border_width_mobile&quot;:{&quot;unit&quot;:&quot;px&quot;,&quot;size&quot;:&quot;&quot;,&quot;sizes&quot;:[]},&quot;toggle_border_radius&quot;:{&quot;unit&quot;:&quot;px&quot;,&quot;size&quot;:&quot;&quot;,&quot;sizes&quot;:[]},&quot;toggle_border_radius_tablet&quot;:{&quot;unit&quot;:&quot;px&quot;,&quot;size&quot;:&quot;&quot;,&quot;sizes&quot;:[]},&quot;toggle_border_radius_mobile&quot;:{&quot;unit&quot;:&quot;px&quot;,&quot;size&quot;:&quot;&quot;,&quot;sizes&quot;:[]}}\" data-widget_type=\"navigation-menu.default\">\n\t\t\t\t<div class=\"elementor-widget-container\">\n\t\t\t\n\t\t<style>\n\t\t\t.hfe-layout-vertical .left-arrow ul .menu-item:hover a:after {\n\t\t\t\tbackground: !important;\n\t\t\t}\n\t\t\t.hfe-layout-vertical .left-arrow ul .menu-item:hover a:before {\n\t\t\t\tborder-left: 6px solid \t\t\t}\n\t\t<\/style>\n\n\t\t\t\t\t<div class=\"hfe-nav-menu hfe-layout-vertical normal hfe-nav-menu-layout mega_columns1 vertical\" data-layout=\"vertical\">\n\t\t\t\t<div class=\"hfe-nav-menu__toggle elementor-clickable\">\n\t\t\t\t\t<div class=\"hfe-nav-menu-icon\">\n\t\t\t\t\t\t\t\t\t\t\t<\/div>\n\t\t\t\t<\/div>\n\t\t\t\t\n\t\t\t\t<nav class=\"hfe-nav-menu__layout-vertical hfe-nav-menu__submenu-hide_default rs_one_columns no-separator no-arrow no-circle hide_default icon-enable\" data-toggle-icon=\"\" data-close-icon=\"\" data-full-width=\"\">\n\t\t\t\t\t<ul id=\"menu-1-de6b45b\" class=\"hfe-nav-menu\"><li id=\"menu-item-31258\" class=\"menu-item menu-item-type-post_type menu-item-object-page parent hfe-creative-menu\"><a href=\"http:\/\/207.244.241.76\/index.php\/en\/corporate-social-responsability\/culture-2\/\" class = \"hfe-menu-item\">Culture<em class=\"rs__menu_sp_dyc\"><i class=\"ri-arrow-right-line\"><\/i><\/em><\/a><\/li>\n<li id=\"menu-item-31259\" class=\"menu-item menu-item-type-post_type menu-item-object-page parent hfe-creative-menu\"><a href=\"http:\/\/207.244.241.76\/index.php\/en\/corporate-social-responsability\/education-2\/\" class = \"hfe-menu-item\">Education<em class=\"rs__menu_sp_dyc\"><i class=\"ri-arrow-right-line\"><\/i><\/em><\/a><\/li>\n<li id=\"menu-item-31260\" class=\"menu-item menu-item-type-post_type menu-item-object-page parent hfe-creative-menu\"><a href=\"http:\/\/207.244.241.76\/index.php\/en\/corporate-social-responsability\/sport-2\/\" class = \"hfe-menu-item\">Sports<em class=\"rs__menu_sp_dyc\"><i class=\"ri-arrow-right-line\"><\/i><\/em><\/a><\/li>\n<li id=\"menu-item-31261\" class=\"menu-item menu-item-type-post_type menu-item-object-page parent hfe-creative-menu\"><a href=\"http:\/\/207.244.241.76\/index.php\/en\/corporate-social-responsability\/environment\/\" class = \"hfe-menu-item\">Environment<em class=\"rs__menu_sp_dyc\"><i class=\"ri-arrow-right-line\"><\/i><\/em><\/a><\/li>\n<li id=\"menu-item-31262\" class=\"menu-item menu-item-type-post_type menu-item-object-page parent hfe-creative-menu\"><a href=\"http:\/\/207.244.241.76\/index.php\/en\/corporate-social-responsability\/social-2\/\" class = \"hfe-menu-item\">Social<em class=\"rs__menu_sp_dyc\"><i class=\"ri-arrow-right-line\"><\/i><\/em><\/a><\/li>\n<\/ul>\t\t\t\t<\/nav>              \n\t\t\t<\/div>\n\n\t\t\t\t\t<\/div>\n\t\t\t\t<\/div>\n\t\t\t\t\t<\/div>\n\t\t\t\t<\/div>\n\t\t\t\t<\/div>\n\t\t\t\t<\/div>\n\t\t\t\t\t<\/div>\n\t\t\t\t<\/div>\n\t\t\t\t<\/div>\n\t\t","protected":false},"excerpt":{"rendered":"<p>Continuous support for youth training The SNH provides support to the national educational community through several actions. Thus, thanks to the \u201cExcellence Bonus\u201d operation, the Company contributes to improving the supply of school textbooks and computer equipment in the libraries and multimedia centers of the best public secondary schools in the ten regions of Cameroon&#8230;.<\/p>\n","protected":false},"author":1,"featured_media":0,"parent":31211,"menu_order":0,"comment_status":"closed","ping_status":"closed","template":"","meta":{"om_disable_all_campaigns":false,"_monsterinsights_skip_tracking":false,"_monsterinsights_sitenote_active":false,"_monsterinsights_sitenote_note":"","_monsterinsights_sitenote_category":0,"footnotes":""},"class_list":["post-31245","page","type-page","status-publish","hentry"],"aioseo_notices":[],"jetpack_sharing_enabled":true,"_links":{"self":[{"href":"http:\/\/207.244.241.76\/index.php\/wp-json\/wp\/v2\/pages\/31245","targetHints":{"allow":["GET"]}}],"collection":[{"href":"http:\/\/207.244.241.76\/index.php\/wp-json\/wp\/v2\/pages"}],"about":[{"href":"http:\/\/207.244.241.76\/index.php\/wp-json\/wp\/v2\/types\/page"}],"author":[{"embeddable":true,"href":"http:\/\/207.244.241.76\/index.php\/wp-json\/wp\/v2\/users\/1"}],"replies":[{"embeddable":true,"href":"http:\/\/207.244.241.76\/index.php\/wp-json\/wp\/v2\/comments?post=31245"}],"version-history":[{"count":10,"href":"http:\/\/207.244.241.76\/index.php\/wp-json\/wp\/v2\/pages\/31245\/revisions"}],"predecessor-version":[{"id":35600,"href":"http:\/\/207.244.241.76\/index.php\/wp-json\/wp\/v2\/pages\/31245\/revisions\/35600"}],"up":[{"embeddable":true,"href":"http:\/\/207.244.241.76\/index.php\/wp-json\/wp\/v2\/pages\/31211"}],"wp:attachment":[{"href":"http:\/\/207.244.241.76\/index.php\/wp-json\/wp\/v2\/media?parent=31245"}],"curies":[{"name":"wp","href":"https:\/\/api.w.org\/{rel}","templated":true}]}}