{"id":31298,"date":"2024-10-25T17:54:07","date_gmt":"2024-10-25T15:54:07","guid":{"rendered":"http:\/\/207.244.241.76\/?page_id=31298"},"modified":"2024-12-11T15:17:44","modified_gmt":"2024-12-11T14:17:44","slug":"events","status":"publish","type":"page","link":"http:\/\/207.244.241.76\/index.php\/en\/events\/","title":{"rendered":"Events"},"content":{"rendered":"\t\t<div data-elementor-type=\"wp-page\" data-elementor-id=\"31298\" class=\"elementor elementor-31298\">\n\t\t\t\t\r\n\t\t<div class=\"default no-position show_shadow rs-sticky-default elementor-element elementor-element-2d1ad99 e-flex e-con-boxed e-con e-parent\" data-id=\"2d1ad99\" data-element_type=\"container\">\n\t\t\t\t\t<div class=\"e-con-inner\">\n\t\t\r\n\t\t\t\t<div class=\"elementor-element elementor-element-dc5411b elementor-widget elementor-widget-heading\" data-id=\"dc5411b\" data-element_type=\"widget\" data-widget_type=\"heading.default\">\n\t\t\t\t<div class=\"elementor-widget-container\">\n\t\t\t<h3 class=\"elementor-heading-title elementor-size-default\">Events<\/h3>\t\t<\/div>\n\t\t\t\t<\/div>\n\t\t\r\n\t\t\t\t<div class=\"elementor-element elementor-element-76e4450 elementor-widget elementor-widget-prelements-blog-slider\" data-id=\"76e4450\" data-element_type=\"widget\" data-widget_type=\"prelements-blog-slider.default\">\n\t\t\t\t<div class=\"elementor-widget-container\">\n\t\t\t\r\n            <div class=\"prelements-unique-slider prelements-blog-grid\">\r\n            <!-- Default Old Style -->           \r\n            <div id=\"prelements-slick-slider-18769\" class=\"prelements-addon-slider blog_style_defaultlayout\">\r\n                \r\n<div class=\"pre-blog-item\">\r\n    <div class=\"blog-inner-wrap\">\r\n        <div class=\"pre-image-wrap\">\r\n                            <a href=\"http:\/\/207.244.241.76\/index.php\/en\/2024\/10\/26\/international-womens-day-snhs-female-staff-take-pride-in-their-workplace\/\" class=\"rs--thum\">\r\n                    <img fetchpriority=\"high\" decoding=\"async\" width=\"640\" height=\"306\" src=\"https:\/\/i0.wp.com\/207.244.241.76\/wp-content\/uploads\/2024\/10\/8Mars_Fr_copie.jpg?fit=640%2C306\" class=\"attachment-large size-large wp-post-image\" alt=\"\" srcset=\"https:\/\/i0.wp.com\/207.244.241.76\/wp-content\/uploads\/2024\/10\/8Mars_Fr_copie.jpg?w=1386 1386w, https:\/\/i0.wp.com\/207.244.241.76\/wp-content\/uploads\/2024\/10\/8Mars_Fr_copie.jpg?resize=300%2C144 300w, https:\/\/i0.wp.com\/207.244.241.76\/wp-content\/uploads\/2024\/10\/8Mars_Fr_copie.jpg?resize=1024%2C490 1024w, https:\/\/i0.wp.com\/207.244.241.76\/wp-content\/uploads\/2024\/10\/8Mars_Fr_copie.jpg?resize=768%2C367 768w, https:\/\/i0.wp.com\/207.244.241.76\/wp-content\/uploads\/2024\/10\/8Mars_Fr_copie.jpg?w=1280 1280w\" sizes=\"(max-width: 640px) 100vw, 640px\" \/>                <\/a>\r\n                    <\/div>  \r\n\r\n        <div class=\"pre-blog-content\">                 \r\n                            <h3 class=\"pre-post-title\"><a class=\"pre-pointer-events\" href=\"http:\/\/207.244.241.76\/index.php\/en\/2024\/10\/26\/international-womens-day-snhs-female-staff-take-pride-in-their-workplace\/\">\r\n                    International Women&rsquo;s Day: SNH&rsquo;s Female Staff Take Pride in Their Workplace<\/a>\r\n                <\/h3>\r\n                       \r\n\r\n            \r\n                            <p class=\"pre-content\">Le personnel f\u00e9minin dit sa fiert\u00e9 de travailler \u00e0 la SNHThis year's theme: \"Invest in women: Accelerate progress\", offered a...<\/p>\r\n            \r\n            \r\n        <\/div>\r\n    <\/div>\r\n<\/div>\r\n\r\n                 \r\n            <\/div>           \r\n            <!-- End Default Old Style -->\r\n            <div class=\"prelements-slider-conf wpsisac-hide\" data-conf=\"{&quot;slidesToShow&quot;:&quot;4&quot;,&quot;autoplaySpeed&quot;:3000,&quot;interval&quot;:3000,&quot;slidesToScroll&quot;:&quot;1&quot;,&quot;slider_autoplay&quot;:&quot;false&quot;,&quot;pauseOnHover&quot;:&quot;false&quot;,&quot;sliderDots&quot;:&quot;false&quot;,&quot;sliderNav&quot;:&quot;true&quot;,&quot;centerMode&quot;:&quot;false&quot;,&quot;col_lg&quot;:&quot;4&quot;,&quot;col_md&quot;:3,&quot;col_sm&quot;:2,&quot;col_xs&quot;:1}\"><\/div>\r\n            <\/div> \r\n            <script type=\"text\/javascript\"> \r\n            jQuery(document).ready(function(){\r\n                jQuery( '.prelements-addon-slider' ).each(function( index ) {        \r\n                    var slider_id       = jQuery(this).attr('id'); \r\n                    var slider_conf     = jQuery.parseJSON( jQuery(this).closest('.prelements-unique-slider').find('.prelements-slider-conf').attr('data-conf'));               \r\n                    if( typeof(slider_id) != 'undefined' && slider_id != '' ) {\r\n                    jQuery('#'+slider_id).not('.slick-initialized').slick({\r\n                    slidesToShow    : parseInt(slider_conf.col_lg),\r\n                    centerMode      : (slider_conf.centerMode)  == \"true\" ? true : false,\r\n                    dots            : (slider_conf.sliderDots)  == \"true\" ? true : false,\r\n                    arrows          : (slider_conf.sliderNav) == \"true\" ? true : false,\r\n                    autoplay        : (slider_conf.slider_autoplay) == \"true\" ? true : false,\r\n                    slidesToScroll  : parseInt(slider_conf.slidesToScroll),\r\n                    centerPadding   : '15px',\r\n                    autoplaySpeed   : parseInt(slider_conf.autoplaySpeed),\r\n                    pauseOnHover    : (slider_conf.pauseOnHover) == \"true\" ? true : false,\r\n                    gap: 30,\r\n                    loop : false,\r\n                    rtl: false,\r\n                    responsive: [{\r\n                        breakpoint: 1025,\r\n                        settings: {\r\n                            slidesToShow: parseInt(slider_conf.col_md),\r\n                        }\r\n                    }, \r\n                    {\r\n                        breakpoint: 881,\r\n                        settings: {\r\n                            slidesToShow: parseInt(slider_conf.col_sm),\r\n                        }\r\n                    }, \r\n                    {\r\n                        breakpoint: 768,\r\n                        settings: {\r\n                            arrows: false,\r\n                            slidesToShow: parseInt(slider_conf.col_xs),\r\n                        }\r\n                    }, ]\r\n                    });\r\n                }        \r\n                });\r\n            });\r\n        <\/script>\r\n        \t\t<\/div>\n\t\t\t\t<\/div>\n\t\t\t\t\t<\/div>\n\t\t\t\t<\/div>\n\t\t\t\t<\/div>\n\t\t","protected":false},"excerpt":{"rendered":"<p>Events International Women&rsquo;s Day: SNH&rsquo;s Female Staff Take Pride in Their Workplace Le personnel f\u00e9minin dit sa fiert\u00e9 de travailler \u00e0 la SNHThis year&rsquo;s theme: \u00ab\u00a0Invest in women: Accelerate progress\u00a0\u00bb, offered a&#8230;<\/p>\n","protected":false},"author":1,"featured_media":0,"parent":0,"menu_order":0,"comment_status":"closed","ping_status":"closed","template":"","meta":{"om_disable_all_campaigns":false,"_monsterinsights_skip_tracking":false,"_monsterinsights_sitenote_active":false,"_monsterinsights_sitenote_note":"","_monsterinsights_sitenote_category":0,"footnotes":""},"class_list":["post-31298","page","type-page","status-publish","hentry"],"aioseo_notices":[],"jetpack_sharing_enabled":true,"_links":{"self":[{"href":"http:\/\/207.244.241.76\/index.php\/wp-json\/wp\/v2\/pages\/31298","targetHints":{"allow":["GET"]}}],"collection":[{"href":"http:\/\/207.244.241.76\/index.php\/wp-json\/wp\/v2\/pages"}],"about":[{"href":"http:\/\/207.244.241.76\/index.php\/wp-json\/wp\/v2\/types\/page"}],"author":[{"embeddable":true,"href":"http:\/\/207.244.241.76\/index.php\/wp-json\/wp\/v2\/users\/1"}],"replies":[{"embeddable":true,"href":"http:\/\/207.244.241.76\/index.php\/wp-json\/wp\/v2\/comments?post=31298"}],"version-history":[{"count":16,"href":"http:\/\/207.244.241.76\/index.php\/wp-json\/wp\/v2\/pages\/31298\/revisions"}],"predecessor-version":[{"id":35670,"href":"http:\/\/207.244.241.76\/index.php\/wp-json\/wp\/v2\/pages\/31298\/revisions\/35670"}],"wp:attachment":[{"href":"http:\/\/207.244.241.76\/index.php\/wp-json\/wp\/v2\/media?parent=31298"}],"curies":[{"name":"wp","href":"https:\/\/api.w.org\/{rel}","templated":true}]}}