{"id":31982,"date":"2024-10-28T09:35:06","date_gmt":"2024-10-28T08:35:06","guid":{"rendered":"http:\/\/207.244.241.76\/?page_id=31982"},"modified":"2024-11-29T10:46:35","modified_gmt":"2024-11-29T09:46:35","slug":"itie","status":"publish","type":"page","link":"http:\/\/207.244.241.76\/index.php\/itie\/","title":{"rendered":"ITIE"},"content":{"rendered":"\t\t<div data-elementor-type=\"wp-page\" data-elementor-id=\"31982\" class=\"elementor elementor-31982\">\n\t\t\t\t\r\n\t\t<div class=\"default no-position show_shadow rs-sticky-default elementor-element elementor-element-f7137ab e-flex e-con-boxed e-con e-parent\" data-id=\"f7137ab\" data-element_type=\"container\">\n\t\t\t\t\t<div class=\"e-con-inner\">\n\t\t\r\n\t\t\t\t<div class=\"elementor-element elementor-element-1da2048 elementor-widget elementor-widget-heading\" data-id=\"1da2048\" data-element_type=\"widget\" data-widget_type=\"heading.default\">\n\t\t\t\t<div class=\"elementor-widget-container\">\n\t\t\t<h3 class=\"elementor-heading-title elementor-size-default\">La SNH, un acteur majeur de l'ITIE<\/h3>\t\t<\/div>\n\t\t\t\t<\/div>\n\t\t\t\t\t<\/div>\n\t\t\t\t<\/div>\n\t\t\r\n\t\t<div class=\"default no-position show_shadow rs-sticky-default elementor-element elementor-element-4cb03cb e-flex e-con-boxed e-con e-parent\" data-id=\"4cb03cb\" data-element_type=\"container\">\n\t\t\t\t\t<div class=\"e-con-inner\">\n\t\t\r\n\t\t\t\t<div class=\"elementor-element elementor-element-34d0c6e elementor-widget elementor-widget-text-editor\" data-id=\"34d0c6e\" data-element_type=\"widget\" data-widget_type=\"text-editor.default\">\n\t\t\t\t<div class=\"elementor-widget-container\">\n\t\t\t\t\t\t\t<p align=\"justify\"><span style=\"font-family: Rockwell, serif;\">Le Cameroun est membre de <a style=\"color: green;\" href=\"https:\/\/eiti.org\/fr\">l&rsquo;Initiative pour la Transparence dans les Industries Extractives (ITIE)<\/a> depuis 2005. La SNH fait partie du <a style=\"color: green;\" href=\"https:\/\/eiticameroon.org\/\">Comit\u00e9 national<\/a> de suivi de la mise en \u0153uvre des principes de l&rsquo;ITIE au Cameroun et dispose d&rsquo;un Comit\u00e9 ITIE en interne.<\/span><\/p>\t\t\t\t\t\t<\/div>\n\t\t\t\t<\/div>\n\t\t\t\t\t<\/div>\n\t\t\t\t<\/div>\n\t\t\r\n\t\t<div class=\"default no-position show_shadow rs-sticky-default elementor-element elementor-element-2d7da75 e-flex e-con-boxed e-con e-parent\" data-id=\"2d7da75\" data-element_type=\"container\">\n\t\t\t\t\t<div class=\"e-con-inner\">\n\t\t\r\n\t\t\t\t<div class=\"elementor-element elementor-element-e80d533 elementor-widget elementor-widget-heading\" data-id=\"e80d533\" data-element_type=\"widget\" data-widget_type=\"heading.default\">\n\t\t\t\t<div class=\"elementor-widget-container\">\n\t\t\t<h3 class=\"elementor-heading-title elementor-size-default\">Documents \u00e0 t\u00e9l\u00e9charger<\/h3>\t\t<\/div>\n\t\t\t\t<\/div>\n\t\t\t\t\t<\/div>\n\t\t\t\t<\/div>\n\t\t\r\n\t\t<div class=\"default no-position show_shadow rs-sticky-default elementor-element elementor-element-b8b85c0 e-flex e-con-boxed e-con e-parent\" data-id=\"b8b85c0\" data-element_type=\"container\">\n\t\t\t\t\t<div class=\"e-con-inner\">\n\t\t\r\n\t\t\t\t<div class=\"elementor-element elementor-element-6553ec2 elementor-widget elementor-widget-prelements-blog-slider\" data-id=\"6553ec2\" data-element_type=\"widget\" data-widget_type=\"prelements-blog-slider.default\">\n\t\t\t\t<div class=\"elementor-widget-container\">\n\t\t\t\r\n            <div class=\"prelements-unique-slider prelements-blog-grid\">\r\n            <!-- Default Old Style -->           \r\n            <div id=\"prelements-slick-slider-21473\" class=\"prelements-addon-slider blog_style_style1\">\r\n                \r\n<div class=\"pre-blog-item\">\r\n    <div class=\"blog-inner-wrap\">\r\n        <div class=\"pre-image-wrap\">\r\n                    <\/div>  \r\n\r\n        <div class=\"pre-blog-content\">                 \r\n                            <h3 class=\"pre-post-title\"><a class=\"pre-pointer-events\" href=\"http:\/\/207.244.241.76\/index.php\/2024\/10\/28\/le-communique-ayant-sanctionne-le-conseil-dadministration-du-08-decembre-2022-dans-la-presse\/\">\r\n                    Le communiqu\u00e9 ayant sanctionn\u00e9 le Conseil d&rsquo;administration du 08 d\u00e9cembre 2022 dans la presse<\/a>\r\n                <\/h3>\r\n                       \r\n\r\n            \r\n            \r\n            \r\n        <\/div>\r\n    <\/div>\r\n<\/div>\r\n\r\n\r\n<div class=\"pre-blog-item\">\r\n    <div class=\"blog-inner-wrap\">\r\n        <div class=\"pre-image-wrap\">\r\n                    <\/div>  \r\n\r\n        <div class=\"pre-blog-content\">                 \r\n                            <h3 class=\"pre-post-title\"><a class=\"pre-pointer-events\" href=\"http:\/\/207.244.241.76\/index.php\/2024\/10\/28\/communique-publie-a-lissue-de-la-session-du-conseil-dadministration-du-08-decembre-2022\/\">\r\n                    Communiqu\u00e9 publi\u00e9 \u00e0 l&rsquo;issue de la session du Conseil d&rsquo;administration du 08 d\u00e9cembre 2022<\/a>\r\n                <\/h3>\r\n                       \r\n\r\n            \r\n            \r\n            \r\n        <\/div>\r\n    <\/div>\r\n<\/div>\r\n\r\n\r\n<div class=\"pre-blog-item\">\r\n    <div class=\"blog-inner-wrap\">\r\n        <div class=\"pre-image-wrap\">\r\n                    <\/div>  \r\n\r\n        <div class=\"pre-blog-content\">                 \r\n                            <h3 class=\"pre-post-title\"><a class=\"pre-pointer-events\" href=\"http:\/\/207.244.241.76\/index.php\/2024\/10\/28\/la-snh-saisit-les-autorites-americaines-et-anglaises-dans-le-cadre-de-laffaire-glencore\/\">\r\n                    La SNH saisit les autorit\u00e9s am\u00e9ricaines et anglaises dans le cadre de l\u2019affaire Glencore\u00a0<\/a>\r\n                <\/h3>\r\n                       \r\n\r\n            \r\n            \r\n            \r\n        <\/div>\r\n    <\/div>\r\n<\/div>\r\n\r\n\r\n<div class=\"pre-blog-item\">\r\n    <div class=\"blog-inner-wrap\">\r\n        <div class=\"pre-image-wrap\">\r\n                    <\/div>  \r\n\r\n        <div class=\"pre-blog-content\">                 \r\n                            <h3 class=\"pre-post-title\"><a class=\"pre-pointer-events\" href=\"http:\/\/207.244.241.76\/index.php\/2024\/10\/28\/vue-du-domaine-petrolier-et-gazier\/\">\r\n                    Vue du domaine p\u00e9trolier et gazier<\/a>\r\n                <\/h3>\r\n                       \r\n\r\n            \r\n            \r\n            \r\n        <\/div>\r\n    <\/div>\r\n<\/div>\r\n\r\n\r\n<div class=\"pre-blog-item\">\r\n    <div class=\"blog-inner-wrap\">\r\n        <div class=\"pre-image-wrap\">\r\n                    <\/div>  \r\n\r\n        <div class=\"pre-blog-content\">                 \r\n                            <h3 class=\"pre-post-title\"><a class=\"pre-pointer-events\" href=\"http:\/\/207.244.241.76\/index.php\/2024\/10\/28\/rapport-annuel-2019-2\/\">\r\n                    Rapport Annuel 2019<\/a>\r\n                <\/h3>\r\n                       \r\n\r\n            \r\n            \r\n            \r\n        <\/div>\r\n    <\/div>\r\n<\/div>\r\n\r\n\r\n<div class=\"pre-blog-item\">\r\n    <div class=\"blog-inner-wrap\">\r\n        <div class=\"pre-image-wrap\">\r\n                    <\/div>  \r\n\r\n        <div class=\"pre-blog-content\">                 \r\n                            <h3 class=\"pre-post-title\"><a class=\"pre-pointer-events\" href=\"http:\/\/207.244.241.76\/index.php\/2024\/10\/28\/rapport-annuel-2018\/\">\r\n                    Rapport Annuel 2018<\/a>\r\n                <\/h3>\r\n                       \r\n\r\n            \r\n            \r\n            \r\n        <\/div>\r\n    <\/div>\r\n<\/div>\r\n\r\n\r\n<div class=\"pre-blog-item\">\r\n    <div class=\"blog-inner-wrap\">\r\n        <div class=\"pre-image-wrap\">\r\n                    <\/div>  \r\n\r\n        <div class=\"pre-blog-content\">                 \r\n                            <h3 class=\"pre-post-title\"><a class=\"pre-pointer-events\" href=\"http:\/\/207.244.241.76\/index.php\/2024\/10\/28\/rapport-itie-cameroun-2020\/\">\r\n                    Rapport ITIE Cameroun 2020<\/a>\r\n                <\/h3>\r\n                       \r\n\r\n            \r\n            \r\n            \r\n        <\/div>\r\n    <\/div>\r\n<\/div>\r\n\r\n\r\n<div class=\"pre-blog-item\">\r\n    <div class=\"blog-inner-wrap\">\r\n        <div class=\"pre-image-wrap\">\r\n                    <\/div>  \r\n\r\n        <div class=\"pre-blog-content\">                 \r\n                            <h3 class=\"pre-post-title\"><a class=\"pre-pointer-events\" href=\"http:\/\/207.244.241.76\/index.php\/2024\/10\/28\/rapports-de-conciliation-publies-par-itie-cameroun\/\">\r\n                    Rapports de conciliation publi\u00e9s par ITIE Cameroun<\/a>\r\n                <\/h3>\r\n                       \r\n\r\n            \r\n            \r\n            \r\n        <\/div>\r\n    <\/div>\r\n<\/div>\r\n\r\n\r\n<div class=\"pre-blog-item\">\r\n    <div class=\"blog-inner-wrap\">\r\n        <div class=\"pre-image-wrap\">\r\n                    <\/div>  \r\n\r\n        <div class=\"pre-blog-content\">                 \r\n                            <h3 class=\"pre-post-title\"><a class=\"pre-pointer-events\" href=\"http:\/\/207.244.241.76\/index.php\/2024\/10\/28\/societes-du-portefeuille-snh\/\">\r\n                    Soci\u00e9t\u00e9s du portefeuille SNH<\/a>\r\n                <\/h3>\r\n                       \r\n\r\n            \r\n            \r\n            \r\n        <\/div>\r\n    <\/div>\r\n<\/div>\r\n\r\n\r\n<div class=\"pre-blog-item\">\r\n    <div class=\"blog-inner-wrap\">\r\n        <div class=\"pre-image-wrap\">\r\n                    <\/div>  \r\n\r\n        <div class=\"pre-blog-content\">                 \r\n                            <h3 class=\"pre-post-title\"><a class=\"pre-pointer-events\" href=\"http:\/\/207.244.241.76\/index.php\/2024\/10\/28\/contrat-de-partage-de-production-cpp-type\/\">\r\n                    Contrat de Partage de Production (CPP) type<\/a>\r\n                <\/h3>\r\n                       \r\n\r\n            \r\n            \r\n            \r\n        <\/div>\r\n    <\/div>\r\n<\/div>\r\n\r\n\r\n<div class=\"pre-blog-item\">\r\n    <div class=\"blog-inner-wrap\">\r\n        <div class=\"pre-image-wrap\">\r\n                    <\/div>  \r\n\r\n        <div class=\"pre-blog-content\">                 \r\n                            <h3 class=\"pre-post-title\"><a class=\"pre-pointer-events\" href=\"http:\/\/207.244.241.76\/index.php\/2024\/10\/28\/liste-des-contrats-petroliers-signes-depuis-la-promulgation-de-la-loi-n99-013-portant-code-petrolier\/\">\r\n                    Liste des contrats p\u00e9troliers sign\u00e9s depuis la promulgation de la loi n\u00b099\/013 portant Code P\u00e9trolier<\/a>\r\n                <\/h3>\r\n                       \r\n\r\n            \r\n            \r\n            \r\n        <\/div>\r\n    <\/div>\r\n<\/div>\r\n\r\n\r\n<div class=\"pre-blog-item\">\r\n    <div class=\"blog-inner-wrap\">\r\n        <div class=\"pre-image-wrap\">\r\n                    <\/div>  \r\n\r\n        <div class=\"pre-blog-content\">                 \r\n                            <h3 class=\"pre-post-title\"><a class=\"pre-pointer-events\" href=\"http:\/\/207.244.241.76\/index.php\/2024\/10\/28\/procedure-doctroi-des-licences-au-cameroun\/\">\r\n                    Proc\u00e9dure d\u2019octroi des licences au Cameroun<\/a>\r\n                <\/h3>\r\n                       \r\n\r\n            \r\n            \r\n            \r\n        <\/div>\r\n    <\/div>\r\n<\/div>\r\n\r\n\r\n<div class=\"pre-blog-item\">\r\n    <div class=\"blog-inner-wrap\">\r\n        <div class=\"pre-image-wrap\">\r\n                    <\/div>  \r\n\r\n        <div class=\"pre-blog-content\">                 \r\n                            <h3 class=\"pre-post-title\"><a class=\"pre-pointer-events\" href=\"http:\/\/207.244.241.76\/index.php\/2024\/10\/28\/decret-du-12-03-1980-portant-creation-de-la-snh-du-17-06-1981-et-du-17-01-2008-modifiant-et-completant-le-decret-portant-creation-de-la-snh\/\">\r\n                    D\u00e9cret du 12\/03\/1980 (portant cr\u00e9ation de la SNH), du 17\/06\/1981 et du 17\/01\/2008 (modifiant et compl\u00e9tant le d\u00e9cret portant cr\u00e9ation de la SNH)<\/a>\r\n                <\/h3>\r\n                       \r\n\r\n            \r\n            \r\n            \r\n        <\/div>\r\n    <\/div>\r\n<\/div>\r\n\r\n\r\n<div class=\"pre-blog-item\">\r\n    <div class=\"blog-inner-wrap\">\r\n        <div class=\"pre-image-wrap\">\r\n                    <\/div>  \r\n\r\n        <div class=\"pre-blog-content\">                 \r\n                            <h3 class=\"pre-post-title\"><a class=\"pre-pointer-events\" href=\"http:\/\/207.244.241.76\/index.php\/2024\/10\/28\/decret-n2019-343-approuvant-les-statuts-de-la-snh\/\">\r\n                    D\u00e9cret n\u00b02019\/343 approuvant les statuts de la SNH<\/a>\r\n                <\/h3>\r\n                       \r\n\r\n            \r\n            \r\n            \r\n        <\/div>\r\n    <\/div>\r\n<\/div>\r\n\r\n\r\n<div class=\"pre-blog-item\">\r\n    <div class=\"blog-inner-wrap\">\r\n        <div class=\"pre-image-wrap\">\r\n                    <\/div>  \r\n\r\n        <div class=\"pre-blog-content\">                 \r\n                            <h3 class=\"pre-post-title\"><a class=\"pre-pointer-events\" href=\"http:\/\/207.244.241.76\/index.php\/2024\/10\/28\/decret-n2019-342-transformant-snh-en-societe-a-capital-public\/\">\r\n                    D\u00e9cret n\u00b02019\/342 transformant SNH en soci\u00e9t\u00e9 \u00e0 capital public<\/a>\r\n                <\/h3>\r\n                       \r\n\r\n            \r\n            \r\n            \r\n        <\/div>\r\n    <\/div>\r\n<\/div>\r\n\r\n\r\n<div class=\"pre-blog-item\">\r\n    <div class=\"blog-inner-wrap\">\r\n        <div class=\"pre-image-wrap\">\r\n                    <\/div>  \r\n\r\n        <div class=\"pre-blog-content\">                 \r\n                            <h3 class=\"pre-post-title\"><a class=\"pre-pointer-events\" href=\"http:\/\/207.244.241.76\/index.php\/2024\/10\/28\/ancien-code-petrolier-1999\/\">\r\n                    Ancien Code p\u00e9trolier (1999)<\/a>\r\n                <\/h3>\r\n                       \r\n\r\n            \r\n            \r\n            \r\n        <\/div>\r\n    <\/div>\r\n<\/div>\r\n\r\n\r\n<div class=\"pre-blog-item\">\r\n    <div class=\"blog-inner-wrap\">\r\n        <div class=\"pre-image-wrap\">\r\n                    <\/div>  \r\n\r\n        <div class=\"pre-blog-content\">                 \r\n                            <h3 class=\"pre-post-title\"><a class=\"pre-pointer-events\" href=\"http:\/\/207.244.241.76\/index.php\/2024\/10\/28\/decret-fixant-les-modalites-dapplication-de-la-loi-2019-008-du-25-avril-2019-portant-code-petrolier\/\">\r\n                    D\u00e9cret fixant les modalit\u00e9s d&rsquo;application de la loi 2019\/008 du 25 avril 2019 portant Code P\u00e9trolier<\/a>\r\n                <\/h3>\r\n                       \r\n\r\n            \r\n            \r\n            \r\n        <\/div>\r\n    <\/div>\r\n<\/div>\r\n\r\n\r\n<div class=\"pre-blog-item\">\r\n    <div class=\"blog-inner-wrap\">\r\n        <div class=\"pre-image-wrap\">\r\n                    <\/div>  \r\n\r\n        <div class=\"pre-blog-content\">                 \r\n                            <h3 class=\"pre-post-title\"><a class=\"pre-pointer-events\" href=\"http:\/\/207.244.241.76\/index.php\/2024\/10\/28\/code-petrolier-2019\/\">\r\n                    Code p\u00e9trolier (2019)<\/a>\r\n                <\/h3>\r\n                       \r\n\r\n            \r\n            \r\n            \r\n        <\/div>\r\n    <\/div>\r\n<\/div>\r\n\r\n                 \r\n            <\/div>           \r\n            <!-- End Default Old Style -->\r\n            <div class=\"prelements-slider-conf wpsisac-hide\" data-conf=\"{&quot;slidesToShow&quot;:&quot;3&quot;,&quot;autoplaySpeed&quot;:3000,&quot;interval&quot;:3000,&quot;slidesToScroll&quot;:2,&quot;slider_autoplay&quot;:&quot;false&quot;,&quot;pauseOnHover&quot;:&quot;false&quot;,&quot;sliderDots&quot;:&quot;true&quot;,&quot;sliderNav&quot;:&quot;false&quot;,&quot;centerMode&quot;:&quot;false&quot;,&quot;col_lg&quot;:&quot;3&quot;,&quot;col_md&quot;:3,&quot;col_sm&quot;:2,&quot;col_xs&quot;:1}\"><\/div>\r\n            <\/div> \r\n            <script type=\"text\/javascript\"> \r\n            jQuery(document).ready(function(){\r\n                jQuery( '.prelements-addon-slider' ).each(function( index ) {        \r\n                    var slider_id       = jQuery(this).attr('id'); \r\n                    var slider_conf     = jQuery.parseJSON( jQuery(this).closest('.prelements-unique-slider').find('.prelements-slider-conf').attr('data-conf'));               \r\n                    if( typeof(slider_id) != 'undefined' && slider_id != '' ) {\r\n                    jQuery('#'+slider_id).not('.slick-initialized').slick({\r\n                    slidesToShow    : parseInt(slider_conf.col_lg),\r\n                    centerMode      : (slider_conf.centerMode)  == \"true\" ? true : false,\r\n                    dots            : (slider_conf.sliderDots)  == \"true\" ? true : false,\r\n                    arrows          : (slider_conf.sliderNav) == \"true\" ? true : false,\r\n                    autoplay        : (slider_conf.slider_autoplay) == \"true\" ? true : false,\r\n                    slidesToScroll  : parseInt(slider_conf.slidesToScroll),\r\n                    centerPadding   : '15px',\r\n                    autoplaySpeed   : parseInt(slider_conf.autoplaySpeed),\r\n                    pauseOnHover    : (slider_conf.pauseOnHover) == \"true\" ? true : false,\r\n                    gap: 30,\r\n                    loop : false,\r\n                    rtl: false,\r\n                    responsive: [{\r\n                        breakpoint: 1025,\r\n                        settings: {\r\n                            slidesToShow: parseInt(slider_conf.col_md),\r\n                        }\r\n                    }, \r\n                    {\r\n                        breakpoint: 881,\r\n                        settings: {\r\n                            slidesToShow: parseInt(slider_conf.col_sm),\r\n                        }\r\n                    }, \r\n                    {\r\n                        breakpoint: 768,\r\n                        settings: {\r\n                            arrows: false,\r\n                            slidesToShow: parseInt(slider_conf.col_xs),\r\n                        }\r\n                    }, ]\r\n                    });\r\n                }        \r\n                });\r\n            });\r\n        <\/script>\r\n        \t\t<\/div>\n\t\t\t\t<\/div>\n\t\t\t\t\t<\/div>\n\t\t\t\t<\/div>\n\t\t\t\t<\/div>\n\t\t","protected":false},"excerpt":{"rendered":"<p>La SNH, un acteur majeur de l&rsquo;ITIE Le Cameroun est membre de l&rsquo;Initiative pour la Transparence dans les Industries Extractives (ITIE) depuis 2005. La SNH fait partie du Comit\u00e9 national de suivi de la mise en \u0153uvre des principes de l&rsquo;ITIE au Cameroun et dispose d&rsquo;un Comit\u00e9 ITIE en interne. Documents \u00e0 t\u00e9l\u00e9charger Le communiqu\u00e9&#8230;<\/p>\n","protected":false},"author":1,"featured_media":0,"parent":0,"menu_order":0,"comment_status":"closed","ping_status":"closed","template":"","meta":{"om_disable_all_campaigns":false,"_monsterinsights_skip_tracking":false,"_monsterinsights_sitenote_active":false,"_monsterinsights_sitenote_note":"","_monsterinsights_sitenote_category":0,"footnotes":""},"class_list":["post-31982","page","type-page","status-publish","hentry"],"aioseo_notices":[],"jetpack_sharing_enabled":true,"_links":{"self":[{"href":"http:\/\/207.244.241.76\/index.php\/wp-json\/wp\/v2\/pages\/31982","targetHints":{"allow":["GET"]}}],"collection":[{"href":"http:\/\/207.244.241.76\/index.php\/wp-json\/wp\/v2\/pages"}],"about":[{"href":"http:\/\/207.244.241.76\/index.php\/wp-json\/wp\/v2\/types\/page"}],"author":[{"embeddable":true,"href":"http:\/\/207.244.241.76\/index.php\/wp-json\/wp\/v2\/users\/1"}],"replies":[{"embeddable":true,"href":"http:\/\/207.244.241.76\/index.php\/wp-json\/wp\/v2\/comments?post=31982"}],"version-history":[{"count":31,"href":"http:\/\/207.244.241.76\/index.php\/wp-json\/wp\/v2\/pages\/31982\/revisions"}],"predecessor-version":[{"id":35361,"href":"http:\/\/207.244.241.76\/index.php\/wp-json\/wp\/v2\/pages\/31982\/revisions\/35361"}],"wp:attachment":[{"href":"http:\/\/207.244.241.76\/index.php\/wp-json\/wp\/v2\/media?parent=31982"}],"curies":[{"name":"wp","href":"https:\/\/api.w.org\/{rel}","templated":true}]}}