{"id":32201,"date":"2024-10-28T15:32:02","date_gmt":"2024-10-28T14:32:02","guid":{"rendered":"http:\/\/207.244.241.76\/?page_id=32201"},"modified":"2025-02-12T14:04:40","modified_gmt":"2025-02-12T13:04:40","slug":"reglementation","status":"publish","type":"page","link":"http:\/\/207.244.241.76\/index.php\/activites\/reglementation\/","title":{"rendered":"R\u00e9glementation"},"content":{"rendered":"\t\t<div data-elementor-type=\"wp-page\" data-elementor-id=\"32201\" class=\"elementor elementor-32201\">\n\t\t\t\t\r\n\t\t<div class=\"default no-position show_shadow rs-sticky-default elementor-element elementor-element-74cb07a e-flex e-con-boxed e-con e-parent\" data-id=\"74cb07a\" data-element_type=\"container\" data-settings=\"{&quot;background_background&quot;:&quot;classic&quot;}\">\n\t\t\t\t\t<div class=\"e-con-inner\">\n\t\t\r\n\t\t<div class=\"default no-position show_shadow rs-sticky-default elementor-element elementor-element-6f2eddd e-con-full e-flex e-con e-child\" data-id=\"6f2eddd\" data-element_type=\"container\">\n\t\t\r\n\t\t<div class=\"default no-position show_shadow rs-sticky-default elementor-element elementor-element-404caeb e-con-full e-flex e-con e-child\" data-id=\"404caeb\" data-element_type=\"container\">\n\t\t\r\n\t\t\t\t<div class=\"elementor-element elementor-element-3aced82 elementor-widget elementor-widget-image\" data-id=\"3aced82\" data-element_type=\"widget\" data-widget_type=\"image.default\">\n\t\t\t\t<div class=\"elementor-widget-container\">\n\t\t\t\t\t\t\t\t\t\t\t\t\t<img fetchpriority=\"high\" decoding=\"async\" width=\"1600\" height=\"765\" src=\"https:\/\/i0.wp.com\/207.244.241.76\/wp-content\/uploads\/2024\/10\/image-reglementation.jpg?fit=1600%2C765\" class=\"attachment-full size-full wp-image-32227\" alt=\"\" \/>\t\t\t\t\t\t\t\t\t\t\t\t\t<\/div>\n\t\t\t\t<\/div>\n\t\t\r\n\t\t\t\t<div class=\"elementor-element elementor-element-83ece1f elementor-widget elementor-widget-heading\" data-id=\"83ece1f\" data-element_type=\"widget\" data-widget_type=\"heading.default\">\n\t\t\t\t<div class=\"elementor-widget-container\">\n\t\t\t<h3 class=\"elementor-heading-title elementor-size-default\">Un r\u00e9gime p\u00e9trolier souple et incitatif<\/h3>\t\t<\/div>\n\t\t\t\t<\/div>\n\t\t\r\n\t\t\t\t<div class=\"elementor-element elementor-element-7f47358 elementor-widget elementor-widget-text-editor\" data-id=\"7f47358\" data-element_type=\"widget\" data-widget_type=\"text-editor.default\">\n\t\t\t\t<div class=\"elementor-widget-container\">\n\t\t\t\t\t\t\t<p align=\"justify\"><span style=\"font-family: Rockwell, serif;\">Le Code p\u00e9trolier fixe les modalit\u00e9s de prospection, de recherche, d\u2019exploitation et de transport des hydrocarbures, de m\u00eame qu\u2019il pr\u00e9cise les droits et obligations li\u00e9s aux op\u00e9rations p\u00e9troli\u00e8res. Sa flexibilit\u00e9 permet de n\u00e9gocier les trois types de contrats : le Contrat de Concession, le Contrat de Partage de Production et le Contrat de Service \u00e0 Risque.<\/span><\/p>\n<p align=\"justify\"><span style=\"font-family: Rockwell, serif;\">Le Code gazier pr\u00e9cise notamment les dispositions comptables, financi\u00e8res, fiscales et douani\u00e8res applicables aux activit\u00e9s li\u00e9es \u00e0 la mise en valeur du gaz. Il pr\u00e9voit le r\u00e9gime de concession, le r\u00e9gime de licence et le r\u00e9gime d\u2019autorisation.<\/span><\/p>\n<p align=\"justify\"><span style=\"font-family: Rockwell, serif;\">Ces textes pr\u00e9voient des mesures incitatives afin de favoriser les investissements dans le secteur des hydrocarbures.<\/span><\/p>\t\t\t\t\t\t<\/div>\n\t\t\t\t<\/div>\n\t\t\r\n\t\t\t\t<div class=\"elementor-element elementor-element-18660db elementor-widget elementor-widget-heading\" data-id=\"18660db\" data-element_type=\"widget\" data-widget_type=\"heading.default\">\n\t\t\t\t<div class=\"elementor-widget-container\">\n\t\t\t<h3 class=\"elementor-heading-title elementor-size-default\">Documentations \u00e0 t\u00e9l\u00e9charger<\/h3>\t\t<\/div>\n\t\t\t\t<\/div>\n\t\t\r\n\t\t\t\t<div class=\"elementor-element elementor-element-ada96e5 elementor-widget elementor-widget-prelements-blog-slider\" data-id=\"ada96e5\" data-element_type=\"widget\" data-widget_type=\"prelements-blog-slider.default\">\n\t\t\t\t<div class=\"elementor-widget-container\">\n\t\t\t\r\n            <div class=\"prelements-unique-slider prelements-blog-grid\">\r\n            <!-- Default Old Style -->           \r\n            <div id=\"prelements-slick-slider-28388\" class=\"prelements-addon-slider blog_style_defaultlayout\">\r\n                \r\n<div class=\"pre-blog-item\">\r\n    <div class=\"blog-inner-wrap\">\r\n        <div class=\"pre-image-wrap\">\r\n                    <\/div>  \r\n\r\n        <div class=\"pre-blog-content\">                 \r\n                            <h3 class=\"pre-post-title\"><a class=\"pre-pointer-events\" href=\"http:\/\/207.244.241.76\/index.php\/2024\/10\/28\/decret-dapplication-de-la-loi-portant-valorisation-des-gaz-associes\/\">\r\n                    D\u00e9cret d&rsquo;application de la loi portant valorisation des gaz associ\u00e9s<\/a>\r\n                <\/h3>\r\n                       \r\n\r\n            \r\n            \r\n            \r\n        <\/div>\r\n    <\/div>\r\n<\/div>\r\n\r\n\r\n<div class=\"pre-blog-item\">\r\n    <div class=\"blog-inner-wrap\">\r\n        <div class=\"pre-image-wrap\">\r\n                    <\/div>  \r\n\r\n        <div class=\"pre-blog-content\">                 \r\n                            <h3 class=\"pre-post-title\"><a class=\"pre-pointer-events\" href=\"http:\/\/207.244.241.76\/index.php\/2024\/10\/28\/arrete-fixant-les-categories-doperations-soumises-a-une-etude-dimpact-environnemental-et-social\/\">\r\n                    Arr\u00eat\u00e9 fixant les cat\u00e9gories d&rsquo;op\u00e9rations soumises \u00e0 une \u00e9tude d&rsquo;impact environnemental et social<\/a>\r\n                <\/h3>\r\n                       \r\n\r\n            \r\n            \r\n            \r\n        <\/div>\r\n    <\/div>\r\n<\/div>\r\n\r\n\r\n<div class=\"pre-blog-item\">\r\n    <div class=\"blog-inner-wrap\">\r\n        <div class=\"pre-image-wrap\">\r\n                    <\/div>  \r\n\r\n        <div class=\"pre-blog-content\">                 \r\n                            <h3 class=\"pre-post-title\"><a class=\"pre-pointer-events\" href=\"http:\/\/207.244.241.76\/index.php\/2024\/10\/28\/modele-daccord-pour-lacquisition-de-donnees-ep-en-anglais\/\">\r\n                    Mod\u00e8le d&rsquo;accord pour l&rsquo;acquisition de donn\u00e9es E&amp;P (en anglais)<\/a>\r\n                <\/h3>\r\n                       \r\n\r\n            \r\n            \r\n            \r\n        <\/div>\r\n    <\/div>\r\n<\/div>\r\n\r\n\r\n<div class=\"pre-blog-item\">\r\n    <div class=\"blog-inner-wrap\">\r\n        <div class=\"pre-image-wrap\">\r\n                    <\/div>  \r\n\r\n        <div class=\"pre-blog-content\">                 \r\n                            <h3 class=\"pre-post-title\"><a class=\"pre-pointer-events\" href=\"http:\/\/207.244.241.76\/index.php\/2024\/10\/28\/loi-sur-le-developpement-des-gaz-associes\/\">\r\n                    Loi sur le d\u00e9veloppement des gaz associ\u00e9s<\/a>\r\n                <\/h3>\r\n                       \r\n\r\n            \r\n            \r\n            \r\n        <\/div>\r\n    <\/div>\r\n<\/div>\r\n\r\n\r\n<div class=\"pre-blog-item\">\r\n    <div class=\"blog-inner-wrap\">\r\n        <div class=\"pre-image-wrap\">\r\n                    <\/div>  \r\n\r\n        <div class=\"pre-blog-content\">                 \r\n                            <h3 class=\"pre-post-title\"><a class=\"pre-pointer-events\" href=\"http:\/\/207.244.241.76\/index.php\/2024\/10\/28\/loi-cadre-gestion-de-lenvironnement\/\">\r\n                    Loi cadre-gestion de l&rsquo;environnement<\/a>\r\n                <\/h3>\r\n                       \r\n\r\n            \r\n            \r\n            \r\n        <\/div>\r\n    <\/div>\r\n<\/div>\r\n\r\n\r\n<div class=\"pre-blog-item\">\r\n    <div class=\"blog-inner-wrap\">\r\n        <div class=\"pre-image-wrap\">\r\n                    <\/div>  \r\n\r\n        <div class=\"pre-blog-content\">                 \r\n                            <h3 class=\"pre-post-title\"><a class=\"pre-pointer-events\" href=\"http:\/\/207.244.241.76\/index.php\/2024\/10\/28\/decret-fixant-les-modalites-de-realisation-des-etudes-dimpact-environnemental-et-social\/\">\r\n                    D\u00e9cret fixant les modalit\u00e9s de r\u00e9alisation des \u00e9tudes d&rsquo;impact environnemental et social<\/a>\r\n                <\/h3>\r\n                       \r\n\r\n            \r\n            \r\n            \r\n        <\/div>\r\n    <\/div>\r\n<\/div>\r\n\r\n\r\n<div class=\"pre-blog-item\">\r\n    <div class=\"blog-inner-wrap\">\r\n        <div class=\"pre-image-wrap\">\r\n                    <\/div>  \r\n\r\n        <div class=\"pre-blog-content\">                 \r\n                            <h3 class=\"pre-post-title\"><a class=\"pre-pointer-events\" href=\"http:\/\/207.244.241.76\/index.php\/2024\/10\/28\/decret-fixant-les-modalites-dapplication-de-la-loi-2019-008-du-25-avril-2019-portant-code-petrolier-2\/\">\r\n                    D\u00e9cret fixant les modalit\u00e9s d&rsquo;application de la loi 2019\/008 du 25 avril 2019 portant Code P\u00e9trolier<\/a>\r\n                <\/h3>\r\n                       \r\n\r\n            \r\n            \r\n            \r\n        <\/div>\r\n    <\/div>\r\n<\/div>\r\n\r\n\r\n<div class=\"pre-blog-item\">\r\n    <div class=\"blog-inner-wrap\">\r\n        <div class=\"pre-image-wrap\">\r\n                    <\/div>  \r\n\r\n        <div class=\"pre-blog-content\">                 \r\n                            <h3 class=\"pre-post-title\"><a class=\"pre-pointer-events\" href=\"http:\/\/207.244.241.76\/index.php\/2024\/10\/28\/contrat-de-partage-de-production-cpp-type-2\/\">\r\n                    Contrat de Partage de Production (CPP) type<\/a>\r\n                <\/h3>\r\n                       \r\n\r\n            \r\n            \r\n            \r\n        <\/div>\r\n    <\/div>\r\n<\/div>\r\n\r\n\r\n<div class=\"pre-blog-item\">\r\n    <div class=\"blog-inner-wrap\">\r\n        <div class=\"pre-image-wrap\">\r\n                    <\/div>  \r\n\r\n        <div class=\"pre-blog-content\">                 \r\n                            <h3 class=\"pre-post-title\"><a class=\"pre-pointer-events\" href=\"http:\/\/207.244.241.76\/index.php\/2024\/10\/28\/code-petrolier-2019-2\/\">\r\n                    Code P\u00e9trolier (2019)<\/a>\r\n                <\/h3>\r\n                       \r\n\r\n            \r\n            \r\n            \r\n        <\/div>\r\n    <\/div>\r\n<\/div>\r\n\r\n                 \r\n            <\/div>           \r\n            <!-- End Default Old Style -->\r\n            <div class=\"prelements-slider-conf wpsisac-hide\" data-conf=\"{&quot;slidesToShow&quot;:&quot;2&quot;,&quot;autoplaySpeed&quot;:3000,&quot;interval&quot;:3000,&quot;slidesToScroll&quot;:&quot;1&quot;,&quot;slider_autoplay&quot;:&quot;false&quot;,&quot;pauseOnHover&quot;:&quot;false&quot;,&quot;sliderDots&quot;:&quot;true&quot;,&quot;sliderNav&quot;:&quot;false&quot;,&quot;centerMode&quot;:&quot;false&quot;,&quot;col_lg&quot;:&quot;2&quot;,&quot;col_md&quot;:&quot;2&quot;,&quot;col_sm&quot;:2,&quot;col_xs&quot;:1}\"><\/div>\r\n            <\/div> \r\n            <script type=\"text\/javascript\"> \r\n            jQuery(document).ready(function(){\r\n                jQuery( '.prelements-addon-slider' ).each(function( index ) {        \r\n                    var slider_id       = jQuery(this).attr('id'); \r\n                    var slider_conf     = jQuery.parseJSON( jQuery(this).closest('.prelements-unique-slider').find('.prelements-slider-conf').attr('data-conf'));               \r\n                    if( typeof(slider_id) != 'undefined' && slider_id != '' ) {\r\n                    jQuery('#'+slider_id).not('.slick-initialized').slick({\r\n                    slidesToShow    : parseInt(slider_conf.col_lg),\r\n                    centerMode      : (slider_conf.centerMode)  == \"true\" ? true : false,\r\n                    dots            : (slider_conf.sliderDots)  == \"true\" ? true : false,\r\n                    arrows          : (slider_conf.sliderNav) == \"true\" ? true : false,\r\n                    autoplay        : (slider_conf.slider_autoplay) == \"true\" ? true : false,\r\n                    slidesToScroll  : parseInt(slider_conf.slidesToScroll),\r\n                    centerPadding   : '15px',\r\n                    autoplaySpeed   : parseInt(slider_conf.autoplaySpeed),\r\n                    pauseOnHover    : (slider_conf.pauseOnHover) == \"true\" ? true : false,\r\n                    gap: 30,\r\n                    loop : false,\r\n                    rtl: false,\r\n                    responsive: [{\r\n                        breakpoint: 1025,\r\n                        settings: {\r\n                            slidesToShow: parseInt(slider_conf.col_md),\r\n                        }\r\n                    }, \r\n                    {\r\n                        breakpoint: 881,\r\n                        settings: {\r\n                            slidesToShow: parseInt(slider_conf.col_sm),\r\n                        }\r\n                    }, \r\n                    {\r\n                        breakpoint: 768,\r\n                        settings: {\r\n                            arrows: false,\r\n                            slidesToShow: parseInt(slider_conf.col_xs),\r\n                        }\r\n                    }, ]\r\n                    });\r\n                }        \r\n                });\r\n            });\r\n        <\/script>\r\n        \t\t<\/div>\n\t\t\t\t<\/div>\n\t\t\t\t<\/div>\n\t\t\r\n\t\t<div class=\"default no-position show_shadow rs-sticky-default elementor-element elementor-element-44cabac e-con-full e-flex e-con e-child\" data-id=\"44cabac\" data-element_type=\"container\">\n\t\t\r\n\t\t<div class=\"default no-position show_shadow rs-sticky-default elementor-element elementor-element-ff91cdc elementor-hidden-tablet elementor-hidden-mobile e-flex e-con-boxed e-con e-child\" data-id=\"ff91cdc\" data-element_type=\"container\" data-settings=\"{&quot;background_background&quot;:&quot;classic&quot;}\">\n\t\t\t\t\t<div class=\"e-con-inner\">\n\t\t\r\n\t\t\t\t<div class=\"elementor-element elementor-element-966ad25 elementor-widget elementor-widget-heading\" data-id=\"966ad25\" data-element_type=\"widget\" data-widget_type=\"heading.default\">\n\t\t\t\t<div class=\"elementor-widget-container\">\n\t\t\t<h3 class=\"elementor-heading-title elementor-size-default\">Secteurs d'activit\u00e9<\/h3>\t\t<\/div>\n\t\t\t\t<\/div>\n\t\t\r\n\t\t\t\t<div class=\"elementor-element elementor-element-0fe4dac hfe-submenu-icon-hide_default hfe-nav-menu__breakpoint-none elementor-widget__width-initial hfe-link-redirect-child elementor-widget elementor-widget-navigation-menu\" data-id=\"0fe4dac\" data-element_type=\"widget\" data-settings=\"{&quot;padding_horizontal_menu_item&quot;:{&quot;unit&quot;:&quot;px&quot;,&quot;top&quot;:&quot;16&quot;,&quot;right&quot;:&quot;20&quot;,&quot;bottom&quot;:&quot;16&quot;,&quot;left&quot;:&quot;20&quot;,&quot;isLinked&quot;:false},&quot;main_menu_border_radius&quot;:{&quot;unit&quot;:&quot;px&quot;,&quot;top&quot;:&quot;2&quot;,&quot;right&quot;:&quot;2&quot;,&quot;bottom&quot;:&quot;2&quot;,&quot;left&quot;:&quot;2&quot;,&quot;isLinked&quot;:true},&quot;location_area_padding&quot;:{&quot;unit&quot;:&quot;px&quot;,&quot;top&quot;:&quot;&quot;,&quot;right&quot;:&quot;&quot;,&quot;bottom&quot;:&quot;&quot;,&quot;left&quot;:&quot;&quot;,&quot;isLinked&quot;:true},&quot;location_area_padding_tablet&quot;:{&quot;unit&quot;:&quot;px&quot;,&quot;top&quot;:&quot;&quot;,&quot;right&quot;:&quot;&quot;,&quot;bottom&quot;:&quot;&quot;,&quot;left&quot;:&quot;&quot;,&quot;isLinked&quot;:true},&quot;location_area_padding_mobile&quot;:{&quot;unit&quot;:&quot;px&quot;,&quot;top&quot;:&quot;&quot;,&quot;right&quot;:&quot;&quot;,&quot;bottom&quot;:&quot;&quot;,&quot;left&quot;:&quot;&quot;,&quot;isLinked&quot;:true},&quot;padding_horizontal_menu_item_tablet&quot;:{&quot;unit&quot;:&quot;px&quot;,&quot;top&quot;:&quot;&quot;,&quot;right&quot;:&quot;&quot;,&quot;bottom&quot;:&quot;&quot;,&quot;left&quot;:&quot;&quot;,&quot;isLinked&quot;:true},&quot;padding_horizontal_menu_item_mobile&quot;:{&quot;unit&quot;:&quot;px&quot;,&quot;top&quot;:&quot;&quot;,&quot;right&quot;:&quot;&quot;,&quot;bottom&quot;:&quot;&quot;,&quot;left&quot;:&quot;&quot;,&quot;isLinked&quot;:true},&quot;menu_bottom_space_last_zero&quot;:{&quot;unit&quot;:&quot;px&quot;,&quot;size&quot;:&quot;&quot;,&quot;sizes&quot;:[]},&quot;menu_bottom_space_last_zero_tablet&quot;:{&quot;unit&quot;:&quot;px&quot;,&quot;size&quot;:&quot;&quot;,&quot;sizes&quot;:[]},&quot;menu_bottom_space_last_zero_mobile&quot;:{&quot;unit&quot;:&quot;px&quot;,&quot;size&quot;:&quot;&quot;,&quot;sizes&quot;:[]},&quot;main_menu_border_radius_tablet&quot;:{&quot;unit&quot;:&quot;px&quot;,&quot;top&quot;:&quot;&quot;,&quot;right&quot;:&quot;&quot;,&quot;bottom&quot;:&quot;&quot;,&quot;left&quot;:&quot;&quot;,&quot;isLinked&quot;:true},&quot;main_menu_border_radius_mobile&quot;:{&quot;unit&quot;:&quot;px&quot;,&quot;top&quot;:&quot;&quot;,&quot;right&quot;:&quot;&quot;,&quot;bottom&quot;:&quot;&quot;,&quot;left&quot;:&quot;&quot;,&quot;isLinked&quot;:true},&quot;main_menu_hover_border_radius&quot;:{&quot;unit&quot;:&quot;px&quot;,&quot;top&quot;:&quot;&quot;,&quot;right&quot;:&quot;&quot;,&quot;bottom&quot;:&quot;&quot;,&quot;left&quot;:&quot;&quot;,&quot;isLinked&quot;:true},&quot;main_menu_hover_border_radius_tablet&quot;:{&quot;unit&quot;:&quot;px&quot;,&quot;top&quot;:&quot;&quot;,&quot;right&quot;:&quot;&quot;,&quot;bottom&quot;:&quot;&quot;,&quot;left&quot;:&quot;&quot;,&quot;isLinked&quot;:true},&quot;main_menu_hover_border_radius_mobile&quot;:{&quot;unit&quot;:&quot;px&quot;,&quot;top&quot;:&quot;&quot;,&quot;right&quot;:&quot;&quot;,&quot;bottom&quot;:&quot;&quot;,&quot;left&quot;:&quot;&quot;,&quot;isLinked&quot;:true},&quot;dropdown_border_radius&quot;:{&quot;unit&quot;:&quot;px&quot;,&quot;top&quot;:&quot;&quot;,&quot;right&quot;:&quot;&quot;,&quot;bottom&quot;:&quot;&quot;,&quot;left&quot;:&quot;&quot;,&quot;isLinked&quot;:true},&quot;dropdown_border_radius_tablet&quot;:{&quot;unit&quot;:&quot;px&quot;,&quot;top&quot;:&quot;&quot;,&quot;right&quot;:&quot;&quot;,&quot;bottom&quot;:&quot;&quot;,&quot;left&quot;:&quot;&quot;,&quot;isLinked&quot;:true},&quot;dropdown_border_radius_mobile&quot;:{&quot;unit&quot;:&quot;px&quot;,&quot;top&quot;:&quot;&quot;,&quot;right&quot;:&quot;&quot;,&quot;bottom&quot;:&quot;&quot;,&quot;left&quot;:&quot;&quot;,&quot;isLinked&quot;:true},&quot;padding_horizontal_dropdown_item&quot;:{&quot;unit&quot;:&quot;px&quot;,&quot;size&quot;:&quot;&quot;,&quot;sizes&quot;:[]},&quot;padding_horizontal_dropdown_item_tablet&quot;:{&quot;unit&quot;:&quot;px&quot;,&quot;size&quot;:&quot;&quot;,&quot;sizes&quot;:[]},&quot;padding_horizontal_dropdown_item_mobile&quot;:{&quot;unit&quot;:&quot;px&quot;,&quot;size&quot;:&quot;&quot;,&quot;sizes&quot;:[]},&quot;padding_vertical_dropdown_item&quot;:{&quot;unit&quot;:&quot;px&quot;,&quot;size&quot;:15,&quot;sizes&quot;:[]},&quot;padding_vertical_dropdown_item_tablet&quot;:{&quot;unit&quot;:&quot;px&quot;,&quot;size&quot;:&quot;&quot;,&quot;sizes&quot;:[]},&quot;padding_vertical_dropdown_item_mobile&quot;:{&quot;unit&quot;:&quot;px&quot;,&quot;size&quot;:&quot;&quot;,&quot;sizes&quot;:[]},&quot;distance_from_menu&quot;:{&quot;unit&quot;:&quot;px&quot;,&quot;size&quot;:&quot;&quot;,&quot;sizes&quot;:[]},&quot;distance_from_menu_tablet&quot;:{&quot;unit&quot;:&quot;px&quot;,&quot;size&quot;:&quot;&quot;,&quot;sizes&quot;:[]},&quot;distance_from_menu_mobile&quot;:{&quot;unit&quot;:&quot;px&quot;,&quot;size&quot;:&quot;&quot;,&quot;sizes&quot;:[]},&quot;toggle_size&quot;:{&quot;unit&quot;:&quot;px&quot;,&quot;size&quot;:&quot;&quot;,&quot;sizes&quot;:[]},&quot;toggle_size_tablet&quot;:{&quot;unit&quot;:&quot;px&quot;,&quot;size&quot;:&quot;&quot;,&quot;sizes&quot;:[]},&quot;toggle_size_mobile&quot;:{&quot;unit&quot;:&quot;px&quot;,&quot;size&quot;:&quot;&quot;,&quot;sizes&quot;:[]},&quot;toggle_border_width&quot;:{&quot;unit&quot;:&quot;px&quot;,&quot;size&quot;:&quot;&quot;,&quot;sizes&quot;:[]},&quot;toggle_border_width_tablet&quot;:{&quot;unit&quot;:&quot;px&quot;,&quot;size&quot;:&quot;&quot;,&quot;sizes&quot;:[]},&quot;toggle_border_width_mobile&quot;:{&quot;unit&quot;:&quot;px&quot;,&quot;size&quot;:&quot;&quot;,&quot;sizes&quot;:[]},&quot;toggle_border_radius&quot;:{&quot;unit&quot;:&quot;px&quot;,&quot;size&quot;:&quot;&quot;,&quot;sizes&quot;:[]},&quot;toggle_border_radius_tablet&quot;:{&quot;unit&quot;:&quot;px&quot;,&quot;size&quot;:&quot;&quot;,&quot;sizes&quot;:[]},&quot;toggle_border_radius_mobile&quot;:{&quot;unit&quot;:&quot;px&quot;,&quot;size&quot;:&quot;&quot;,&quot;sizes&quot;:[]}}\" data-widget_type=\"navigation-menu.default\">\n\t\t\t\t<div class=\"elementor-widget-container\">\n\t\t\t\n\t\t<style>\n\t\t\t.hfe-layout-vertical .left-arrow ul .menu-item:hover a:after {\n\t\t\t\tbackground: !important;\n\t\t\t}\n\t\t\t.hfe-layout-vertical .left-arrow ul .menu-item:hover a:before {\n\t\t\t\tborder-left: 6px solid \t\t\t}\n\t\t<\/style>\n\n\t\t\t\t\t<div class=\"hfe-nav-menu hfe-layout-vertical normal hfe-nav-menu-layout mega_columns1 vertical\" data-layout=\"vertical\">\n\t\t\t\t<div class=\"hfe-nav-menu__toggle elementor-clickable\">\n\t\t\t\t\t<div class=\"hfe-nav-menu-icon\">\n\t\t\t\t\t\t\t\t\t\t\t<\/div>\n\t\t\t\t<\/div>\n\t\t\t\t\n\t\t\t\t<nav class=\"hfe-nav-menu__layout-vertical hfe-nav-menu__submenu-hide_default rs_one_columns no-separator no-arrow no-circle hide_default icon-enable\" data-toggle-icon=\"\" data-close-icon=\"\" data-full-width=\"\">\n\t\t\t\t\t<ul id=\"menu-1-0fe4dac\" class=\"hfe-nav-menu\"><li id=\"menu-item-21550\" class=\"menu-item menu-item-type-post_type menu-item-object-page parent hfe-creative-menu\"><a href=\"http:\/\/207.244.241.76\/index.php\/activites\/promotion\/\" class = \"hfe-menu-item\">Promotion<em class=\"rs__menu_sp_dyc\"><i class=\"ri-arrow-right-line\"><\/i><\/em><\/a><\/li>\n<li id=\"menu-item-21409\" class=\"menu-item menu-item-type-post_type menu-item-object-page parent hfe-creative-menu\"><a href=\"http:\/\/207.244.241.76\/index.php\/activites\/exploration-production\/\" class = \"hfe-menu-item\">Exploration &#038; Production<em class=\"rs__menu_sp_dyc\"><i class=\"ri-arrow-right-line\"><\/i><\/em><\/a><\/li>\n<li id=\"menu-item-21411\" class=\"menu-item menu-item-type-post_type menu-item-object-page parent hfe-creative-menu\"><a href=\"http:\/\/207.244.241.76\/index.php\/activites\/commercialisation\/\" class = \"hfe-menu-item\">Commercialisation<em class=\"rs__menu_sp_dyc\"><i class=\"ri-arrow-right-line\"><\/i><\/em><\/a><\/li>\n<li id=\"menu-item-33082\" class=\"menu-item menu-item-type-post_type menu-item-object-page parent hfe-creative-menu\"><a href=\"http:\/\/207.244.241.76\/index.php\/activites\/reglementation\/\" class = \"hfe-menu-item\">R\u00e9glementation<em class=\"rs__menu_sp_dyc\"><i class=\"ri-arrow-right-line\"><\/i><\/em><\/a><\/li>\n<\/ul>\t\t\t\t<\/nav>              \n\t\t\t<\/div>\n\n\t\t\t\t\t<\/div>\n\t\t\t\t<\/div>\n\t\t\t\t\t<\/div>\n\t\t\t\t<\/div>\n\t\t\t\t<\/div>\n\t\t\t\t<\/div>\n\t\t\t\t\t<\/div>\n\t\t\t\t<\/div>\n\t\t\t\t<\/div>\n\t\t","protected":false},"excerpt":{"rendered":"<p>Un r\u00e9gime p\u00e9trolier souple et incitatif Le Code p\u00e9trolier fixe les modalit\u00e9s de prospection, de recherche, d\u2019exploitation et de transport des hydrocarbures, de m\u00eame qu\u2019il pr\u00e9cise les droits et obligations li\u00e9s aux op\u00e9rations p\u00e9troli\u00e8res. Sa flexibilit\u00e9 permet de n\u00e9gocier les trois types de contrats : le Contrat de Concession, le Contrat de Partage de Production&#8230;<\/p>\n","protected":false},"author":1,"featured_media":0,"parent":26,"menu_order":0,"comment_status":"closed","ping_status":"closed","template":"elementor_header_footer","meta":{"om_disable_all_campaigns":false,"_monsterinsights_skip_tracking":false,"_monsterinsights_sitenote_active":false,"_monsterinsights_sitenote_note":"","_monsterinsights_sitenote_category":0,"footnotes":""},"class_list":["post-32201","page","type-page","status-publish","hentry"],"aioseo_notices":[],"jetpack_sharing_enabled":true,"_links":{"self":[{"href":"http:\/\/207.244.241.76\/index.php\/wp-json\/wp\/v2\/pages\/32201","targetHints":{"allow":["GET"]}}],"collection":[{"href":"http:\/\/207.244.241.76\/index.php\/wp-json\/wp\/v2\/pages"}],"about":[{"href":"http:\/\/207.244.241.76\/index.php\/wp-json\/wp\/v2\/types\/page"}],"author":[{"embeddable":true,"href":"http:\/\/207.244.241.76\/index.php\/wp-json\/wp\/v2\/users\/1"}],"replies":[{"embeddable":true,"href":"http:\/\/207.244.241.76\/index.php\/wp-json\/wp\/v2\/comments?post=32201"}],"version-history":[{"count":37,"href":"http:\/\/207.244.241.76\/index.php\/wp-json\/wp\/v2\/pages\/32201\/revisions"}],"predecessor-version":[{"id":35748,"href":"http:\/\/207.244.241.76\/index.php\/wp-json\/wp\/v2\/pages\/32201\/revisions\/35748"}],"up":[{"embeddable":true,"href":"http:\/\/207.244.241.76\/index.php\/wp-json\/wp\/v2\/pages\/26"}],"wp:attachment":[{"href":"http:\/\/207.244.241.76\/index.php\/wp-json\/wp\/v2\/media?parent=32201"}],"curies":[{"name":"wp","href":"https:\/\/api.w.org\/{rel}","templated":true}]}}