{"id":34759,"date":"2024-11-26T11:55:30","date_gmt":"2024-11-26T10:55:30","guid":{"rendered":"http:\/\/207.244.241.76\/?page_id=34759"},"modified":"2024-12-03T14:29:28","modified_gmt":"2024-12-03T13:29:28","slug":"portefeuille-snh","status":"publish","type":"page","link":"http:\/\/207.244.241.76\/index.php\/organisation\/portefeuille-snh\/","title":{"rendered":"Portefeuille SNH"},"content":{"rendered":"\t\t<div data-elementor-type=\"wp-page\" data-elementor-id=\"34759\" class=\"elementor elementor-34759\">\n\t\t\t\t\r\n\t\t<div class=\"default no-position show_shadow rs-sticky-default elementor-element elementor-element-630643e e-flex e-con-boxed e-con e-parent\" data-id=\"630643e\" data-element_type=\"container\">\n\t\t\t\t\t<div class=\"e-con-inner\">\n\t\t\r\n\t\t\t\t<div class=\"elementor-element elementor-element-682abc0 elementor-widget elementor-widget-rs-heading\" data-id=\"682abc0\" data-element_type=\"widget\" data-widget_type=\"rs-heading.default\">\n\t\t\t\t<div class=\"elementor-widget-container\">\n\t\t\t\n\t\t<div class=\"prelements-heading style1  \">\n\t\t\t<div class=\"title-inner\">\n\t\t\t\t<h4 class=\"title rs-split-text-disable \">Un groupe en expansion<\/h4>\n\t\t\t<\/div>\n\t\t\t\t\t\t\t<div class=\"description\">\n\t\t\t\t\t<p><span style=\"font-size: medium\">La SNH est en r\u00e9alit\u00e9 un groupe, car elle d\u00e9tient des participations dans diverses soci\u00e9t\u00e9s du secteur p\u00e9trolier, parap\u00e9trolier et connexe. Le portefeuille de la SNH compte 12 entreprises.<\/span><\/p>\t\t\t\t<\/div>\n\t\t\t\t\t<\/div>\n\t\t<\/div>\n\t\t\t\t<\/div>\n\t\t\t\t\t<\/div>\n\t\t\t\t<\/div>\n\t\t\r\n\t\t<div class=\"default no-position show_shadow rs-sticky-default elementor-element elementor-element-1a021b8 e-flex e-con-boxed e-con e-parent\" data-id=\"1a021b8\" data-element_type=\"container\">\n\t\t\t\t\t<div class=\"e-con-inner\">\n\t\t\r\n\t\t\t\t<div class=\"elementor-element elementor-element-9519a47 elementor-widget elementor-widget-image\" data-id=\"9519a47\" data-element_type=\"widget\" data-widget_type=\"image.default\">\n\t\t\t\t<div class=\"elementor-widget-container\">\n\t\t\t\t\t\t\t\t\t\t\t\t\t<img fetchpriority=\"high\" decoding=\"async\" width=\"2560\" height=\"1810\" src=\"https:\/\/i0.wp.com\/207.244.241.76\/wp-content\/uploads\/2024\/12\/Graphique-SNH-scaled.jpg?fit=2560%2C1810\" class=\"attachment-full size-full wp-image-35417\" alt=\"\" srcset=\"https:\/\/i0.wp.com\/207.244.241.76\/wp-content\/uploads\/2024\/12\/Graphique-SNH-scaled.jpg?w=2560 2560w, https:\/\/i0.wp.com\/207.244.241.76\/wp-content\/uploads\/2024\/12\/Graphique-SNH-scaled.jpg?resize=300%2C212 300w, https:\/\/i0.wp.com\/207.244.241.76\/wp-content\/uploads\/2024\/12\/Graphique-SNH-scaled.jpg?resize=1024%2C724 1024w, https:\/\/i0.wp.com\/207.244.241.76\/wp-content\/uploads\/2024\/12\/Graphique-SNH-scaled.jpg?resize=768%2C543 768w, https:\/\/i0.wp.com\/207.244.241.76\/wp-content\/uploads\/2024\/12\/Graphique-SNH-scaled.jpg?resize=1536%2C1086 1536w, https:\/\/i0.wp.com\/207.244.241.76\/wp-content\/uploads\/2024\/12\/Graphique-SNH-scaled.jpg?resize=2048%2C1448 2048w, https:\/\/i0.wp.com\/207.244.241.76\/wp-content\/uploads\/2024\/12\/Graphique-SNH-scaled.jpg?w=1280 1280w, https:\/\/i0.wp.com\/207.244.241.76\/wp-content\/uploads\/2024\/12\/Graphique-SNH-scaled.jpg?w=1920 1920w\" sizes=\"(max-width: 640px) 100vw, 640px\" \/>\t\t\t\t\t\t\t\t\t\t\t\t\t<\/div>\n\t\t\t\t<\/div>\n\t\t\t\t\t<\/div>\n\t\t\t\t<\/div>\n\t\t\t\t<\/div>\n\t\t","protected":false},"excerpt":{"rendered":"<p>Un groupe en expansion La SNH est en r\u00e9alit\u00e9 un groupe, car elle d\u00e9tient des participations dans diverses soci\u00e9t\u00e9s du secteur p\u00e9trolier, parap\u00e9trolier et connexe. Le portefeuille de la SNH compte 12 entreprises.<\/p>\n","protected":false},"author":1,"featured_media":0,"parent":29571,"menu_order":0,"comment_status":"closed","ping_status":"closed","template":"","meta":{"om_disable_all_campaigns":false,"_monsterinsights_skip_tracking":false,"_monsterinsights_sitenote_active":false,"_monsterinsights_sitenote_note":"","_monsterinsights_sitenote_category":0,"footnotes":""},"class_list":["post-34759","page","type-page","status-publish","hentry"],"aioseo_notices":[],"jetpack_sharing_enabled":true,"_links":{"self":[{"href":"http:\/\/207.244.241.76\/index.php\/wp-json\/wp\/v2\/pages\/34759","targetHints":{"allow":["GET"]}}],"collection":[{"href":"http:\/\/207.244.241.76\/index.php\/wp-json\/wp\/v2\/pages"}],"about":[{"href":"http:\/\/207.244.241.76\/index.php\/wp-json\/wp\/v2\/types\/page"}],"author":[{"embeddable":true,"href":"http:\/\/207.244.241.76\/index.php\/wp-json\/wp\/v2\/users\/1"}],"replies":[{"embeddable":true,"href":"http:\/\/207.244.241.76\/index.php\/wp-json\/wp\/v2\/comments?post=34759"}],"version-history":[{"count":16,"href":"http:\/\/207.244.241.76\/index.php\/wp-json\/wp\/v2\/pages\/34759\/revisions"}],"predecessor-version":[{"id":35420,"href":"http:\/\/207.244.241.76\/index.php\/wp-json\/wp\/v2\/pages\/34759\/revisions\/35420"}],"up":[{"embeddable":true,"href":"http:\/\/207.244.241.76\/index.php\/wp-json\/wp\/v2\/pages\/29571"}],"wp:attachment":[{"href":"http:\/\/207.244.241.76\/index.php\/wp-json\/wp\/v2\/media?parent=34759"}],"curies":[{"name":"wp","href":"https:\/\/api.w.org\/{rel}","templated":true}]}}