{"id":35445,"date":"2024-12-09T14:08:09","date_gmt":"2024-12-09T13:08:09","guid":{"rendered":"http:\/\/207.244.241.76\/?page_id=35445"},"modified":"2024-12-09T14:09:36","modified_gmt":"2024-12-09T13:09:36","slug":"history","status":"publish","type":"page","link":"http:\/\/207.244.241.76\/index.php\/en\/history\/","title":{"rendered":"History"},"content":{"rendered":"\t\t<div data-elementor-type=\"wp-page\" data-elementor-id=\"35445\" class=\"elementor elementor-35445\">\n\t\t\t\t\r\n\t\t<div class=\"default no-position show_shadow rs-sticky-default elementor-element elementor-element-e12bb1a e-flex e-con-boxed e-con e-parent\" data-id=\"e12bb1a\" data-element_type=\"container\" data-settings=\"{&quot;background_background&quot;:&quot;classic&quot;}\">\n\t\t\t\t\t<div class=\"e-con-inner\">\n\t\t\r\n\t\t<div class=\"default no-position show_shadow rs-sticky-default elementor-element elementor-element-b2f5b59 e-flex e-con-boxed e-con e-child\" data-id=\"b2f5b59\" data-element_type=\"container\">\n\t\t\t\t\t<div class=\"e-con-inner\">\n\t\t\r\n\t\t<div class=\"default no-position show_shadow rs-sticky-default elementor-element elementor-element-cd3a996 e-con-full e-flex e-con e-child\" data-id=\"cd3a996\" data-element_type=\"container\">\n\t\t\r\n\t\t\t\t<div class=\"elementor-element elementor-element-5388365 elementor-absolute elementor-widget elementor-widget-rs-image\" data-id=\"5388365\" data-element_type=\"widget\" data-settings=\"{&quot;_position&quot;:&quot;absolute&quot;}\" data-widget_type=\"rs-image.default\">\n\t\t\t\t<div class=\"elementor-widget-container\">\n\t\t\t\n        <div class=\"rs-image  ruler_image_ ruler_position_  \">\n                                                                                <div class=\"prallax-parent\">\n                            <img data-recalc-dims=\"1\" decoding=\"async\" data-depth=\"0.7\" class=\"rs-multi-image  reverse- blend_unset\" src=\"https:\/\/i0.wp.com\/industrie.rstheme.com\/oil\/wp-content\/uploads\/2024\/03\/dott-dott.png?w=640&#038;ssl=1\" alt=\"image\"\/>\n                        <\/div>\n\n                                    <\/div>   \n                    <script> \n                jQuery(document).ready(function(){\n                    jQuery(\".prallax-parent\").each(function() {\n                        var prallaxParent = jQuery(this).get(0);\n                        var parallaxInstance = new Parallax(prallaxParent);\n                    });\n                });\n            <\/script>\n          \n    \t\t<\/div>\n\t\t\t\t<\/div>\n\t\t\r\n\t\t\t\t<div class=\"elementor-element elementor-element-2ba51b6 elementor-widget-tablet__width-initial elementor-widget elementor-widget-rs-image\" data-id=\"2ba51b6\" data-element_type=\"widget\" data-widget_type=\"rs-image.default\">\n\t\t\t\t<div class=\"elementor-widget-container\">\n\t\t\t\n        <div class=\"rs-image no ruler_image_no ruler_position_  \">\n                                                            <img data-recalc-dims=\"1\" decoding=\"async\" class=\"rs-multi-image  reverse- blend_unset\" src=\"https:\/\/i0.wp.com\/207.244.241.76\/wp-content\/uploads\/2024\/11\/Immeuble-Siege1.jpg?w=640\" alt=\"image\"\/>\n                                                                        <\/div>   \n          \n    \t\t<\/div>\n\t\t\t\t<\/div>\n\t\t\r\n\t\t<div class=\"default no-position show_shadow rs-sticky-default elementor-element elementor-element-b557a79 e-con-full e-flex e-con e-child\" data-id=\"b557a79\" data-element_type=\"container\" data-settings=\"{&quot;background_background&quot;:&quot;classic&quot;,&quot;position&quot;:&quot;absolute&quot;}\">\n\t\t\r\n\t\t<div class=\"default no-position show_shadow rs-sticky-default elementor-element elementor-element-7b5623c e-flex e-con-boxed e-con e-child\" data-id=\"7b5623c\" data-element_type=\"container\">\n\t\t\t\t\t<div class=\"e-con-inner\">\n\t\t\r\n\t\t\t\t<div class=\"elementor-element elementor-element-cba0520 elementor-widget__width-initial elementor-widget-tablet__width-initial elementor-view-default elementor-widget elementor-widget-icon\" data-id=\"cba0520\" data-element_type=\"widget\" data-widget_type=\"icon.default\">\n\t\t\t\t<div class=\"elementor-widget-container\">\n\t\t\t\t\t<div class=\"elementor-icon-wrapper\">\n\t\t\t<div class=\"elementor-icon\">\n\t\t\t<svg xmlns=\"http:\/\/www.w3.org\/2000\/svg\" width=\"55\" height=\"55\" viewBox=\"0 0 55 55\" fill=\"none\"><circle opacity=\"0.1\" cx=\"27.5\" cy=\"27.5\" r=\"27.5\" fill=\"#1F1F1F\"><\/circle><path d=\"M43.543 41.25C43.543 41.25 45.8346 41.25 45.8346 38.9583C45.8346 36.6667 43.543 29.7917 34.3763 29.7917C25.2096 29.7917 22.918 36.6667 22.918 38.9583C22.918 41.25 25.2096 41.25 25.2096 41.25H43.543ZM25.2608 38.9583C25.2529 38.9574 25.2418 38.956 25.2283 38.9537C25.222 38.9527 25.2157 38.9515 25.2097 38.9504C25.213 38.3453 25.592 36.5908 26.9496 35.007C28.2194 33.5256 30.4408 32.0833 34.3763 32.0833C38.3118 32.0833 40.5332 33.5256 41.803 35.007C43.1606 36.5908 43.5396 38.3453 43.5429 38.9504C43.5369 38.9515 43.5306 38.9527 43.5243 38.9537C43.5108 38.956 43.4997 38.9574 43.4918 38.9583H25.2608Z\" fill=\"white\"><\/path><path d=\"M34.3763 25.2083C36.9076 25.2083 38.9596 23.1563 38.9596 20.625C38.9596 18.0937 36.9076 16.0417 34.3763 16.0417C31.845 16.0417 29.793 18.0937 29.793 20.625C29.793 23.1563 31.845 25.2083 34.3763 25.2083ZM41.2513 20.625C41.2513 24.422 38.1733 27.5 34.3763 27.5C30.5793 27.5 27.5013 24.422 27.5013 20.625C27.5013 16.828 30.5793 13.75 34.3763 13.75C38.1733 13.75 41.2513 16.828 41.2513 20.625Z\" fill=\"white\"><\/path><path d=\"M25.0628 30.4333C24.2199 30.1637 23.2836 29.9677 22.2449 29.8674C21.7308 29.8178 21.1916 29.7917 20.6263 29.7917C11.4596 29.7917 9.16797 36.6667 9.16797 38.9583C9.16797 40.4861 9.93186 41.25 11.4596 41.25H21.1221C20.7995 40.599 20.6263 39.8272 20.6263 38.9583C20.6263 36.6431 21.4908 34.2788 23.1238 32.3038C23.6817 31.629 24.3293 30.9997 25.0628 30.4333ZM20.4431 32.0844C19.0738 34.177 18.3346 36.5628 18.3346 38.9583H11.4596C11.4596 38.3608 11.836 36.5979 13.1996 35.007C14.4495 33.5488 16.6216 32.1284 20.4431 32.0844Z\" fill=\"white\"><\/path><path d=\"M12.6055 21.7708C12.6055 17.9739 15.6835 14.8958 19.4805 14.8958C23.2774 14.8958 26.3555 17.9739 26.3555 21.7708C26.3555 25.5678 23.2774 28.6458 19.4805 28.6458C15.6835 28.6458 12.6055 25.5678 12.6055 21.7708ZM19.4805 17.1875C16.9492 17.1875 14.8971 19.2395 14.8971 21.7708C14.8971 24.3021 16.9492 26.3542 19.4805 26.3542C22.0118 26.3542 24.0638 24.3021 24.0638 21.7708C24.0638 19.2395 22.0118 17.1875 19.4805 17.1875Z\" fill=\"white\"><\/path><\/svg>\t\t\t<\/div>\n\t\t<\/div>\n\t\t\t\t<\/div>\n\t\t\t\t<\/div>\n\t\t\t\t\t<\/div>\n\t\t\t\t<\/div>\n\t\t\r\n\t\t<div class=\"default no-position show_shadow rs-sticky-default elementor-element elementor-element-0bf9bc4 e-con-full e-flex e-con e-child\" data-id=\"0bf9bc4\" data-element_type=\"container\">\n\t\t\r\n\t\t\t\t<div class=\"elementor-element elementor-element-db37c0a elementor-widget__width-initial elementor-widget-tablet__width-initial elementor-widget elementor-widget-rs-counter\" data-id=\"db37c0a\" data-element_type=\"widget\" data-widget_type=\"rs-counter.default\">\n\t\t\t\t<div class=\"elementor-widget-container\">\n\t\t\t\t\t\t\t\t<div class=\"counter-top-area\">\r\n\t\t\t\t<div class=\"rs-counter-list\">\r\n\t\t\t\t\t\t\t\t\t\t<div class=\"count-text\">\r\n\t\t\t\t\t\t<div class=\"count-number\">\r\n\t\t\t\t\t\t\t\t\t\t\t\t\t\t\t<span class=\"rs-counter odometer\" data-count=\"300\">000<\/span>\r\n\t\t\t\t\t\t\t\t\t\t\t\t\t\t\t<span class=\"prefix\">\r\n\t\t\t\t\t\t\t\t\t+\t\t\t\t\t\t\t\t<\/span>\r\n\t\t\t\t\t\t\t\t\t\t\t\t\t<\/div>\r\n\t\t\t\t\t\t\t\t\t\t\t<\/div>\r\n\t\t\t\t<\/div>\r\n\t\t\t<\/div>\r\n\t\t\t\t<\/div>\n\t\t\t\t<\/div>\n\t\t\t\t<\/div>\n\t\t\r\n\t\t\t\t<div class=\"elementor-element elementor-element-9474134 elementor-widget elementor-widget-rs-heading\" data-id=\"9474134\" data-element_type=\"widget\" data-widget_type=\"rs-heading.default\">\n\t\t\t\t<div class=\"elementor-widget-container\">\n\t\t\t\n\t\t<div class=\"prelements-heading default  \">\n\t\t\t<div class=\"title-inner\">\n\t\t\t\t<div class=\"title rs-split-text-disable \"><p>Employ\u00e9s, tous Camerounais <\/p> <\/div>\n\t\t\t<\/div>\n\t\t\t\t\t<\/div>\n\t\t<\/div>\n\t\t\t\t<\/div>\n\t\t\t\t<\/div>\n\t\t\t\t<\/div>\n\t\t\r\n\t\t<div class=\"default no-position show_shadow rs-sticky-default elementor-element elementor-element-92e97ff e-con-full e-flex e-con e-child\" data-id=\"92e97ff\" data-element_type=\"container\">\n\t\t\r\n\t\t\t\t<div class=\"elementor-element elementor-element-0297340 elementor-widget elementor-widget-rs-heading\" data-id=\"0297340\" data-element_type=\"widget\" data-widget_type=\"rs-heading.default\">\n\t\t\t\t<div class=\"elementor-widget-container\">\n\t\t\t\n\t\t<div class=\"prelements-heading default  \">\n\t\t\t<div class=\"title-inner\">\n\t\t\t\t<h3 class=\"title rs-split-text-enable split-in-fade\">La <span>SNH<\/span>, un catalyseur de d\u00e9veloppement pour le Cameroun.<\/h3>\n\t\t\t<\/div>\n\t\t\t\t\t\t\t<div class=\"description\">\n\t\t\t\t\t<p style=\"text-align: justify\">\u00a0 La Soci\u00e9t\u00e9 Nationale des Hydrocarbures (SNH) du Cameroun est une soci\u00e9t\u00e9 \u00e0 capital public ayant l\u2019Etat pour seul actionnaire. Cr\u00e9\u00e9e le 12 mars 1980 et dot\u00e9e de l\u2019autonomie financi\u00e8re, elle a son si\u00e8ge \u00e0 Yaound\u00e9.<\/p><p>\u00a0<\/p>\t\t\t\t<\/div>\n\t\t\t\t\t<\/div>\n\t\t<\/div>\n\t\t\t\t<\/div>\n\t\t\t\t<\/div>\n\t\t\t\t\t<\/div>\n\t\t\t\t<\/div>\n\t\t\t\t\t<\/div>\n\t\t\t\t<\/div>\n\t\t\r\n\t\t<div class=\"default no-position show_shadow rs-sticky-default elementor-element elementor-element-efbb643 e-flex e-con-boxed e-con e-parent\" data-id=\"efbb643\" data-element_type=\"container\" data-settings=\"{&quot;background_background&quot;:&quot;classic&quot;}\">\n\t\t\t\t\t<div class=\"e-con-inner\">\n\t\t\r\n\t\t<div class=\"default no-position show_shadow rs-sticky-default elementor-element elementor-element-baa4fe4 e-con-full e-flex e-con e-child\" data-id=\"baa4fe4\" data-element_type=\"container\" data-settings=\"{&quot;background_background&quot;:&quot;classic&quot;}\">\n\t\t\r\n\t\t<div class=\"default no-position show_shadow rs-sticky-default elementor-element elementor-element-271766e e-con-full e-flex e-con e-child\" data-id=\"271766e\" data-element_type=\"container\">\n\t\t\r\n\t\t\t\t<div class=\"elementor-element elementor-element-fb3beec elementor-widget__width-initial elementor-widget elementor-widget-rs-heading\" data-id=\"fb3beec\" data-element_type=\"widget\" data-widget_type=\"rs-heading.default\">\n\t\t\t\t<div class=\"elementor-widget-container\">\n\t\t\t\n\t\t<div class=\"prelements-heading style1  \">\n\t\t\t<div class=\"title-inner\">\n\t\t\t\t\t\t\t\t\t<span class=\"sub-text\">\n\t\t\t\t\t\t<svg aria-hidden=\"true\" class=\"e-font-icon-svg e-far-calendar-alt\" viewBox=\"0 0 448 512\" xmlns=\"http:\/\/www.w3.org\/2000\/svg\"><path d=\"M148 288h-40c-6.6 0-12-5.4-12-12v-40c0-6.6 5.4-12 12-12h40c6.6 0 12 5.4 12 12v40c0 6.6-5.4 12-12 12zm108-12v-40c0-6.6-5.4-12-12-12h-40c-6.6 0-12 5.4-12 12v40c0 6.6 5.4 12 12 12h40c6.6 0 12-5.4 12-12zm96 0v-40c0-6.6-5.4-12-12-12h-40c-6.6 0-12 5.4-12 12v40c0 6.6 5.4 12 12 12h40c6.6 0 12-5.4 12-12zm-96 96v-40c0-6.6-5.4-12-12-12h-40c-6.6 0-12 5.4-12 12v40c0 6.6 5.4 12 12 12h40c6.6 0 12-5.4 12-12zm-96 0v-40c0-6.6-5.4-12-12-12h-40c-6.6 0-12 5.4-12 12v40c0 6.6 5.4 12 12 12h40c6.6 0 12-5.4 12-12zm192 0v-40c0-6.6-5.4-12-12-12h-40c-6.6 0-12 5.4-12 12v40c0 6.6 5.4 12 12 12h40c6.6 0 12-5.4 12-12zm96-260v352c0 26.5-21.5 48-48 48H48c-26.5 0-48-21.5-48-48V112c0-26.5 21.5-48 48-48h48V12c0-6.6 5.4-12 12-12h40c6.6 0 12 5.4 12 12v52h128V12c0-6.6 5.4-12 12-12h40c6.6 0 12 5.4 12 12v52h48c26.5 0 48 21.5 48 48zm-48 346V160H48v298c0 3.3 2.7 6 6 6h340c3.3 0 6-2.7 6-6z\"><\/path><\/svg>\t\t\t\t\t\tHighlights\t\t\t\t\t<\/span>\n\t\t\t\t<h3 class=\"title rs-split-text-disable \">History of the SNH<\/h3>\n\t\t\t<\/div>\n\t\t\t\t\t<\/div>\n\t\t<\/div>\n\t\t\t\t<\/div>\n\t\t\t\t<\/div>\n\t\t\t\t<\/div>\n\t\t\t\t\t<\/div>\n\t\t\t\t<\/div>\n\t\t\r\n\t\t<div class=\"default no-position show_shadow rs-sticky-default elementor-element elementor-element-9c6c27c e-flex e-con-boxed e-con e-parent\" data-id=\"9c6c27c\" data-element_type=\"container\">\n\t\t\t\t\t<div class=\"e-con-inner\">\n\t\t\r\n\t\t\t\t<div class=\"elementor-element elementor-element-c071ab0 elementor-widget__width-initial elementor-widget elementor-widget-rs-tab-advanced\" data-id=\"c071ab0\" data-element_type=\"widget\" data-widget_type=\"rs-tab-advanced.default\">\n\t\t\t\t<div class=\"elementor-widget-container\">\n\t\t\t\n\n\n        <div class=\"rstab-main horizontal tab_c071ab0 auto_switch_ no_item_menu  style1\">\n            <nav class=\"tab-menu-wrapper\">\n                <div class=\"nav nav-tabs all-menu-after-border\" id=\"nav-tab-c071ab0\" role=\"tablist\">\n                                            <button class=\"nav-link active count_number_\" id=\"nav-home-1-872433\" data-bs-toggle=\"tab\" data-bs-target=\"#tab1-872433\" type=\"button\" role=\"tab\" aria-controls=\"nav-home-1-872433\" aria-selected=\"true\">\n                            \n                            En 1980                        <\/button>\n\n                                            <button class=\"nav-link  count_number_\" id=\"nav-home-2-872433\" data-bs-toggle=\"tab\" data-bs-target=\"#tab2-872433\" type=\"button\" role=\"tab\" aria-controls=\"nav-home-2-872433\" aria-selected=\"true\">\n                            \n                            En 2008                        <\/button>\n\n                                            <button class=\"nav-link  count_number_\" id=\"nav-home-3-872433\" data-bs-toggle=\"tab\" data-bs-target=\"#tab3-872433\" type=\"button\" role=\"tab\" aria-controls=\"nav-home-3-872433\" aria-selected=\"true\">\n                            \n                            En 2019                        <\/button>\n\n                                    <\/div>\n            <\/nav>\n            <div class=\"tab-content\" id=\"nav-tabContent-c071ab0\">\n                                    <div class=\"tab-pane fade show active\" id=\"tab1-872433\" role=\"tabpanel\" aria-labelledby=\"nav-home-1-872433\">\n\n\n                                                                            <div class=\"content--teb-area full-sec\">\n                                \n                                <div class=\"content--left-area\">\n\n                                    \n                                                                        <div class=\"desc_btn_wrapper\">\n                                                                                    <p align=\"justify\"><span style=\"font-family: Rockwell, serif;\">La Soci\u00e9t\u00e9 Nationale des Hydrocarbures (SNH) a \u00e9t\u00e9 cr\u00e9\u00e9e le 12 mars 1980 pour promouvoir les hydrocarbures au Cameroun et g\u00e9rer les int\u00e9r\u00eats de l&rsquo;\u00c9tat. Elle r\u00e9alise des \u00e9tudes, collecte des informations, surveille les contrats p\u00e9troliers, assure la formation du personnel et effectue des transactions commerciales et financi\u00e8res.<\/span><\/p>                                                                            <\/div>\n\n                                                                    <\/div>\n                            <\/div>\n                                            <\/div>\n\n                                    <div class=\"tab-pane fade \" id=\"tab2-872433\" role=\"tabpanel\" aria-labelledby=\"nav-home-2-872433\">\n\n\n                                                                            <div class=\"content--teb-area full-sec\">\n                                \n                                <div class=\"content--left-area\">\n\n                                    \n                                                                        <div class=\"desc_btn_wrapper\">\n                                                                                    <p align=\"justify\"><span style=\"font-family: Rockwell, serif;\">Le d\u00e9cret du 17 janvier 2008 a \u00e9tendu ses missions \u00e0 la n\u00e9gociation des contrats p\u00e9troliers et gaziers, au d\u00e9veloppement du gaz naturel et \u00e0 la promotion des infrastructures de transport et de traitement du gaz.<\/span><\/p>                                                                            <\/div>\n\n                                                                    <\/div>\n                            <\/div>\n                                            <\/div>\n\n                                    <div class=\"tab-pane fade \" id=\"tab3-872433\" role=\"tabpanel\" aria-labelledby=\"nav-home-3-872433\">\n\n\n                                                                            <div class=\"content--teb-area full-sec\">\n                                \n                                <div class=\"content--left-area\">\n\n                                    \n                                                                        <div class=\"desc_btn_wrapper\">\n                                                                                    <p align=\"justify\"><span style=\"font-family: Rockwell, serif;\">Le d\u00e9cret du 9 juillet 2019 permet \u00e0 la SNH d&rsquo;ouvrir des succursales, de commercialiser des donn\u00e9es, de n\u00e9gocier les prix du p\u00e9trole brut et de commercialiser les hydrocarbures de l&rsquo;\u00c9tat. La SNH est devenue une entreprise \u00e0 capital public selon la loi de 2017.<\/span><\/p><p align=\"justify\"><span style=\"font-family: Rockwell, serif;\">Depuis a cr\u00e9ation l&rsquo;entreprise a connue quatorze Pr\u00e9sidents du Conseil d&rsquo;Administration et 03 Directeurs g\u00e9n\u00e9raux dont l\u2019actuel est M. Adolphe Moudiki.<\/span><\/p>                                                                            <\/div>\n\n                                                                    <\/div>\n                            <\/div>\n                                            <\/div>\n\n                            <\/div>\n        <\/div>\n        \n        <div class=\"accordion tab-menu-wrapper accordion-menu-wrapper rs_horizontal\" id=\"accordionExample-c071ab0\">\n\n                            <div class=\"accordion-item nav-tabs\">\n                    \n                    <div class=\"accordion-headerd\" id=\"heading_1-872433\">\n                        <button class=\"nav-link accordion-button collapsed show\" type=\"button\" data-bs-toggle=\"collapse\" data-bs-target=\"#collapse_1-872433\" aria-expanded=\"true\" aria-controls=\"collapse_1-872433\">\n                                                        En 1980                        <\/button>\n                    <\/div>\n\n                    <div id=\"collapse_1-872433\" class=\"accordion-collapse collapse show\" aria-labelledby=\"heading_1-872433\" data-bs-parent=\"#accordionExample-c071ab0\">\n                        <div class=\"tab-pane\">\n\n\n                                                                                    <div class=\"content--teb-area full-sec\">\n                                \n                                <div class=\"content--left-area\">\n\n                                    \n                                                                        <div class=\"desc_btn_wrapper\">\n                                                                                    <p align=\"justify\"><span style=\"font-family: Rockwell, serif;\">La Soci\u00e9t\u00e9 Nationale des Hydrocarbures (SNH) a \u00e9t\u00e9 cr\u00e9\u00e9e le 12 mars 1980 pour promouvoir les hydrocarbures au Cameroun et g\u00e9rer les int\u00e9r\u00eats de l&rsquo;\u00c9tat. Elle r\u00e9alise des \u00e9tudes, collecte des informations, surveille les contrats p\u00e9troliers, assure la formation du personnel et effectue des transactions commerciales et financi\u00e8res.<\/span><\/p>                                                                            <\/div>\n                                                                    <\/div>\n                            <\/div>\n                                                    <\/div>\n                    <\/div>\n                <\/div>\n                            <div class=\"accordion-item nav-tabs\">\n                    \n                    <div class=\"accordion-headerd\" id=\"heading_2-872433\">\n                        <button class=\"nav-link accordion-button collapsed \" type=\"button\" data-bs-toggle=\"collapse\" data-bs-target=\"#collapse_2-872433\" aria-expanded=\"true\" aria-controls=\"collapse_2-872433\">\n                                                        En 2008                        <\/button>\n                    <\/div>\n\n                    <div id=\"collapse_2-872433\" class=\"accordion-collapse collapse \" aria-labelledby=\"heading_2-872433\" data-bs-parent=\"#accordionExample-c071ab0\">\n                        <div class=\"tab-pane\">\n\n\n                                                                                    <div class=\"content--teb-area full-sec\">\n                                \n                                <div class=\"content--left-area\">\n\n                                    \n                                                                        <div class=\"desc_btn_wrapper\">\n                                                                                    <p align=\"justify\"><span style=\"font-family: Rockwell, serif;\">Le d\u00e9cret du 17 janvier 2008 a \u00e9tendu ses missions \u00e0 la n\u00e9gociation des contrats p\u00e9troliers et gaziers, au d\u00e9veloppement du gaz naturel et \u00e0 la promotion des infrastructures de transport et de traitement du gaz.<\/span><\/p>                                                                            <\/div>\n                                                                    <\/div>\n                            <\/div>\n                                                    <\/div>\n                    <\/div>\n                <\/div>\n                            <div class=\"accordion-item nav-tabs\">\n                    \n                    <div class=\"accordion-headerd\" id=\"heading_3-872433\">\n                        <button class=\"nav-link accordion-button collapsed \" type=\"button\" data-bs-toggle=\"collapse\" data-bs-target=\"#collapse_3-872433\" aria-expanded=\"true\" aria-controls=\"collapse_3-872433\">\n                                                        En 2019                        <\/button>\n                    <\/div>\n\n                    <div id=\"collapse_3-872433\" class=\"accordion-collapse collapse \" aria-labelledby=\"heading_3-872433\" data-bs-parent=\"#accordionExample-c071ab0\">\n                        <div class=\"tab-pane\">\n\n\n                                                                                    <div class=\"content--teb-area full-sec\">\n                                \n                                <div class=\"content--left-area\">\n\n                                    \n                                                                        <div class=\"desc_btn_wrapper\">\n                                                                                    <p align=\"justify\"><span style=\"font-family: Rockwell, serif;\">Le d\u00e9cret du 9 juillet 2019 permet \u00e0 la SNH d&rsquo;ouvrir des succursales, de commercialiser des donn\u00e9es, de n\u00e9gocier les prix du p\u00e9trole brut et de commercialiser les hydrocarbures de l&rsquo;\u00c9tat. La SNH est devenue une entreprise \u00e0 capital public selon la loi de 2017.<\/span><\/p><p align=\"justify\"><span style=\"font-family: Rockwell, serif;\">Depuis a cr\u00e9ation l&rsquo;entreprise a connue quatorze Pr\u00e9sidents du Conseil d&rsquo;Administration et 03 Directeurs g\u00e9n\u00e9raux dont l\u2019actuel est M. Adolphe Moudiki.<\/span><\/p>                                                                            <\/div>\n                                                                    <\/div>\n                            <\/div>\n                                                    <\/div>\n                    <\/div>\n                <\/div>\n                    <\/div>\n\t\t<\/div>\n\t\t\t\t<\/div>\n\t\t\t\t\t<\/div>\n\t\t\t\t<\/div>\n\t\t\t\t<\/div>\n\t\t","protected":false},"excerpt":{"rendered":"<p>000 + Employ\u00e9s, tous Camerounais La SNH, un catalyseur de d\u00e9veloppement pour le Cameroun. \u00a0 La Soci\u00e9t\u00e9 Nationale des Hydrocarbures (SNH) du Cameroun est une soci\u00e9t\u00e9 \u00e0 capital public ayant l\u2019Etat pour seul actionnaire. Cr\u00e9\u00e9e le 12 mars 1980 et dot\u00e9e de l\u2019autonomie financi\u00e8re, elle a son si\u00e8ge \u00e0 Yaound\u00e9. \u00a0 Highlights History of the&#8230;<\/p>\n","protected":false},"author":1,"featured_media":0,"parent":0,"menu_order":0,"comment_status":"closed","ping_status":"closed","template":"elementor_header_footer","meta":{"om_disable_all_campaigns":false,"_monsterinsights_skip_tracking":false,"_monsterinsights_sitenote_active":false,"_monsterinsights_sitenote_note":"","_monsterinsights_sitenote_category":0,"footnotes":""},"class_list":["post-35445","page","type-page","status-publish","hentry"],"aioseo_notices":[],"jetpack_sharing_enabled":true,"_links":{"self":[{"href":"http:\/\/207.244.241.76\/index.php\/wp-json\/wp\/v2\/pages\/35445","targetHints":{"allow":["GET"]}}],"collection":[{"href":"http:\/\/207.244.241.76\/index.php\/wp-json\/wp\/v2\/pages"}],"about":[{"href":"http:\/\/207.244.241.76\/index.php\/wp-json\/wp\/v2\/types\/page"}],"author":[{"embeddable":true,"href":"http:\/\/207.244.241.76\/index.php\/wp-json\/wp\/v2\/users\/1"}],"replies":[{"embeddable":true,"href":"http:\/\/207.244.241.76\/index.php\/wp-json\/wp\/v2\/comments?post=35445"}],"version-history":[{"count":4,"href":"http:\/\/207.244.241.76\/index.php\/wp-json\/wp\/v2\/pages\/35445\/revisions"}],"predecessor-version":[{"id":35451,"href":"http:\/\/207.244.241.76\/index.php\/wp-json\/wp\/v2\/pages\/35445\/revisions\/35451"}],"wp:attachment":[{"href":"http:\/\/207.244.241.76\/index.php\/wp-json\/wp\/v2\/media?parent=35445"}],"curies":[{"name":"wp","href":"https:\/\/api.w.org\/{rel}","templated":true}]}}